

{"id":3,"date":"2023-08-01T23:58:36","date_gmt":"2023-08-01T23:58:36","guid":{"rendered":"https:\/\/blogs.1edo.com\/?page_id=3"},"modified":"2024-05-30T01:52:23","modified_gmt":"2024-05-30T01:52:23","slug":"chinh-sach-bao-mat","status":"publish","type":"page","link":"https:\/\/blogs.1edo.com\/vn\/chinh-sach-bao-mat\/","title":{"rendered":"Ch\u00ednh s\u00e1ch b\u1ea3o m\u1eadt"},"content":{"rendered":"<style type=\"text\/css\" data-created_by=\"avia_inline_auto\" id=\"style-css-av-av_section-52d6baff8bfb617c867925a6fbc1b98b\">\n.avia-section.av-av_section-52d6baff8bfb617c867925a6fbc1b98b{\nbackground-color:#fafafa;\nbackground-image:unset;\nmargin-top:0px;\nmargin-bottom:0px;\n}\n<\/style>\n<div id='av_section_1'  class='avia-section av-av_section-52d6baff8bfb617c867925a6fbc1b98b main_color avia-section-small avia-no-border-styling  avia-builder-el-0  el_before_av_section  avia-builder-el-first  avia-bg-style-scroll container_wrap sidebar_right'  ><div class='container av-section-cont-open' ><main  role=\"main\" itemprop=\"mainContentOfPage\"  class='template-page content  av-content-small alpha units'><div class='post-entry post-entry-type-page post-entry-3'><div class='entry-content-wrapper clearfix'>\n\n<style type=\"text\/css\" data-created_by=\"avia_inline_auto\" id=\"style-css-av-av_one_full-5c2940aec08386bc66704c18cd7c0942\">\n#top .flex_column.av-av_one_full-5c2940aec08386bc66704c18cd7c0942{\nmargin-top:0px;\nmargin-bottom:0px;\n}\n.flex_column.av-av_one_full-5c2940aec08386bc66704c18cd7c0942{\npadding:0% 0% 0% 0%;\n}\n.responsive #top #wrap_all .flex_column.av-av_one_full-5c2940aec08386bc66704c18cd7c0942{\nmargin-top:0px;\nmargin-bottom:0px;\n}\n<\/style>\n<div class='flex_column av-av_one_full-5c2940aec08386bc66704c18cd7c0942 av_one_full  avia-builder-el-1  avia-builder-el-no-sibling  first flex_column_div av-animated-generic left-to-right av-zero-column-padding'     ><style type=\"text\/css\" data-created_by=\"avia_inline_auto\" id=\"style-css-av-av_heading-7f303b903b2a7fa0eff1b81b8e8e9f4a\">\n#top .av-special-heading.av-av_heading-7f303b903b2a7fa0eff1b81b8e8e9f4a{\nmargin:0% 0% 0% 0%;\npadding-bottom:0;\ncolor:#5d5f5f;\nfont-size:24px;\n}\nbody .av-special-heading.av-av_heading-7f303b903b2a7fa0eff1b81b8e8e9f4a .av-special-heading-tag .heading-char{\nfont-size:25px;\n}\n#top #wrap_all .av-special-heading.av-av_heading-7f303b903b2a7fa0eff1b81b8e8e9f4a .av-special-heading-tag{\nfont-size:24px;\npadding:0% 0% 0% 0%;\n}\n.av-special-heading.av-av_heading-7f303b903b2a7fa0eff1b81b8e8e9f4a .special-heading-inner-border{\nborder-color:#5d5f5f;\n}\n.av-special-heading.av-av_heading-7f303b903b2a7fa0eff1b81b8e8e9f4a .av-subheading{\nfont-size:15px;\n}\n\n@media only screen and (max-width: 479px){ \n#top #wrap_all .av-special-heading.av-av_heading-7f303b903b2a7fa0eff1b81b8e8e9f4a .av-special-heading-tag{\nfont-size:20px;\n}\n}\n\n@media only screen and (min-width: 480px) and (max-width: 767px){ \n#top #wrap_all .av-special-heading.av-av_heading-7f303b903b2a7fa0eff1b81b8e8e9f4a .av-special-heading-tag{\nfont-size:0.8em;\n}\n}\n<\/style>\n<div  class='av-special-heading av-av_heading-7f303b903b2a7fa0eff1b81b8e8e9f4a av-special-heading-h1 custom-color-heading blockquote modern-quote  avia-builder-el-2  avia-builder-el-no-sibling  av-inherit-size'><h1 class='av-special-heading-tag'  itemprop=\"headline\"  >CH\u00cdNH S\u00c1CH B\u1ea2O M\u1eacT<\/h1><div class=\"special-heading-border\"><div class=\"special-heading-inner-border\"><\/div><\/div><\/div><\/div>\n\n<\/div><\/div><\/main><!-- close content main element --><\/div><\/div>\n<style type=\"text\/css\" data-created_by=\"avia_inline_auto\" id=\"style-css-av-av_section-e80c29b93aac01dba0f3b6b54b77d0cf\">\n.avia-section.av-av_section-e80c29b93aac01dba0f3b6b54b77d0cf{\nmargin-top:2%;\nmargin-bottom:2%;\n}\n<\/style>\n<div id='av_section_2'  class='avia-section av-av_section-e80c29b93aac01dba0f3b6b54b77d0cf main_color avia-section-default avia-no-border-styling  avia-builder-el-3  el_after_av_section  avia-builder-el-last  avia-bg-style-scroll container_wrap sidebar_right'  ><div class='container av-section-cont-open' ><div class='template-page content  av-content-small alpha units'><div class='post-entry post-entry-type-page post-entry-3'><div class='entry-content-wrapper clearfix'>\n\n<style type=\"text\/css\" data-created_by=\"avia_inline_auto\" id=\"style-css-av-av_one_full-1ba6b84490bca59551541b57ca4133f4\">\n#top .flex_column.av-av_one_full-1ba6b84490bca59551541b57ca4133f4{\nmargin-top:0%;\nmargin-bottom:0%;\n}\n.flex_column.av-av_one_full-1ba6b84490bca59551541b57ca4133f4{\npadding:0% 0% 0% 0%;\n}\n.responsive #top #wrap_all .flex_column.av-av_one_full-1ba6b84490bca59551541b57ca4133f4{\nmargin-top:0%;\nmargin-bottom:0%;\n}\n<\/style>\n<div class='flex_column av-av_one_full-1ba6b84490bca59551541b57ca4133f4 av_one_full  avia-builder-el-4  avia-builder-el-no-sibling  first flex_column_div av-animated-generic fade-in av-zero-column-padding'     ><p>\n<style type=\"text\/css\" data-created_by=\"avia_inline_auto\" id=\"style-css-av-av_heading-24fbc5292636c2a41432412266ef7bf8\">\n#top .av-special-heading.av-av_heading-24fbc5292636c2a41432412266ef7bf8{\nmargin:0% 0% 0% 0%;\npadding-bottom:0;\nfont-size:48px;\n}\nbody .av-special-heading.av-av_heading-24fbc5292636c2a41432412266ef7bf8 .av-special-heading-tag .heading-char{\nfont-size:25px;\n}\n#top #wrap_all .av-special-heading.av-av_heading-24fbc5292636c2a41432412266ef7bf8 .av-special-heading-tag{\nfont-size:48px;\npadding:0% 0% 1% 0%;\n}\n.av-special-heading.av-av_heading-24fbc5292636c2a41432412266ef7bf8 .av-subheading{\nfont-size:15px;\n}\n\n@media only screen and (max-width: 479px){ \n#top #wrap_all .av-special-heading.av-av_heading-24fbc5292636c2a41432412266ef7bf8 .av-special-heading-tag{\nfont-size:28px;\n}\n}\n\n@media only screen and (min-width: 480px) and (max-width: 767px){ \n#top #wrap_all .av-special-heading.av-av_heading-24fbc5292636c2a41432412266ef7bf8 .av-special-heading-tag{\nfont-size:0.8em;\n}\n}\n<\/style>\n<div  class='av-special-heading av-av_heading-24fbc5292636c2a41432412266ef7bf8 av-special-heading-h1 blockquote modern-quote  avia-builder-el-5  el_before_av_textblock  avia-builder-el-first  av-inherit-size'><h1 class='av-special-heading-tag'  itemprop=\"headline\"  >1edo TUY\u00caN B\u1ed0 QUY\u1ec0N RI\u00caNG T\u01af TRANG WEB<\/h1><div class=\"special-heading-border\"><div class=\"special-heading-inner-border\"><\/div><\/div><\/div><br \/>\n\n<style type=\"text\/css\" data-created_by=\"avia_inline_auto\" id=\"style-css-av-av_textblock-c45a5ea5b29b5b872b961519468d19fe\">\n#top .av_textblock_section.av-av_textblock-c45a5ea5b29b5b872b961519468d19fe .avia_textblock{\nfont-size:16px;\ntext-align:left;\n}\n\n@media only screen and (max-width: 479px){ \n#top .av_textblock_section.av-av_textblock-c45a5ea5b29b5b872b961519468d19fe .avia_textblock{\nfont-size:16px;\n}\n}\n<\/style>\n<section  class='av_textblock_section av-av_textblock-c45a5ea5b29b5b872b961519468d19fe'  itemscope=\"itemscope\" itemtype=\"https:\/\/schema.org\/CreativeWork\" ><div class='avia_textblock nocti_polly_vbnmdfgv'  itemprop=\"text\" ><p>C\u1eadp nh\u1eadt l\u1ea7n cu\u1ed1i: th\u00e1ng 7 n\u0103m 2023<br \/>\nTh\u00f4ng b\u00e1o v\u1ec1 quy\u1ec1n ri\u00eang t\u01b0 n\u00e0y gi\u1ea3i th\u00edch c\u00e1ch 1edo thu th\u1eadp v\u00e0 s\u1eed d\u1ee5ng d\u1eef li\u1ec7u c\u00e1 nh\u00e2n t\u1eeb kh\u00e1ch truy c\u1eadp v\u00e0o trang web v\u00e0 c\u00e1c trang web d\u00e0nh cho thi\u1ebft b\u1ecb di \u0111\u1ed9ng li\u00ean k\u1ebft tr\u1ef1c ti\u1ebfp \u0111\u1ebfn th\u00f4ng b\u00e1o n\u00e0y (g\u1ecdi chung l\u00e0 \u201cTrang web\u201d). D\u1eef li\u1ec7u c\u00e1 nh\u00e2n c\u1ee7a b\u1ea1n \u0111\u01b0\u1ee3c ki\u1ec3m so\u00e1t b\u1edfi<br \/>\n1edo Europe SA (g\u1ecdi chung l\u00e0 \u201c1edo\u201d, \u201cCh\u00fang t\u00f4i\u201d v\u00e0 \u201cCh\u00fang t\u00f4i\u201d).<\/p>\n<h1>D\u1eee LI\u1ec6U \u0110\u01af\u1ee2C CH\u1ee6 \u0110\u1ed8NG G\u1eecI<\/h1>\n<p>N\u1ebfu b\u1ea1n g\u1ecdi cho ch\u00fang t\u00f4i, g\u1eedi email cho ch\u00fang t\u00f4i ho\u1eb7c \u0111i\u1ec1n v\u00e0o bi\u1ec3u m\u1eabu tr\u00ean m\u1ed9t trong c\u00e1c Trang web c\u1ee7a ch\u00fang t\u00f4i, ch\u00fang t\u00f4i s\u1ebd s\u1eed d\u1ee5ng th\u00f4ng tin b\u1ea1n cung c\u1ea5p \u0111\u1ec3 ph\u1ea3n h\u1ed3i y\u00eau c\u1ea7u c\u1ee7a b\u1ea1n ho\u1eb7c \u0111\u1ec3 li\u00ean l\u1ea1c v\u1edbi b\u1ea1n ho\u1eb7c h\u1ed7 tr\u1ee3 b\u1ea1n. N\u1ebfu b\u1ea1n mua h\u00e0ng th\u00f4ng qua Trang web c\u1ee7a ch\u00fang t\u00f4i, ch\u00fang t\u00f4i c\u00f3 th\u1ec3 thu th\u1eadp d\u1eef li\u1ec7u c\u1ea7n thi\u1ebft \u0111\u1ec3 x\u1eed l\u00fd \u0111\u01a1n \u0111\u1eb7t h\u00e0ng c\u1ee7a b\u1ea1n, ch\u1eb3ng h\u1ea1n nh\u01b0 \u0111\u1ecba ch\u1ec9 giao h\u00e0ng, s\u1ea3n ph\u1ea9m \u0111\u00e3 \u0111\u1eb7t h\u00e0ng v\u00e0 th\u00f4ng tin li\u00ean h\u1ec7 c\u1ee7a b\u1ea1n.<\/p>\n<h1>D\u1eee LI\u1ec6U CUNG C\u1ea4P TH\u1ee4 \u0110\u1ed8NG<\/h1>\n<p>Khi b\u1ea1n truy c\u1eadp Trang web c\u1ee7a ch\u00fang t\u00f4i, t\u00f9y thu\u1ed9c v\u00e0o l\u1ef1a ch\u1ecdn tham gia c\u1ee7a b\u1ea1n, m\u1ed9t s\u1ed1 th\u00f4ng tin nh\u1ea5t \u0111\u1ecbnh v\u1ec1 m\u00e1y t\u00ednh ho\u1eb7c thi\u1ebft b\u1ecb di \u0111\u1ed9ng c\u1ee7a b\u1ea1n s\u1ebd \u0111\u01b0\u1ee3c chia s\u1ebb v\u1edbi ch\u00fang t\u00f4i, c\u00f3 th\u1ec3 bao g\u1ed3m c\u00e1c ho\u1ea1t \u0111\u1ed9ng b\u1ea1n th\u1ef1c hi\u1ec7n tr\u00ean Trang web c\u1ee7a ch\u00fang t\u00f4i, lo\u1ea1i ph\u1ea7n c\u1ee9ng v\u00e0 ph\u1ea7n m\u1ec1m b\u1ea1n \u0111ang s\u1eed d\u1ee5ng, (ch\u1eb3ng h\u1ea1n nh\u01b0 nh\u01b0 h\u1ec7 \u0111i\u1ec1u h\u00e0nh ho\u1eb7c tr\u00ecnh duy\u1ec7t c\u1ee7a b\u1ea1n), th\u00f4ng tin \u0111\u01b0\u1ee3c l\u01b0u tr\u1eef trong cookie, \u0111\u1ecba ch\u1ec9 IP, th\u1eddi gian truy c\u1eadp, c\u00e1c trang web m\u00e0 b\u1ea1n \u0111\u1ebfn, khu v\u1ef1c m\u00e0 b\u1ea1n \u0111i\u1ec1u h\u01b0\u1edbng trang web v\u00e0 c\u00e1c trang web b\u1ea1n truy c\u1eadp. Ch\u00fang t\u00f4i s\u1eed d\u1ee5ng th\u00f4ng tin n\u00e0y \u0111\u1ec3 hi\u1ec3u r\u00f5 h\u01a1n v\u1ec1 s\u1edf th\u00edch c\u1ee7a ng\u01b0\u1eddi d\u00f9ng Trang web c\u1ee7a ch\u00fang t\u00f4i, nh\u1eb1m c\u1ea3i thi\u1ec7n Trang web, d\u1ecbch v\u1ee5 v\u00e0 s\u1ea3n ph\u1ea9m c\u1ee7a ch\u00fang t\u00f4i.<\/p>\n<p>Hi\u1ec7n t\u1ea1i, ch\u00fang t\u00f4i kh\u00f4ng ph\u1ea3n h\u1ed3i t\u00edn hi\u1ec7u \u201cKh\u00f4ng theo d\u00f5i\u201d trong tr\u00ecnh duy\u1ec7t v\u00ec ch\u00fang t\u00f4i \u0111ang c\u1ed1 g\u1eafng cung c\u1ea5p tr\u1ea3i nghi\u1ec7m trang web t\u00f9y ch\u1ec9nh.<\/p>\n<h1>B\u00c1NH QUY<\/h1>\n<p>1edo s\u1eed d\u1ee5ng cookie v\u1ec1 c\u01a1 b\u1ea3n l\u00e0 c\u00e1c t\u1ec7p d\u1eef li\u1ec7u nh\u1ecf \u0111\u01b0\u1ee3c \u0111\u1eb7t tr\u00ean m\u00e1y t\u00ednh, m\u00e1y t\u00ednh b\u1ea3ng, \u0111i\u1ec7n tho\u1ea1i di \u0111\u1ed9ng ho\u1eb7c c\u00e1c thi\u1ebft b\u1ecb kh\u00e1c c\u1ee7a b\u1ea1n. Nh\u1ea5n v\u00e0o \u0111\u00e2y \u0111\u1ec3 t\u00ecm hi\u1ec3u th\u00eam v\u1ec1 cookie.<\/p>\n<h1>S\u1eec D\u1ee4NG V\u00c0 CHIA S\u1eba D\u1eee LI\u1ec6U<\/h1>\n<p>Ch\u00fang t\u00f4i s\u1eed d\u1ee5ng d\u1eef li\u1ec7u thu th\u1eadp \u0111\u01b0\u1ee3c \u0111\u1ec3 cung c\u1ea5p cho b\u1ea1n tr\u1ea3i nghi\u1ec7m t\u01b0\u01a1ng t\u00e1c phong ph\u00fa. \u0110\u1eb7c bi\u1ec7t, ch\u00fang t\u00f4i c\u00f3 th\u1ec3 s\u1eed d\u1ee5ng d\u1eef li\u1ec7u \u0111\u1ec3:<\/p>\n<ul>\n<li>cung c\u1ea5p d\u1ecbch v\u1ee5 ho\u1eb7c th\u1ef1c hi\u1ec7n c\u00e1c giao d\u1ecbch theo y\u00eau c\u1ea7u c\u1ee7a b\u1ea1n;<\/li>\n<li>c\u1ea3i thi\u1ec7n v\u00e0 ph\u00e1t tri\u1ec3n s\u1ea3n ph\u1ea9m c\u1ee7a ch\u00fang t\u00f4i;<\/li>\n<li>c\u00e1 nh\u00e2n h\u00f3a tr\u1ea3i nghi\u1ec7m c\u1ee7a b\u1ea1n;<\/li>\n<li>x\u1eed l\u00fd \u0111\u01a1n xin vi\u1ec7c b\u1ea1n g\u1eedi qua Trang web c\u1ee7a ch\u00fang t\u00f4i;<\/li>\n<li>qu\u1ea3ng c\u00e1o v\u00e0 ti\u1ebfp th\u1ecb cho b\u1ea1n theo c\u00e1c y\u00eau c\u1ea7u ph\u00e1p l\u00fd hi\u1ec7n h\u00e0nh, c\u00f3 th\u1ec3 bao g\u1ed3m vi\u1ec7c g\u1eedi th\u00f4ng tin khuy\u1ebfn m\u1ea1i, nh\u1eafm m\u1ee5c ti\u00eau<\/li>\n<li>qu\u1ea3ng c\u00e1o v\u00e0 gi\u1edbi thi\u1ec7u cho b\u1ea1n nh\u1eefng \u01b0u \u0111\u00e3i c\u00f3 li\u00ean quan.<\/li>\n<\/ul>\n<h1>NH\u1eeeNG \u0110\u1ee8A TR\u1eba<\/h1>\n<p>Ch\u00fang t\u00f4i kh\u00f4ng c\u1ed1 \u00fd thu th\u1eadp ho\u1eb7c l\u01b0u gi\u1eef th\u00f4ng tin v\u1ec1 nh\u1eefng ng\u01b0\u1eddi d\u01b0\u1edbi 13 tu\u1ed5i. N\u1ebfu ch\u00fang t\u00f4i bi\u1ebft r\u1eb1ng th\u00f4ng tin v\u1ec1 nh\u1eefng ng\u01b0\u1eddi d\u01b0\u1edbi 13 tu\u1ed5i \u0111\u00e3 \u0111\u01b0\u1ee3c thu th\u1eadp tr\u00ean ho\u1eb7c th\u00f4ng qua Trang web, ch\u00fang t\u00f4i s\u1ebd th\u1ef1c hi\u1ec7n c\u00e1c b\u01b0\u1edbc th\u00edch h\u1ee3p \u0111\u1ec3 x\u00f3a th\u00f4ng tin n\u00e0y. N\u1ebfu b\u1ea1n l\u00e0 cha m\u1eb9 ho\u1eb7c ng\u01b0\u1eddi gi\u00e1m h\u1ed9 h\u1ee3p ph\u00e1p c\u1ee7a tr\u1ebb d\u01b0\u1edbi 13 tu\u1ed5i \u0111\u00e3 \u0111\u0103ng k\u00fd t\u00e0i kho\u1ea3n ho\u1eb7c d\u1ecbch v\u1ee5 tr\u00ean Trang web c\u1ee7a ch\u00fang t\u00f4i, vui l\u00f2ng li\u00ean h\u1ec7 v\u1edbi ch\u00fang t\u00f4i b\u1eb1ng th\u00f4ng tin li\u00ean h\u1ec7 b\u00ean d\u01b0\u1edbi \u0111\u1ec3 ch\u1ea5m d\u1ee9t t\u00e0i kho\u1ea3n ho\u1eb7c d\u1ecbch v\u1ee5 c\u1ee7a tr\u1ebb \u0111\u00f3 v\u00e0 x\u00f3a th\u00f4ng tin c\u00e1 nh\u00e2n.<\/p>\n<h1>L\u01afU TR\u1eee D\u1eee LI\u1ec6U<\/h1>\n<p>Ch\u00fang t\u00f4i l\u01b0u gi\u1eef d\u1eef li\u1ec7u c\u00e1 nh\u00e2n trong kho\u1ea3ng th\u1eddi gian c\u1ea7n thi\u1ebft \u0111\u1ec3 cung c\u1ea5p ch\u1ee9c n\u0103ng v\u00e0 th\u1ef1c hi\u1ec7n c\u00e1c giao d\u1ecbch b\u1ea1n y\u00eau c\u1ea7u ho\u1eb7c cho c\u00e1c m\u1ee5c \u0111\u00edch h\u1ee3p ph\u00e1p kh\u00e1c nh\u01b0 tu\u00e2n th\u1ee7 ngh\u0129a v\u1ee5 ph\u00e1p l\u00fd c\u1ee7a ch\u00fang t\u00f4i, gi\u1ea3i quy\u1ebft tranh ch\u1ea5p v\u00e0 th\u1ef1c thi c\u00e1c th\u1ecfa thu\u1eadn c\u1ee7a ch\u00fang t\u00f4i. V\u00ec nh\u1eefng nhu c\u1ea7u n\u00e0y c\u00f3 th\u1ec3 kh\u00e1c nhau \u0111\u1ed1i v\u1edbi c\u00e1c lo\u1ea1i d\u1eef li\u1ec7u kh\u00e1c nhau, b\u1ed1i c\u1ea3nh t\u01b0\u01a1ng t\u00e1c c\u1ee7a ch\u00fang t\u00f4i v\u1edbi b\u1ea1n ho\u1eb7c vi\u1ec7c b\u1ea1n s\u1eed d\u1ee5ng Trang web c\u1ee7a ch\u00fang t\u00f4i n\u00ean th\u1eddi gian l\u01b0u gi\u1eef th\u1ef1c t\u1ebf c\u00f3 th\u1ec3 thay \u0111\u1ed5i \u0111\u00e1ng k\u1ec3.<\/p>\n<h1>B\u1ea2O M\u1eacT D\u1eee LI\u1ec6U<\/h1>\n<p>Ch\u00fang t\u00f4i s\u1eed d\u1ee5ng ch\u1ee9ng ch\u1ec9 TLS, m\u00e3 h\u00f3a, gi\u1edbi h\u1ea1n truy c\u1eadp d\u1eef li\u1ec7u, ph\u1ea7n m\u1ec1m ch\u1ed1ng vi-r\u00fat v\u00e0 t\u01b0\u1eddng l\u1eeda \u0111\u1ec3 gi\u1ea3m nguy c\u01a1 truy c\u1eadp tr\u00e1i ph\u00e9p v\u00e0o d\u1eef li\u1ec7u c\u00e1 nh\u00e2n. Kh\u00f4ng c\u00f3 vi\u1ec7c truy\u1ec1n d\u1eef li\u1ec7u qua Internet ho\u1eb7c b\u1ea5t k\u1ef3 m\u1ea1ng kh\u00f4ng d\u00e2y n\u00e0o l\u00e0 ho\u00e0n to\u00e0n an to\u00e0n. H\u00e3y l\u01b0u \u00fd \u0111\u1ebfn c\u00e1c r\u1ee7i ro b\u1ea3o m\u1eadt khi b\u1ea1n truy\u1ec1n d\u1eef li\u1ec7u c\u00e1 nh\u00e2n cho ch\u00fang t\u00f4i v\u00e0 khi b\u1ea1n \u0111\u0103ng th\u00f4ng tin tr\u00ean c\u00e1c di\u1ec5n \u0111\u00e0n c\u00f4ng khai c\u1ee7a ch\u00fang t\u00f4i.<br \/>\nN\u1ebfu b\u1ea1n mu\u1ed1n b\u00e1o c\u00e1o b\u1ea5t k\u1ef3 v\u1ea5n \u0111\u1ec1 b\u1ea3o m\u1eadt n\u00e0o trong b\u1ea5t k\u1ef3 s\u1ea3n ph\u1ea9m n\u00e0o c\u1ee7a ch\u00fang t\u00f4i, vui l\u00f2ng \u0111i\u1ec1n v\u00e0o bi\u1ec3u m\u1eabu v\u00e0 c\u00e1c t\u1ec7p \u0111\u00ednh k\u00e8m \u0111\u01b0\u1ee3c y\u00eau c\u1ea7u r\u1ed3i g\u1eedi \u0111\u1ebfn 1edo Security.<\/p>\n<h1>KI\u1ec2M SO\u00c1T V\u00c0 TRUY C\u1eacP TH\u00d4NG TIN C\u1ee6A B\u1ea0N<\/h1>\n<p>B\u1ea1n c\u00f3 th\u1ec3 y\u00eau c\u1ea7u ch\u00fang t\u00f4i c\u1eadp nh\u1eadt ho\u1eb7c x\u00f3a\/h\u1ee7y k\u00edch ho\u1ea1t m\u1ed9t s\u1ed1 th\u00f4ng tin nh\u1ea5t \u0111\u1ecbnh li\u00ean quan \u0111\u1ebfn b\u1ea1n.<\/p>\n<p>N\u1ebfu ch\u00fang t\u00f4i kh\u00f4ng th\u1ec3 x\u00f3a m\u1ed9t s\u1ed1 th\u00f4ng tin c\u00e1 nh\u00e2n, ch\u00fang t\u00f4i s\u1ebd cho b\u1ea1n bi\u1ebft l\u00fd do. N\u1ebfu b\u1ea1n \u0111\u00e3 \u0111\u0103ng k\u00fd nh\u1eadn email ti\u1ebfp th\u1ecb, b\u1ea1n c\u00f3 th\u1ec3 ng\u1eebng g\u1eedi b\u1eb1ng c\u00e1ch l\u00e0m theo h\u01b0\u1edbng d\u1eabn h\u1ee7y \u0111\u0103ng k\u00fd c\u00f3 trong email nh\u1eadn \u0111\u01b0\u1ee3c ho\u1eb7c t\u1ea1i trang qu\u1ea3n l\u00fd \u0111\u0103ng k\u00fd tr\u00ean Trang web c\u1ee7a ch\u00fang t\u00f4i: https:\/\/blogs.1edo.com\/subscribe.<\/p>\n<p>B\u1ea1n c\u0169ng c\u00f3 quy\u1ec1n y\u00eau c\u1ea7u c\u00e1ch x\u1eed l\u00fd d\u1eef li\u1ec7u c\u1ee7a b\u1ea1n v\u00e0 ch\u00fang t\u00f4i chia s\u1ebb d\u1eef li\u1ec7u \u0111\u00f3 v\u1edbi ai.<\/p>\n<p>Ngo\u00e0i ra, n\u1ebfu b\u1ea1n cho r\u1eb1ng m\u1ed9t s\u1ed1 th\u00f4ng tin nh\u1ea5t \u0111\u1ecbnh m\u00e0 1edo x\u1eed l\u00fd v\u1ec1 b\u1ea1n l\u00e0 kh\u00f4ng ch\u00ednh x\u00e1c, b\u1ea1n c\u00f3 quy\u1ec1n y\u00eau c\u1ea7u s\u1eeda th\u00f4ng tin n\u00e0y.<\/p>\n<p>Ch\u00fang t\u00f4i s\u1ebd c\u1ed1 g\u1eafng \u0111\u00e1p \u1ee9ng y\u00eau c\u1ea7u xem x\u00e9t th\u00f4ng tin ch\u00fang t\u00f4i c\u00f3 trong h\u1ed3 s\u01a1 c\u1ee7a b\u1ea1n trong v\u00f2ng 30 ng\u00e0y k\u1ec3 t\u1eeb khi nh\u1eadn \u0111\u01b0\u1ee3c y\u00eau c\u1ea7u \u0111\u00f3.<\/p>\n<p>N\u1ebfu b\u1ea1n c\u00f3 c\u00e2u h\u1ecfi, nh\u1eadn x\u00e9t ho\u1eb7c mu\u1ed1n \u0111\u01b0a ra y\u00eau c\u1ea7u li\u00ean quan \u0111\u1ebfn d\u1eef li\u1ec7u c\u1ee7a b\u1ea1n ho\u1eb7c Tuy\u00ean b\u1ed1, Tuy\u00ean b\u1ed1 tr\u01b0\u1edbc \u0111\u00e2y v\u00e0 c\u00e1ch x\u1eed l\u00fd d\u1eef li\u1ec7u c\u1ee7a ch\u00fang t\u00f4i, vui l\u00f2ng li\u00ean h\u1ec7 v\u1edbi ch\u00fang t\u00f4i t\u1ea1i support.1edo.com\/response-center ho\u1eb7c th\u00f4ng qua c\u00e1c ph\u01b0\u01a1ng ph\u00e1p sau:<\/p>\n<p>\u0110i\u1ec7n tho\u1ea1i: +86-755-61811368<br \/>\nLi\u00ean h\u1ec7: support.1edo.com\/response-center<br \/>\nB\u01b0u \u0111i\u1ec7n: 5F, T\u00f2a nh\u00e0 B20, Khu c\u00f4ng nghi\u1ec7p Hengfeng, Xixiangtown, Qu\u1eadn B\u1ea3o An, Th\u00e2m Quy\u1ebfn, Trung Qu\u1ed1c<\/p>\n<p>N\u1ebfu kh\u00f4ng h\u00e0i l\u00f2ng v\u1edbi ph\u1ea3n h\u1ed3i c\u1ee7a ch\u00fang t\u00f4i, b\u1ea1n c\u00f3 th\u1ec3 chuy\u1ec3n khi\u1ebfu n\u1ea1i ho\u1eb7c tranh ch\u1ea5p v\u1ec1 quy\u1ec1n ri\u00eang t\u01b0 c\u1ee7a m\u00ecnh t\u1edbi c\u01a1 quan b\u1ea3o v\u1ec7 d\u1eef li\u1ec7u qu\u1ed1c gia ho\u1eb7c ti\u1ec3u bang c\u00f3 li\u00ean quan trong khu v\u1ef1c t\u00e0i ph\u00e1n c\u1ee7a b\u1ea1n.<\/p>\n<h1>THAY \u0110\u1ed4I TUY\u00caN B\u1ed0 N\u00c0Y<\/h1>\n<p>Th\u1ec9nh tho\u1ea3ng ch\u00fang t\u00f4i s\u1ebd c\u1eadp nh\u1eadt Tuy\u00ean b\u1ed1 n\u00e0y. N\u1ebfu c\u00f3 nh\u1eefng thay \u0111\u1ed5i quan tr\u1ecdng \u0111\u1ed1i v\u1edbi Tuy\u00ean b\u1ed1 n\u00e0y ho\u1eb7c v\u1ec1 c\u00e1ch ch\u00fang t\u00f4i s\u1eed d\u1ee5ng th\u00f4ng tin c\u00e1 nh\u00e2n c\u1ee7a b\u1ea1n, ch\u00fang t\u00f4i s\u1ebd \u0111\u0103ng nh\u1eefng thay \u0111\u1ed5i \u0111\u00f3 m\u1ed9t c\u00e1ch r\u00f5 r\u00e0ng tr\u01b0\u1edbc khi th\u1ef1c hi\u1ec7n.<\/p>\n<p>Ch\u00fang t\u00f4i s\u1ebd kh\u00f4ng th\u1ef1c hi\u1ec7n b\u1ea5t k\u1ef3 thay \u0111\u1ed5i n\u00e0o \u00edt b\u1ea3o v\u1ec7 th\u00f4ng tin c\u00e1 nh\u00e2n c\u1ee7a b\u1ea1n \u0111\u01b0\u1ee3c thu th\u1eadp tr\u01b0\u1edbc \u0111\u00e2y m\u00e0 kh\u00f4ng c\u00f3 s\u1ef1 \u0111\u1ed3ng \u00fd c\u1ee7a b\u1ea1n.<\/p>\n<p>Ch\u00fang t\u00f4i khuy\u1ebfn kh\u00edch b\u1ea1n \u0111\u1ecbnh k\u1ef3 xem l\u1ea1i Tuy\u00ean b\u1ed1 n\u00e0y \u0111\u1ec3 \u0111\u01b0\u1ee3c bi\u1ebft c\u00e1ch ch\u00fang t\u00f4i \u0111ang b\u1ea3o v\u1ec7 th\u00f4ng tin c\u1ee7a b\u1ea1n.<\/p>\n<p>C\u1ea3m \u01a1n b\u1ea1n \u0111\u00e3 quan t\u00e2m \u0111\u1ebfn 1edo c\u0169ng nh\u01b0 c\u00e1c s\u1ea3n ph\u1ea9m v\u00e0 d\u1ecbch v\u1ee5 c\u1ee7a ch\u00fang t\u00f4i.<\/p>\n<\/div><\/section><\/p><\/div>\n<\/div><\/div><\/div><!-- close content main div --><\/div><\/div><div id='after_section_2'  class='main_color av_default_container_wrap container_wrap sidebar_right'  ><div class='container av-section-cont-open' ><div class='template-page content  av-content-small alpha units'><div class='post-entry post-entry-type-page post-entry-3'><div class='entry-content-wrapper clearfix'>","protected":false},"excerpt":{"rendered":"","protected":false},"author":1,"featured_media":0,"parent":0,"menu_order":0,"comment_status":"closed","ping_status":"open","template":"","meta":{"footnotes":""},"class_list":["post-3","page","type-page","status-publish","hentry"],"yoast_head":"<!-- This site is optimized with the Yoast SEO Premium plugin v26.5 (Yoast SEO v26.7) - https:\/\/yoast.com\/wordpress\/plugins\/seo\/ -->\n<title>Privacy Policy - 1edo blogs<\/title>\n<meta name=\"description\" content=\"1edo blogs Privacy Policy, At 1edo, we prioritize your privacy. Learn more about our product privacy policy and how we protect Your personal information. Please visit us now to read our policy.\" \/>\n<meta name=\"robots\" content=\"index, follow, max-snippet:-1, max-image-preview:large, max-video-preview:-1\" \/>\n<link rel=\"canonical\" href=\"https:\/\/blogscdn.1edo.com\/privacy-policy\/\" \/>\n<meta property=\"og:locale\" content=\"vi_VN\" \/>\n<meta property=\"og:type\" content=\"article\" \/>\n<meta property=\"og:title\" content=\"Privacy Policy\" \/>\n<meta property=\"og:description\" content=\"1edo blogs Privacy Policy, At 1edo, we prioritize your privacy. Learn more about our product privacy policy and how we protect Your personal information. Please visit us now to read our policy.\" \/>\n<meta property=\"og:url\" content=\"https:\/\/blogscdn.1edo.com\/privacy-policy\/\" \/>\n<meta property=\"og:site_name\" content=\"1edo blogs\" \/>\n<meta property=\"article:modified_time\" content=\"2024-05-30T01:52:23+00:00\" \/>\n<meta name=\"twitter:card\" content=\"summary_large_image\" \/>\n<meta name=\"twitter:label1\" content=\"\u01af\u1edbc t\u00ednh th\u1eddi gian \u0111\u1ecdc\" \/>\n\t<meta name=\"twitter:data1\" content=\"8 ph\u00fat\" \/>\n<script type=\"application\/ld+json\" class=\"yoast-schema-graph\">{\"@context\":\"https:\/\/schema.org\",\"@graph\":[{\"@type\":\"WebPage\",\"@id\":\"https:\/\/blogscdn.1edo.com\/privacy-policy\/\",\"url\":\"https:\/\/blogscdn.1edo.com\/privacy-policy\/\",\"name\":\"Privacy Policy - 1edo blogs\",\"isPartOf\":{\"@id\":\"https:\/\/blogscdn.1edo.com\/#website\"},\"datePublished\":\"2023-08-01T23:58:36+00:00\",\"dateModified\":\"2024-05-30T01:52:23+00:00\",\"description\":\"1edo blogs Privacy Policy, At 1edo, we prioritize your privacy. Learn more about our product privacy policy and how we protect Your personal information. Please visit us now to read our policy.\",\"breadcrumb\":{\"@id\":\"https:\/\/blogscdn.1edo.com\/privacy-policy\/#breadcrumb\"},\"inLanguage\":\"vi\",\"potentialAction\":[{\"@type\":\"ReadAction\",\"target\":[\"https:\/\/blogscdn.1edo.com\/privacy-policy\/\"]}]},{\"@type\":\"BreadcrumbList\",\"@id\":\"https:\/\/blogscdn.1edo.com\/privacy-policy\/#breadcrumb\",\"itemListElement\":[{\"@type\":\"ListItem\",\"position\":1,\"name\":\"Home\",\"item\":\"https:\/\/blogscdn.1edo.com\/\"},{\"@type\":\"ListItem\",\"position\":2,\"name\":\"Privacy Policy\"}]},{\"@type\":\"WebSite\",\"@id\":\"https:\/\/blogscdn.1edo.com\/#website\",\"url\":\"https:\/\/blogscdn.1edo.com\/\",\"name\":\"1edo blogs\",\"description\":\"1edo blogs\",\"potentialAction\":[{\"@type\":\"SearchAction\",\"target\":{\"@type\":\"EntryPoint\",\"urlTemplate\":\"https:\/\/blogscdn.1edo.com\/?s={search_term_string}\"},\"query-input\":{\"@type\":\"PropertyValueSpecification\",\"valueRequired\":true,\"valueName\":\"search_term_string\"}}],\"inLanguage\":\"vi\"}]}<\/script>\n<!-- \/ Yoast SEO Premium plugin. -->","yoast_head_json":{"title":"Ch\u00ednh s\u00e1ch b\u1ea3o m\u1eadt - blog 1edo","description":"1edo blogs Privacy Policy, At 1edo, we prioritize your privacy. Learn more about our product privacy policy and how we protect Your personal information. Please visit us now to read our policy.","robots":{"index":"index","follow":"follow","max-snippet":"max-snippet:-1","max-image-preview":"max-image-preview:large","max-video-preview":"max-video-preview:-1"},"canonical":"https:\/\/blogscdn.1edo.com\/privacy-policy\/","og_locale":"vi_VN","og_type":"article","og_title":"Privacy Policy","og_description":"1edo blogs Privacy Policy, At 1edo, we prioritize your privacy. Learn more about our product privacy policy and how we protect Your personal information. Please visit us now to read our policy.","og_url":"https:\/\/blogscdn.1edo.com\/privacy-policy\/","og_site_name":"1edo blogs","article_modified_time":"2024-05-30T01:52:23+00:00","twitter_card":"summary_large_image","twitter_misc":{"\u01af\u1edbc t\u00ednh th\u1eddi gian \u0111\u1ecdc":"8 ph\u00fat"},"schema":{"@context":"https:\/\/schema.org","@graph":[{"@type":"WebPage","@id":"https:\/\/blogscdn.1edo.com\/privacy-policy\/","url":"https:\/\/blogscdn.1edo.com\/privacy-policy\/","name":"Ch\u00ednh s\u00e1ch b\u1ea3o m\u1eadt - blog 1edo","isPartOf":{"@id":"https:\/\/blogscdn.1edo.com\/#website"},"datePublished":"2023-08-01T23:58:36+00:00","dateModified":"2024-05-30T01:52:23+00:00","description":"1edo blogs Privacy Policy, At 1edo, we prioritize your privacy. Learn more about our product privacy policy and how we protect Your personal information. Please visit us now to read our policy.","breadcrumb":{"@id":"https:\/\/blogscdn.1edo.com\/privacy-policy\/#breadcrumb"},"inLanguage":"vi","potentialAction":[{"@type":"ReadAction","target":["https:\/\/blogscdn.1edo.com\/privacy-policy\/"]}]},{"@type":"BreadcrumbList","@id":"https:\/\/blogscdn.1edo.com\/privacy-policy\/#breadcrumb","itemListElement":[{"@type":"ListItem","position":1,"name":"Home","item":"https:\/\/blogscdn.1edo.com\/"},{"@type":"ListItem","position":2,"name":"Privacy Policy"}]},{"@type":"WebSite","@id":"https:\/\/blogscdn.1edo.com\/#website","url":"https:\/\/blogscdn.1edo.com\/","name":"blog 1edo","description":"blog 1edo","potentialAction":[{"@type":"SearchAction","target":{"@type":"EntryPoint","urlTemplate":"https:\/\/blogscdn.1edo.com\/?s={search_term_string}"},"query-input":{"@type":"PropertyValueSpecification","valueRequired":true,"valueName":"search_term_string"}}],"inLanguage":"vi"}]}},"_links":{"self":[{"href":"https:\/\/blogs.1edo.com\/vn\/wp-json\/wp\/v2\/pages\/3","targetHints":{"allow":["GET"]}}],"collection":[{"href":"https:\/\/blogs.1edo.com\/vn\/wp-json\/wp\/v2\/pages"}],"about":[{"href":"https:\/\/blogs.1edo.com\/vn\/wp-json\/wp\/v2\/types\/page"}],"author":[{"embeddable":true,"href":"https:\/\/blogs.1edo.com\/vn\/wp-json\/wp\/v2\/users\/1"}],"replies":[{"embeddable":true,"href":"https:\/\/blogs.1edo.com\/vn\/wp-json\/wp\/v2\/comments?post=3"}],"version-history":[{"count":3,"href":"https:\/\/blogs.1edo.com\/vn\/wp-json\/wp\/v2\/pages\/3\/revisions"}],"predecessor-version":[{"id":6835,"href":"https:\/\/blogs.1edo.com\/vn\/wp-json\/wp\/v2\/pages\/3\/revisions\/6835"}],"wp:attachment":[{"href":"https:\/\/blogs.1edo.com\/vn\/wp-json\/wp\/v2\/media?parent=3"}],"curies":[{"name":"wp","href":"https:\/\/api.w.org\/{rel}","templated":true}]}}