

{"id":3,"date":"2023-08-01T23:58:36","date_gmt":"2023-08-01T23:58:36","guid":{"rendered":"https:\/\/blogs.1edo.com\/?page_id=3"},"modified":"2024-05-30T01:52:23","modified_gmt":"2024-05-30T01:52:23","slug":"gizlilik-politikasi","status":"publish","type":"page","link":"https:\/\/blogs.1edo.com\/tr\/gizlilik-politikasi\/","title":{"rendered":"Gizlilik Politikas\u0131"},"content":{"rendered":"<style type=\"text\/css\" data-created_by=\"avia_inline_auto\" id=\"style-css-av-av_section-52d6baff8bfb617c867925a6fbc1b98b\">\n.avia-section.av-av_section-52d6baff8bfb617c867925a6fbc1b98b{\nbackground-color:#fafafa;\nbackground-image:unset;\nmargin-top:0px;\nmargin-bottom:0px;\n}\n<\/style>\n<div id='av_section_1'  class='avia-section av-av_section-52d6baff8bfb617c867925a6fbc1b98b main_color avia-section-small avia-no-border-styling  avia-builder-el-0  el_before_av_section  avia-builder-el-first  avia-bg-style-scroll container_wrap sidebar_right'  ><div class='container av-section-cont-open' ><main  role=\"main\" itemprop=\"mainContentOfPage\"  class='template-page content  av-content-small alpha units'><div class='post-entry post-entry-type-page post-entry-3'><div class='entry-content-wrapper clearfix'>\n\n<style type=\"text\/css\" data-created_by=\"avia_inline_auto\" id=\"style-css-av-av_one_full-5c2940aec08386bc66704c18cd7c0942\">\n#top .flex_column.av-av_one_full-5c2940aec08386bc66704c18cd7c0942{\nmargin-top:0px;\nmargin-bottom:0px;\n}\n.flex_column.av-av_one_full-5c2940aec08386bc66704c18cd7c0942{\npadding:0% 0% 0% 0%;\n}\n.responsive #top #wrap_all .flex_column.av-av_one_full-5c2940aec08386bc66704c18cd7c0942{\nmargin-top:0px;\nmargin-bottom:0px;\n}\n<\/style>\n<div class='flex_column av-av_one_full-5c2940aec08386bc66704c18cd7c0942 av_one_full  avia-builder-el-1  avia-builder-el-no-sibling  first flex_column_div av-animated-generic left-to-right av-zero-column-padding'     ><style type=\"text\/css\" data-created_by=\"avia_inline_auto\" id=\"style-css-av-av_heading-7f303b903b2a7fa0eff1b81b8e8e9f4a\">\n#top .av-special-heading.av-av_heading-7f303b903b2a7fa0eff1b81b8e8e9f4a{\nmargin:0% 0% 0% 0%;\npadding-bottom:0;\ncolor:#5d5f5f;\nfont-size:24px;\n}\nbody .av-special-heading.av-av_heading-7f303b903b2a7fa0eff1b81b8e8e9f4a .av-special-heading-tag .heading-char{\nfont-size:25px;\n}\n#top #wrap_all .av-special-heading.av-av_heading-7f303b903b2a7fa0eff1b81b8e8e9f4a .av-special-heading-tag{\nfont-size:24px;\npadding:0% 0% 0% 0%;\n}\n.av-special-heading.av-av_heading-7f303b903b2a7fa0eff1b81b8e8e9f4a .special-heading-inner-border{\nborder-color:#5d5f5f;\n}\n.av-special-heading.av-av_heading-7f303b903b2a7fa0eff1b81b8e8e9f4a .av-subheading{\nfont-size:15px;\n}\n\n@media only screen and (max-width: 479px){ \n#top #wrap_all .av-special-heading.av-av_heading-7f303b903b2a7fa0eff1b81b8e8e9f4a .av-special-heading-tag{\nfont-size:20px;\n}\n}\n\n@media only screen and (min-width: 480px) and (max-width: 767px){ \n#top #wrap_all .av-special-heading.av-av_heading-7f303b903b2a7fa0eff1b81b8e8e9f4a .av-special-heading-tag{\nfont-size:0.8em;\n}\n}\n<\/style>\n<div  class='av-special-heading av-av_heading-7f303b903b2a7fa0eff1b81b8e8e9f4a av-special-heading-h1 custom-color-heading blockquote modern-quote  avia-builder-el-2  avia-builder-el-no-sibling  av-inherit-size'><h1 class='av-special-heading-tag'  itemprop=\"headline\"  >G\u0130ZL\u0130L\u0130K POL\u0130T\u0130KASI<\/h1><div class=\"special-heading-border\"><div class=\"special-heading-inner-border\"><\/div><\/div><\/div><\/div>\n\n<\/div><\/div><\/main><!-- close content main element --><\/div><\/div>\n<style type=\"text\/css\" data-created_by=\"avia_inline_auto\" id=\"style-css-av-av_section-e80c29b93aac01dba0f3b6b54b77d0cf\">\n.avia-section.av-av_section-e80c29b93aac01dba0f3b6b54b77d0cf{\nmargin-top:2%;\nmargin-bottom:2%;\n}\n<\/style>\n<div id='av_section_2'  class='avia-section av-av_section-e80c29b93aac01dba0f3b6b54b77d0cf main_color avia-section-default avia-no-border-styling  avia-builder-el-3  el_after_av_section  avia-builder-el-last  avia-bg-style-scroll container_wrap sidebar_right'  ><div class='container av-section-cont-open' ><div class='template-page content  av-content-small alpha units'><div class='post-entry post-entry-type-page post-entry-3'><div class='entry-content-wrapper clearfix'>\n\n<style type=\"text\/css\" data-created_by=\"avia_inline_auto\" id=\"style-css-av-av_one_full-1ba6b84490bca59551541b57ca4133f4\">\n#top .flex_column.av-av_one_full-1ba6b84490bca59551541b57ca4133f4{\nmargin-top:0%;\nmargin-bottom:0%;\n}\n.flex_column.av-av_one_full-1ba6b84490bca59551541b57ca4133f4{\npadding:0% 0% 0% 0%;\n}\n.responsive #top #wrap_all .flex_column.av-av_one_full-1ba6b84490bca59551541b57ca4133f4{\nmargin-top:0%;\nmargin-bottom:0%;\n}\n<\/style>\n<div class='flex_column av-av_one_full-1ba6b84490bca59551541b57ca4133f4 av_one_full  avia-builder-el-4  avia-builder-el-no-sibling  first flex_column_div av-animated-generic fade-in av-zero-column-padding'     ><p>\n<style type=\"text\/css\" data-created_by=\"avia_inline_auto\" id=\"style-css-av-av_heading-24fbc5292636c2a41432412266ef7bf8\">\n#top .av-special-heading.av-av_heading-24fbc5292636c2a41432412266ef7bf8{\nmargin:0% 0% 0% 0%;\npadding-bottom:0;\nfont-size:48px;\n}\nbody .av-special-heading.av-av_heading-24fbc5292636c2a41432412266ef7bf8 .av-special-heading-tag .heading-char{\nfont-size:25px;\n}\n#top #wrap_all .av-special-heading.av-av_heading-24fbc5292636c2a41432412266ef7bf8 .av-special-heading-tag{\nfont-size:48px;\npadding:0% 0% 1% 0%;\n}\n.av-special-heading.av-av_heading-24fbc5292636c2a41432412266ef7bf8 .av-subheading{\nfont-size:15px;\n}\n\n@media only screen and (max-width: 479px){ \n#top #wrap_all .av-special-heading.av-av_heading-24fbc5292636c2a41432412266ef7bf8 .av-special-heading-tag{\nfont-size:28px;\n}\n}\n\n@media only screen and (min-width: 480px) and (max-width: 767px){ \n#top #wrap_all .av-special-heading.av-av_heading-24fbc5292636c2a41432412266ef7bf8 .av-special-heading-tag{\nfont-size:0.8em;\n}\n}\n<\/style>\n<div  class='av-special-heading av-av_heading-24fbc5292636c2a41432412266ef7bf8 av-special-heading-h1 blockquote modern-quote  avia-builder-el-5  el_before_av_textblock  avia-builder-el-first  av-inherit-size'><h1 class='av-special-heading-tag'  itemprop=\"headline\"  >1edo WEB S\u0130TES\u0130 G\u0130ZL\u0130L\u0130K BEYANI<\/h1><div class=\"special-heading-border\"><div class=\"special-heading-inner-border\"><\/div><\/div><\/div><br \/>\n\n<style type=\"text\/css\" data-created_by=\"avia_inline_auto\" id=\"style-css-av-av_textblock-c45a5ea5b29b5b872b961519468d19fe\">\n#top .av_textblock_section.av-av_textblock-c45a5ea5b29b5b872b961519468d19fe .avia_textblock{\nfont-size:16px;\ntext-align:left;\n}\n\n@media only screen and (max-width: 479px){ \n#top .av_textblock_section.av-av_textblock-c45a5ea5b29b5b872b961519468d19fe .avia_textblock{\nfont-size:16px;\n}\n}\n<\/style>\n<section  class='av_textblock_section av-av_textblock-c45a5ea5b29b5b872b961519468d19fe'  itemscope=\"itemscope\" itemtype=\"https:\/\/schema.org\/CreativeWork\" ><div class='avia_textblock nocti_polly_vbnmdfgv'  itemprop=\"text\" ><p>Son g\u00fcncelleme: Temmuz 2023<br \/>\nBu gizlilik bildirimi, 1edo&#039;nun bu bildirime do\u011frudan ba\u011flant\u0131 veren web sitelerini ve mobil sitelerini (topluca &quot;Siteler&quot;) ziyaret edenlerden ki\u015fisel verileri nas\u0131l toplad\u0131\u011f\u0131n\u0131 ve kulland\u0131\u011f\u0131n\u0131 a\u00e7\u0131klamaktad\u0131r. Ki\u015fisel verileriniz a\u015fa\u011f\u0131dakiler taraf\u0131ndan kontrol edilmektedir:<br \/>\n1edo Europe SA (toplu olarak \u201c1edo\u201d, \u201cBiz\u201d ve \u201cBiz\u201d).<\/p>\n<h1>AKT\u0130F OLARAK G\u00d6NDER\u0130LEN VER\u0130LER<\/h1>\n<p>Bizi ararsan\u0131z, bize bir e-posta g\u00f6nderirseniz veya Sitelerimizden birinde bir form doldurursan\u0131z, sa\u011flad\u0131\u011f\u0131n\u0131z bilgileri iste\u011finize yan\u0131t vermek veya ba\u015fka bir \u015fekilde sizinle ileti\u015fim kurmak veya size yard\u0131mc\u0131 olmak i\u00e7in kullan\u0131r\u0131z. Sitelerimiz arac\u0131l\u0131\u011f\u0131yla al\u0131\u015fveri\u015f yaparsan\u0131z teslimat adresiniz, sipari\u015f etti\u011finiz \u00fcr\u00fcnler ve ileti\u015fim bilgileriniz gibi sipari\u015finizi i\u015fleme koymak i\u00e7in gerekli verileri toplayabiliriz.<\/p>\n<h1>PAS\u0130F OLARAK SA\u011eLANAN VER\u0130LER<\/h1>\n<p>Sitelerimize eri\u015fti\u011finizde, tercihlerinize ba\u011fl\u0131 olarak, Sitelerimizde ger\u00e7ekle\u015ftirdi\u011finiz etkinlikleri, kulland\u0131\u011f\u0131n\u0131z donan\u0131m ve yaz\u0131l\u0131m t\u00fcr\u00fcn\u00fc (\u00f6rne\u011fin, i\u015fletim sisteminiz veya taray\u0131c\u0131n\u0131z olarak), \u00e7erezlerde saklanan bilgiler, IP adresi, eri\u015fim s\u00fcreleri, geldi\u011finiz web sayfalar\u0131, web sayfas\u0131nda gezindi\u011finiz b\u00f6lgeler ve eri\u015fti\u011finiz web sayfalar\u0131. Bu bilgileri Sitelerimizin kullan\u0131c\u0131lar\u0131n\u0131n \u00e7\u0131karlar\u0131n\u0131 daha iyi anlamak, Sitelerimizi, hizmetlerimizi ve \u00fcr\u00fcnlerimizi geli\u015ftirmek i\u00e7in kullan\u0131r\u0131z.<\/p>\n<p>\u00d6zelle\u015ftirilmi\u015f bir web sitesi deneyimi sa\u011flamaya \u00e7al\u0131\u015ft\u0131\u011f\u0131m\u0131zdan \u015fu anda taray\u0131c\u0131lardaki &quot;Do Not Track&quot; sinyallerine yan\u0131t vermiyoruz.<\/p>\n<h1>KURAB\u0130YE<\/h1>\n<p>1edo, bilgisayar\u0131n\u0131za, tabletinize, cep telefonunuza veya di\u011fer cihazlar\u0131n\u0131za yerle\u015ftirilen, asl\u0131nda k\u00fc\u00e7\u00fck veri dosyalar\u0131 olan \u00e7erezleri kullan\u0131r. \u00c7erezler hakk\u0131nda daha fazla bilgi edinmek i\u00e7in buray\u0131 t\u0131klay\u0131n.<\/p>\n<h1>VER\u0130 KULLANIMI VE PAYLA\u015eIMI<\/h1>\n<p>Toplad\u0131\u011f\u0131m\u0131z verileri size zengin, etkile\u015fimli deneyimler sunmak i\u00e7in kullan\u0131yoruz. Verileri \u00f6zellikle a\u015fa\u011f\u0131daki ama\u00e7larla kullanabiliriz:<\/p>\n<ul>\n<li>talebiniz \u00fczerine hizmeti sa\u011flamak veya i\u015flemleri ger\u00e7ekle\u015ftirmek;<\/li>\n<li>\u00fcr\u00fcnlerimizi iyile\u015ftirmek ve geli\u015ftirmek;<\/li>\n<li>deneyiminizi ki\u015fiselle\u015ftirin;<\/li>\n<li>Sitelerimiz arac\u0131l\u0131\u011f\u0131yla g\u00f6nderdi\u011finiz i\u015f ba\u015fvurular\u0131n\u0131 i\u015fleme koymak;<\/li>\n<li>Promosyon ileti\u015fimleri g\u00f6ndermeyi, hedeflemeyi i\u00e7erebilecek ge\u00e7erli yasal gereksinimlere tabi olarak size reklam vermek ve pazarlama yapmak<\/li>\n<li>reklam vermek ve size ilgili teklifleri sunmak.<\/li>\n<\/ul>\n<h1>\u00c7OCUKLAR<\/h1>\n<p>13 ya\u015f\u0131n alt\u0131ndaki ki\u015filer hakk\u0131nda bilerek bilgi toplam\u0131yoruz veya saklam\u0131yoruz. Sitelerde veya Siteler arac\u0131l\u0131\u011f\u0131yla 13 ya\u015f\u0131n alt\u0131ndaki ki\u015filerle ilgili bilgilerin topland\u0131\u011f\u0131n\u0131 \u00f6\u011frenirsek, bu bilgileri silmek i\u00e7in gerekli ad\u0131mlar\u0131 ataca\u011f\u0131z. Sitelerimizde bir hesaba veya hizmete kaydolan 13 ya\u015f\u0131n alt\u0131ndaki bir \u00e7ocu\u011fun ebeveyni veya yasal vasisiyseniz, o \u00e7ocu\u011fun hesab\u0131n\u0131n veya hizmetinin feshedilmesi ve ki\u015fisel bilgilerinin silinmesi i\u00e7in l\u00fctfen a\u015fa\u011f\u0131daki ileti\u015fim bilgilerini kullanarak bizimle ileti\u015fime ge\u00e7in.<\/p>\n<h1>VER\u0130 SAKLAMA<\/h1>\n<p>Ki\u015fisel verileri, i\u015flevsellik sa\u011flamak ve talep etti\u011finiz i\u015flemleri yerine getirmek i\u00e7in veya yasal y\u00fck\u00fcml\u00fcl\u00fcklerimize uymak, anla\u015fmazl\u0131klar\u0131 \u00e7\u00f6zmek, s\u00f6zle\u015fmelerimizi uygulamak gibi di\u011fer me\u015fru ama\u00e7lar i\u00e7in gerekli oldu\u011fu s\u00fcrece sakl\u0131yoruz. Bu ihtiya\u00e7lar farkl\u0131 veri t\u00fcrlerine, sizinle olan etkile\u015fimlerimizin ba\u011flam\u0131na veya Sitelerimizi kullan\u0131m\u0131n\u0131za g\u00f6re de\u011fi\u015fiklik g\u00f6sterebilece\u011finden, ger\u00e7ek saklama s\u00fcreleri \u00f6nemli \u00f6l\u00e7\u00fcde farkl\u0131l\u0131k g\u00f6sterebilir.<\/p>\n<h1>VER\u0130 G\u00dcVENL\u0130\u011e\u0130<\/h1>\n<p>Ki\u015fisel verilere yetkisiz eri\u015fim riskini azaltmak i\u00e7in TLS sertifikalar\u0131, \u015fifreleme, veri eri\u015fim s\u0131n\u0131rlamalar\u0131, anti-vir\u00fcs yaz\u0131l\u0131m\u0131 ve g\u00fcvenlik duvarlar\u0131 kullan\u0131yoruz. \u0130nternet veya herhangi bir kablosuz a\u011f \u00fczerinden yap\u0131lan hi\u00e7bir veri aktar\u0131m\u0131 tamamen g\u00fcvenli de\u011fildir. Ki\u015fisel verilerinizi bize iletti\u011finizde ve halka a\u00e7\u0131k forumlar\u0131m\u0131zda bilgi yay\u0131nlad\u0131\u011f\u0131n\u0131zda g\u00fcvenlik risklerine kar\u015f\u0131 dikkatli olun.<br \/>\n\u00dcr\u00fcnlerimizin herhangi birindeki g\u00fcvenlik sorununu bildirmek isterseniz l\u00fctfen formu ve gerekli ekleri doldurup 1edo G\u00fcvenlik&#039;e g\u00f6nderin.<\/p>\n<h1>B\u0130LG\u0130LER\u0130N\u0130Z\u0130 KONTROL ETMEK VE ER\u0130\u015eMEK<\/h1>\n<p>Size ait belirli bilgileri g\u00fcncellememizi veya silmemizi\/devre d\u0131\u015f\u0131 b\u0131rakmam\u0131z\u0131 talep edebilirsiniz.<\/p>\n<p>Baz\u0131 ki\u015fisel bilgileri kald\u0131ramazsak nedenini size bildirece\u011fiz. Pazarlama e-postalar\u0131na abone olduysan\u0131z, al\u0131nan e-postada veya Sitemizdeki abonelik y\u00f6netimi sayfas\u0131nda yer alan abonelikten \u00e7\u0131kma talimatlar\u0131n\u0131 takip ederek teslimat\u0131 durdurabilirsiniz: https:\/\/blogs.1edo.com\/subscribe.<\/p>\n<p>Ayr\u0131ca verilerinizin nas\u0131l i\u015flendi\u011fini ve kimlerle payla\u015ft\u0131\u011f\u0131m\u0131z\u0131 talep etme hakk\u0131na da sahipsiniz.<\/p>\n<p>Ayr\u0131ca, 1edo&#039;nun hakk\u0131n\u0131zda i\u015fledi\u011fi baz\u0131 bilgilerin hatal\u0131 oldu\u011funu d\u00fc\u015f\u00fcn\u00fcyorsan\u0131z, bu bilgilerin d\u00fczeltilmesini isteme hakk\u0131na sahipsiniz.<\/p>\n<p>Sizin i\u00e7in dosyam\u0131zda bulunan bilgilerin incelenmesine y\u00f6nelik talebinize, bu talebin al\u0131nmas\u0131ndan itibaren 30 g\u00fcn i\u00e7inde yan\u0131t vermeye \u00e7al\u0131\u015faca\u011f\u0131z.<\/p>\n<p>Verileriniz veya Bildirimimiz, ge\u00e7mi\u015f Bildirimlerimiz ve veri uygulamalar\u0131m\u0131zla ilgili sorular\u0131n\u0131z, yorumlar\u0131n\u0131z varsa veya bir talepte bulunmak istiyorsan\u0131z l\u00fctfen support.1edo.com\/response-center adresinden veya a\u015fa\u011f\u0131daki y\u00f6ntemler arac\u0131l\u0131\u011f\u0131yla bizimle ileti\u015fime ge\u00e7in:<\/p>\n<p>Telefon:+86-755-61811368<br \/>\n\u0130leti\u015fim: support.1edo.com\/response-center<br \/>\nPosta Postas\u0131: 5F, Building B20, Hengfeng End\u00fcstri Park\u0131, xixiangtown, Bao&#039;an b\u00f6lgesi, Shenzhen, \u00c7in<\/p>\n<p>Yan\u0131t\u0131m\u0131zdan memnun kalmazsan\u0131z, gizlilik \u015fikayetinizi veya anla\u015fmazl\u0131\u011f\u0131n\u0131z\u0131 yarg\u0131 b\u00f6lgenizdeki ilgili eyalete veya ulusal veri koruma makam\u0131na iletebilirsiniz.<\/p>\n<h1>BU A\u00c7IKLAMADA DE\u011e\u0130\u015e\u0130KL\u0130K<\/h1>\n<p>Bu Bildirimi zaman zaman g\u00fcncelleyece\u011fiz. Bu Bildirimde veya ki\u015fisel bilgilerinizi nas\u0131l kullanaca\u011f\u0131m\u0131z konusunda \u00f6nemli de\u011fi\u015fiklikler olmas\u0131 durumunda, de\u011fi\u015fiklikleri yapmadan \u00f6nce g\u00f6r\u00fcn\u00fcr bir \u015fekilde yay\u0131nlayaca\u011f\u0131z.<\/p>\n<p>Ge\u00e7mi\u015fte toplad\u0131\u011f\u0131m\u0131z ki\u015fisel bilgilerinizi sizin izniniz olmadan daha az koruyucu olacak herhangi bir de\u011fi\u015fiklik yapmayaca\u011f\u0131z.<\/p>\n<p>Bilgilerinizi nas\u0131l korudu\u011fumuz konusunda bilgi sahibi olmak i\u00e7in bu Bildirimi d\u00fczenli aral\u0131klarla incelemenizi \u00f6neririz.<\/p>\n<p>1edo&#039;ya, \u00fcr\u00fcn ve hizmetlerimize g\u00f6sterdi\u011finiz ilgi i\u00e7in te\u015fekk\u00fcr ederiz.<\/p>\n<\/div><\/section><\/p><\/div>\n<\/div><\/div><\/div><!-- close content main div --><\/div><\/div><div id='after_section_2'  class='main_color av_default_container_wrap container_wrap sidebar_right'  ><div class='container av-section-cont-open' ><div class='template-page content  av-content-small alpha units'><div class='post-entry post-entry-type-page post-entry-3'><div class='entry-content-wrapper clearfix'>","protected":false},"excerpt":{"rendered":"","protected":false},"author":1,"featured_media":0,"parent":0,"menu_order":0,"comment_status":"closed","ping_status":"open","template":"","meta":{"footnotes":""},"class_list":["post-3","page","type-page","status-publish","hentry"],"yoast_head":"<!-- This site is optimized with the Yoast SEO Premium plugin v26.5 (Yoast SEO v26.7) - https:\/\/yoast.com\/wordpress\/plugins\/seo\/ -->\n<title>Privacy Policy - 1edo blogs<\/title>\n<meta name=\"description\" content=\"1edo blogs Privacy Policy, At 1edo, we prioritize your privacy. Learn more about our product privacy policy and how we protect Your personal information. Please visit us now to read our policy.\" \/>\n<meta name=\"robots\" content=\"index, follow, max-snippet:-1, max-image-preview:large, max-video-preview:-1\" \/>\n<link rel=\"canonical\" href=\"https:\/\/blogscdn.1edo.com\/in\/\u0a2a\u0a30\u0a3e\u0a08\u0a35\u0a47\u0a1f-\u0a28\u0a40\u0a24\u0a40\/\" \/>\n<meta property=\"og:locale\" content=\"tr_TR\" \/>\n<meta property=\"og:type\" content=\"article\" \/>\n<meta property=\"og:title\" content=\"Privacy Policy\" \/>\n<meta property=\"og:description\" content=\"1edo blogs Privacy Policy, At 1edo, we prioritize your privacy. Learn more about our product privacy policy and how we protect Your personal information. Please visit us now to read our policy.\" \/>\n<meta property=\"og:url\" content=\"https:\/\/blogscdn.1edo.com\/in\/\u0a2a\u0a30\u0a3e\u0a08\u0a35\u0a47\u0a1f-\u0a28\u0a40\u0a24\u0a40\/\" \/>\n<meta property=\"og:site_name\" content=\"1edo blogs\" \/>\n<meta property=\"article:modified_time\" content=\"2024-05-30T01:52:23+00:00\" \/>\n<meta name=\"twitter:card\" content=\"summary_large_image\" \/>\n<meta name=\"twitter:label1\" content=\"Tahmini okuma s\u00fcresi\" \/>\n\t<meta name=\"twitter:data1\" content=\"8 dakika\" \/>\n<script type=\"application\/ld+json\" class=\"yoast-schema-graph\">{\"@context\":\"https:\/\/schema.org\",\"@graph\":[{\"@type\":\"WebPage\",\"@id\":\"https:\/\/blogscdn.1edo.com\/in\/%e0%a8%aa%e0%a8%b0%e0%a8%be%e0%a8%88%e0%a8%b5%e0%a9%87%e0%a8%9f-%e0%a8%a8%e0%a9%80%e0%a8%a4%e0%a9%80\/\",\"url\":\"https:\/\/blogscdn.1edo.com\/in\/%e0%a8%aa%e0%a8%b0%e0%a8%be%e0%a8%88%e0%a8%b5%e0%a9%87%e0%a8%9f-%e0%a8%a8%e0%a9%80%e0%a8%a4%e0%a9%80\/\",\"name\":\"Privacy Policy - 1edo blogs\",\"isPartOf\":{\"@id\":\"https:\/\/blogscdn.1edo.com\/#website\"},\"datePublished\":\"2023-08-01T23:58:36+00:00\",\"dateModified\":\"2024-05-30T01:52:23+00:00\",\"description\":\"1edo blogs Privacy Policy, At 1edo, we prioritize your privacy. Learn more about our product privacy policy and how we protect Your personal information. Please visit us now to read our policy.\",\"breadcrumb\":{\"@id\":\"https:\/\/blogscdn.1edo.com\/in\/%e0%a8%aa%e0%a8%b0%e0%a8%be%e0%a8%88%e0%a8%b5%e0%a9%87%e0%a8%9f-%e0%a8%a8%e0%a9%80%e0%a8%a4%e0%a9%80\/#breadcrumb\"},\"inLanguage\":\"tr\",\"potentialAction\":[{\"@type\":\"ReadAction\",\"target\":[\"https:\/\/blogscdn.1edo.com\/in\/%e0%a8%aa%e0%a8%b0%e0%a8%be%e0%a8%88%e0%a8%b5%e0%a9%87%e0%a8%9f-%e0%a8%a8%e0%a9%80%e0%a8%a4%e0%a9%80\/\"]}]},{\"@type\":\"BreadcrumbList\",\"@id\":\"https:\/\/blogscdn.1edo.com\/in\/%e0%a8%aa%e0%a8%b0%e0%a8%be%e0%a8%88%e0%a8%b5%e0%a9%87%e0%a8%9f-%e0%a8%a8%e0%a9%80%e0%a8%a4%e0%a9%80\/#breadcrumb\",\"itemListElement\":[{\"@type\":\"ListItem\",\"position\":1,\"name\":\"Home\",\"item\":\"https:\/\/blogscdn.1edo.com\/\"},{\"@type\":\"ListItem\",\"position\":2,\"name\":\"Privacy Policy\"}]},{\"@type\":\"WebSite\",\"@id\":\"https:\/\/blogscdn.1edo.com\/#website\",\"url\":\"https:\/\/blogscdn.1edo.com\/\",\"name\":\"1edo blogs\",\"description\":\"1edo blogs\",\"potentialAction\":[{\"@type\":\"SearchAction\",\"target\":{\"@type\":\"EntryPoint\",\"urlTemplate\":\"https:\/\/blogscdn.1edo.com\/?s={search_term_string}\"},\"query-input\":{\"@type\":\"PropertyValueSpecification\",\"valueRequired\":true,\"valueName\":\"search_term_string\"}}],\"inLanguage\":\"tr\"}]}<\/script>\n<!-- \/ Yoast SEO Premium plugin. -->","yoast_head_json":{"title":"Gizlilik Politikas\u0131 - 1edo bloglar\u0131","description":"1edo blogs Privacy Policy, At 1edo, we prioritize your privacy. Learn more about our product privacy policy and how we protect Your personal information. Please visit us now to read our policy.","robots":{"index":"index","follow":"follow","max-snippet":"max-snippet:-1","max-image-preview":"max-image-preview:large","max-video-preview":"max-video-preview:-1"},"canonical":"https:\/\/blogscdn.1edo.com\/in\/\u0a2a\u0a30\u0a3e\u0a08\u0a35\u0a47\u0a1f-\u0a28\u0a40\u0a24\u0a40\/","og_locale":"tr_TR","og_type":"article","og_title":"Privacy Policy","og_description":"1edo blogs Privacy Policy, At 1edo, we prioritize your privacy. Learn more about our product privacy policy and how we protect Your personal information. Please visit us now to read our policy.","og_url":"https:\/\/blogscdn.1edo.com\/in\/\u0a2a\u0a30\u0a3e\u0a08\u0a35\u0a47\u0a1f-\u0a28\u0a40\u0a24\u0a40\/","og_site_name":"1edo blogs","article_modified_time":"2024-05-30T01:52:23+00:00","twitter_card":"summary_large_image","twitter_misc":{"Tahmini okuma s\u00fcresi":"8 dakika"},"schema":{"@context":"https:\/\/schema.org","@graph":[{"@type":"WebPage","@id":"https:\/\/blogscdn.1edo.com\/in\/%e0%a8%aa%e0%a8%b0%e0%a8%be%e0%a8%88%e0%a8%b5%e0%a9%87%e0%a8%9f-%e0%a8%a8%e0%a9%80%e0%a8%a4%e0%a9%80\/","url":"https:\/\/blogscdn.1edo.com\/in\/%e0%a8%aa%e0%a8%b0%e0%a8%be%e0%a8%88%e0%a8%b5%e0%a9%87%e0%a8%9f-%e0%a8%a8%e0%a9%80%e0%a8%a4%e0%a9%80\/","name":"Gizlilik Politikas\u0131 - 1edo bloglar\u0131","isPartOf":{"@id":"https:\/\/blogscdn.1edo.com\/#website"},"datePublished":"2023-08-01T23:58:36+00:00","dateModified":"2024-05-30T01:52:23+00:00","description":"1edo blogs Privacy Policy, At 1edo, we prioritize your privacy. Learn more about our product privacy policy and how we protect Your personal information. Please visit us now to read our policy.","breadcrumb":{"@id":"https:\/\/blogscdn.1edo.com\/in\/%e0%a8%aa%e0%a8%b0%e0%a8%be%e0%a8%88%e0%a8%b5%e0%a9%87%e0%a8%9f-%e0%a8%a8%e0%a9%80%e0%a8%a4%e0%a9%80\/#breadcrumb"},"inLanguage":"tr","potentialAction":[{"@type":"ReadAction","target":["https:\/\/blogscdn.1edo.com\/in\/%e0%a8%aa%e0%a8%b0%e0%a8%be%e0%a8%88%e0%a8%b5%e0%a9%87%e0%a8%9f-%e0%a8%a8%e0%a9%80%e0%a8%a4%e0%a9%80\/"]}]},{"@type":"BreadcrumbList","@id":"https:\/\/blogscdn.1edo.com\/in\/%e0%a8%aa%e0%a8%b0%e0%a8%be%e0%a8%88%e0%a8%b5%e0%a9%87%e0%a8%9f-%e0%a8%a8%e0%a9%80%e0%a8%a4%e0%a9%80\/#breadcrumb","itemListElement":[{"@type":"ListItem","position":1,"name":"Home","item":"https:\/\/blogscdn.1edo.com\/"},{"@type":"ListItem","position":2,"name":"Privacy Policy"}]},{"@type":"WebSite","@id":"https:\/\/blogscdn.1edo.com\/#website","url":"https:\/\/blogscdn.1edo.com\/","name":"1edo bloglar\u0131","description":"1edo bloglar\u0131","potentialAction":[{"@type":"SearchAction","target":{"@type":"EntryPoint","urlTemplate":"https:\/\/blogscdn.1edo.com\/?s={search_term_string}"},"query-input":{"@type":"PropertyValueSpecification","valueRequired":true,"valueName":"search_term_string"}}],"inLanguage":"tr"}]}},"_links":{"self":[{"href":"https:\/\/blogs.1edo.com\/tr\/wp-json\/wp\/v2\/pages\/3","targetHints":{"allow":["GET"]}}],"collection":[{"href":"https:\/\/blogs.1edo.com\/tr\/wp-json\/wp\/v2\/pages"}],"about":[{"href":"https:\/\/blogs.1edo.com\/tr\/wp-json\/wp\/v2\/types\/page"}],"author":[{"embeddable":true,"href":"https:\/\/blogs.1edo.com\/tr\/wp-json\/wp\/v2\/users\/1"}],"replies":[{"embeddable":true,"href":"https:\/\/blogs.1edo.com\/tr\/wp-json\/wp\/v2\/comments?post=3"}],"version-history":[{"count":3,"href":"https:\/\/blogs.1edo.com\/tr\/wp-json\/wp\/v2\/pages\/3\/revisions"}],"predecessor-version":[{"id":6835,"href":"https:\/\/blogs.1edo.com\/tr\/wp-json\/wp\/v2\/pages\/3\/revisions\/6835"}],"wp:attachment":[{"href":"https:\/\/blogs.1edo.com\/tr\/wp-json\/wp\/v2\/media?parent=3"}],"curies":[{"name":"wp","href":"https:\/\/api.w.org\/{rel}","templated":true}]}}