

{"id":3764,"date":"2023-11-06T02:09:36","date_gmt":"2023-11-06T02:09:36","guid":{"rendered":"https:\/\/blogs.1edo.com\/?page_id=3764"},"modified":"2024-05-31T01:05:44","modified_gmt":"2024-05-31T01:05:44","slug":"glomt-losenord","status":"publish","type":"page","link":"https:\/\/blogs.1edo.com\/se\/glomt-losenord\/","title":{"rendered":"Gl\u00f6mt l\u00f6senord"},"content":{"rendered":"<div data-elementor-type=\"wp-page\" data-elementor-id=\"3764\" class=\"elementor elementor-3764\" data-elementor-post-type=\"page\">\n\t\t\t\t<div class=\"elementor-element elementor-element-196d79d e-flex e-con-boxed e-con e-parent\" data-id=\"196d79d\" data-element_type=\"container\">\n\t\t\t\t\t<div class=\"e-con-inner\">\n\t\t<div class=\"elementor-element elementor-element-c116fca e-flex e-con-boxed e-con e-child\" data-id=\"c116fca\" data-element_type=\"container\" data-settings=\"{&quot;background_background&quot;:&quot;classic&quot;}\">\n\t\t\t\t\t<div class=\"e-con-inner\">\n\t\t<div class=\"elementor-element elementor-element-68ae0e4 e-flex e-con-boxed e-con e-child\" data-id=\"68ae0e4\" data-element_type=\"container\" data-settings=\"{&quot;background_background&quot;:&quot;classic&quot;}\">\n\t\t\t\t\t<div class=\"e-con-inner\">\n\t\t\t\t\t<\/div>\n\t\t\t\t<\/div>\n\t\t\t\t<div class=\"elementor-element elementor-element-3fdb752 elementor-widget elementor-widget-heading\" data-id=\"3fdb752\" data-element_type=\"widget\" data-widget_type=\"heading.default\">\n\t\t\t\t<div class=\"elementor-widget-container\">\n\t\t\t\t\t<h1 class=\"elementor-heading-title elementor-size-default\">GL\u00d6MT DITT L\u00d6SENORD<\/h1>\t\t\t\t<\/div>\n\t\t\t\t<\/div>\n\t\t\t\t<div class=\"elementor-element elementor-element-7120624 elementor-widget__width-initial elementor-widget elementor-widget-heading\" data-id=\"7120624\" data-element_type=\"widget\" data-widget_type=\"heading.default\">\n\t\t\t\t<div class=\"elementor-widget-container\">\n\t\t\t\t\t<h5 class=\"elementor-heading-title elementor-size-default\">Ange ditt kontos e-postadress och ett e-postmeddelande f\u00f6r \u00e5terst\u00e4llning av l\u00f6senord kommer att skickas till din inkorg<\/h5>\t\t\t\t<\/div>\n\t\t\t\t<\/div>\n\t\t<div class=\"elementor-element elementor-element-92f3ddb e-flex e-con-boxed e-con e-child\" data-id=\"92f3ddb\" data-element_type=\"container\">\n\t\t\t\t\t<div class=\"e-con-inner\">\n\t\t\t\t<div class=\"elementor-element elementor-element-8f4524d elementor-widget elementor-widget-shortcode\" data-id=\"8f4524d\" data-element_type=\"widget\" data-widget_type=\"shortcode.default\">\n\t\t\t\t<div class=\"elementor-widget-container\">\n\t\t\t\t\t\t\t<div class=\"elementor-shortcode\">[xyz-ips snippet=&quot;f\u00f6rlorat-l\u00f6senord&quot;]<\/div>\n\t\t\t\t\t\t<\/div>\n\t\t\t\t<\/div>\n\t\t\t\t\t<\/div>\n\t\t\t\t<\/div>\n\t\t\t\t<div class=\"elementor-element elementor-element-028ef23 elementor-widget elementor-widget-heading\" data-id=\"028ef23\" data-element_type=\"widget\" data-widget_type=\"heading.default\">\n\t\t\t\t<div class=\"elementor-widget-container\">\n\t\t\t\t\t<h2 class=\"elementor-heading-title elementor-size-default\">Har du kontorelaterade problem eller fr\u00e5gor?<\/h2>\t\t\t\t<\/div>\n\t\t\t\t<\/div>\n\t\t\t\t<div class=\"elementor-element elementor-element-4a6e618 elementor-widget elementor-widget-heading\" data-id=\"4a6e618\" data-element_type=\"widget\" data-widget_type=\"heading.default\">\n\t\t\t\t<div class=\"elementor-widget-container\">\n\t\t\t\t\t<h2 class=\"elementor-heading-title elementor-size-default\">Skicka in en biljett<\/h2>\t\t\t\t<\/div>\n\t\t\t\t<\/div>\n\t\t\t\t<div class=\"elementor-element elementor-element-d3d77b3 elementor-widget elementor-widget-heading\" data-id=\"d3d77b3\" data-element_type=\"widget\" data-widget_type=\"heading.default\">\n\t\t\t\t<div class=\"elementor-widget-container\">\n\t\t\t\t\t<h2 class=\"elementor-heading-title elementor-size-default\">HAR ETT KONTO? LOGGA IN<\/h2>\t\t\t\t<\/div>\n\t\t\t\t<\/div>\n\t\t\t\t\t<\/div>\n\t\t\t\t<\/div>\n\t\t\t\t\t<\/div>\n\t\t\t\t<\/div>\n\t\t<div class=\"elementor-element elementor-element-123d286 e-flex e-con-boxed e-con e-parent\" data-id=\"123d286\" data-element_type=\"container\">\n\t\t\t\t\t<div class=\"e-con-inner\">\n\t\t\t\t\t<\/div>\n\t\t\t\t<\/div>\n\t\t\t\t<\/div>","protected":false},"excerpt":{"rendered":"<p>FORGOT PASSWORD Provide your account&#8217;s email address and a reset password email will be sent to your inbox [xyz-ips snippet=&#8221;lost-password&#8221;] Have account related problems or questions? Submit a ticket HAVE AN ACCOUNT? LOGIN<\/p>","protected":false},"author":1,"featured_media":0,"parent":0,"menu_order":0,"comment_status":"closed","ping_status":"closed","template":"elementor_header_footer","meta":{"footnotes":""},"class_list":["post-3764","page","type-page","status-publish","hentry"],"yoast_head":"<!-- This site is optimized with the Yoast SEO Premium plugin v26.5 (Yoast SEO v26.7) - https:\/\/yoast.com\/wordpress\/plugins\/seo\/ -->\n<title>lost-password - 1edo blogs<\/title>\n<meta name=\"description\" content=\"1edo blogs, If you forget your password and cannot log in, please email to reset your login password.\" \/>\n<meta name=\"robots\" content=\"index, follow, max-snippet:-1, max-image-preview:large, max-video-preview:-1\" \/>\n<link rel=\"canonical\" href=\"https:\/\/blogscdn.1edo.com\/hk\/\u5fd8\u8a18\u5bc6\u78bc\/\" \/>\n<meta property=\"og:locale\" content=\"sv_SE\" \/>\n<meta property=\"og:type\" content=\"article\" \/>\n<meta property=\"og:title\" content=\"lost-password\" \/>\n<meta property=\"og:description\" content=\"1edo blogs, If you forget your password and cannot log in, please email to reset your login password.\" \/>\n<meta property=\"og:url\" content=\"https:\/\/blogscdn.1edo.com\/hk\/\u5fd8\u8a18\u5bc6\u78bc\/\" \/>\n<meta property=\"og:site_name\" content=\"1edo blogs\" \/>\n<meta property=\"article:modified_time\" content=\"2024-05-31T01:05:44+00:00\" \/>\n<meta name=\"twitter:card\" content=\"summary_large_image\" \/>\n<meta name=\"twitter:label1\" content=\"Ber\u00e4knad l\u00e4stid\" \/>\n\t<meta name=\"twitter:data1\" content=\"1 minut\" \/>\n<script type=\"application\/ld+json\" class=\"yoast-schema-graph\">{\"@context\":\"https:\/\/schema.org\",\"@graph\":[{\"@type\":\"WebPage\",\"@id\":\"https:\/\/blogscdn.1edo.com\/hk\/%e5%bf%98%e8%a8%98%e5%af%86%e7%a2%bc\/\",\"url\":\"https:\/\/blogscdn.1edo.com\/hk\/%e5%bf%98%e8%a8%98%e5%af%86%e7%a2%bc\/\",\"name\":\"lost-password - 1edo blogs\",\"isPartOf\":{\"@id\":\"https:\/\/blogscdn.1edo.com\/#website\"},\"datePublished\":\"2023-11-06T02:09:36+00:00\",\"dateModified\":\"2024-05-31T01:05:44+00:00\",\"description\":\"1edo blogs, If you forget your password and cannot log in, please email to reset your login password.\",\"breadcrumb\":{\"@id\":\"https:\/\/blogscdn.1edo.com\/hk\/%e5%bf%98%e8%a8%98%e5%af%86%e7%a2%bc\/#breadcrumb\"},\"inLanguage\":\"sv-SE\",\"potentialAction\":[{\"@type\":\"ReadAction\",\"target\":[\"https:\/\/blogscdn.1edo.com\/hk\/%e5%bf%98%e8%a8%98%e5%af%86%e7%a2%bc\/\"]}]},{\"@type\":\"BreadcrumbList\",\"@id\":\"https:\/\/blogscdn.1edo.com\/hk\/%e5%bf%98%e8%a8%98%e5%af%86%e7%a2%bc\/#breadcrumb\",\"itemListElement\":[{\"@type\":\"ListItem\",\"position\":1,\"name\":\"Home\",\"item\":\"https:\/\/blogscdn.1edo.com\/\"},{\"@type\":\"ListItem\",\"position\":2,\"name\":\"lost-password\"}]},{\"@type\":\"WebSite\",\"@id\":\"https:\/\/blogscdn.1edo.com\/#website\",\"url\":\"https:\/\/blogscdn.1edo.com\/\",\"name\":\"1edo blogs\",\"description\":\"1edo blogs\",\"potentialAction\":[{\"@type\":\"SearchAction\",\"target\":{\"@type\":\"EntryPoint\",\"urlTemplate\":\"https:\/\/blogscdn.1edo.com\/?s={search_term_string}\"},\"query-input\":{\"@type\":\"PropertyValueSpecification\",\"valueRequired\":true,\"valueName\":\"search_term_string\"}}],\"inLanguage\":\"sv-SE\"}]}<\/script>\n<!-- \/ Yoast SEO Premium plugin. -->","yoast_head_json":{"title":"f\u00f6rlorat l\u00f6senord - 1edo-bloggar","description":"1edo blogs, If you forget your password and cannot log in, please email to reset your login password.","robots":{"index":"index","follow":"follow","max-snippet":"max-snippet:-1","max-image-preview":"max-image-preview:large","max-video-preview":"max-video-preview:-1"},"canonical":"https:\/\/blogscdn.1edo.com\/hk\/\u5fd8\u8a18\u5bc6\u78bc\/","og_locale":"sv_SE","og_type":"article","og_title":"lost-password","og_description":"1edo blogs, If you forget your password and cannot log in, please email to reset your login password.","og_url":"https:\/\/blogscdn.1edo.com\/hk\/\u5fd8\u8a18\u5bc6\u78bc\/","og_site_name":"1edo blogs","article_modified_time":"2024-05-31T01:05:44+00:00","twitter_card":"summary_large_image","twitter_misc":{"Ber\u00e4knad l\u00e4stid":"1 minut"},"schema":{"@context":"https:\/\/schema.org","@graph":[{"@type":"WebPage","@id":"https:\/\/blogscdn.1edo.com\/hk\/%e5%bf%98%e8%a8%98%e5%af%86%e7%a2%bc\/","url":"https:\/\/blogscdn.1edo.com\/hk\/%e5%bf%98%e8%a8%98%e5%af%86%e7%a2%bc\/","name":"f\u00f6rlorat l\u00f6senord - 1edo-bloggar","isPartOf":{"@id":"https:\/\/blogscdn.1edo.com\/#website"},"datePublished":"2023-11-06T02:09:36+00:00","dateModified":"2024-05-31T01:05:44+00:00","description":"1edo blogs, If you forget your password and cannot log in, please email to reset your login password.","breadcrumb":{"@id":"https:\/\/blogscdn.1edo.com\/hk\/%e5%bf%98%e8%a8%98%e5%af%86%e7%a2%bc\/#breadcrumb"},"inLanguage":"sv-SE","potentialAction":[{"@type":"ReadAction","target":["https:\/\/blogscdn.1edo.com\/hk\/%e5%bf%98%e8%a8%98%e5%af%86%e7%a2%bc\/"]}]},{"@type":"BreadcrumbList","@id":"https:\/\/blogscdn.1edo.com\/hk\/%e5%bf%98%e8%a8%98%e5%af%86%e7%a2%bc\/#breadcrumb","itemListElement":[{"@type":"ListItem","position":1,"name":"Home","item":"https:\/\/blogscdn.1edo.com\/"},{"@type":"ListItem","position":2,"name":"lost-password"}]},{"@type":"WebSite","@id":"https:\/\/blogscdn.1edo.com\/#website","url":"https:\/\/blogscdn.1edo.com\/","name":"1edo bloggar","description":"1edo bloggar","potentialAction":[{"@type":"SearchAction","target":{"@type":"EntryPoint","urlTemplate":"https:\/\/blogscdn.1edo.com\/?s={search_term_string}"},"query-input":{"@type":"PropertyValueSpecification","valueRequired":true,"valueName":"search_term_string"}}],"inLanguage":"sv-SE"}]}},"_links":{"self":[{"href":"https:\/\/blogs.1edo.com\/se\/wp-json\/wp\/v2\/pages\/3764","targetHints":{"allow":["GET"]}}],"collection":[{"href":"https:\/\/blogs.1edo.com\/se\/wp-json\/wp\/v2\/pages"}],"about":[{"href":"https:\/\/blogs.1edo.com\/se\/wp-json\/wp\/v2\/types\/page"}],"author":[{"embeddable":true,"href":"https:\/\/blogs.1edo.com\/se\/wp-json\/wp\/v2\/users\/1"}],"replies":[{"embeddable":true,"href":"https:\/\/blogs.1edo.com\/se\/wp-json\/wp\/v2\/comments?post=3764"}],"version-history":[{"count":12,"href":"https:\/\/blogs.1edo.com\/se\/wp-json\/wp\/v2\/pages\/3764\/revisions"}],"predecessor-version":[{"id":6888,"href":"https:\/\/blogs.1edo.com\/se\/wp-json\/wp\/v2\/pages\/3764\/revisions\/6888"}],"wp:attachment":[{"href":"https:\/\/blogs.1edo.com\/se\/wp-json\/wp\/v2\/media?parent=3764"}],"curies":[{"name":"wp","href":"https:\/\/api.w.org\/{rel}","templated":true}]}}