

{"id":6222,"date":"2024-01-22T06:23:45","date_gmt":"2024-01-22T06:23:45","guid":{"rendered":"https:\/\/blogs.1edo.com\/?page_id=6222"},"modified":"2024-06-05T08:25:48","modified_gmt":"2024-06-05T08:25:48","slug":"blogu","status":"publish","type":"page","link":"https:\/\/blogs.1edo.com\/pl\/blogu\/","title":{"rendered":"Bloga"},"content":{"rendered":"<div data-elementor-type=\"wp-page\" data-elementor-id=\"6222\" class=\"elementor elementor-6222\" data-elementor-post-type=\"page\">\n\t\t\t\t<div class=\"elementor-element elementor-element-5af6baf e-flex e-con-boxed e-con e-parent\" data-id=\"5af6baf\" data-element_type=\"container\" data-settings=\"{&quot;background_background&quot;:&quot;classic&quot;}\">\n\t\t\t\t\t<div class=\"e-con-inner\">\n\t\t\t\t<div class=\"elementor-element elementor-element-b291e6f elementor-widget elementor-widget-heading\" data-id=\"b291e6f\" data-element_type=\"widget\" data-widget_type=\"heading.default\">\n\t\t\t\t<div class=\"elementor-widget-container\">\n\t\t\t\t\t<h6 class=\"elementor-heading-title elementor-size-default\">Strona g\u0142\u00f3wna \/ Spo\u0142eczno\u015b\u0107 \/ Blog<\/h6>\t\t\t\t<\/div>\n\t\t\t\t<\/div>\n\t\t\t\t<div class=\"elementor-element elementor-element-160ed2a elementor-widget elementor-widget-text-editor\" data-id=\"160ed2a\" data-element_type=\"widget\" data-widget_type=\"text-editor.default\">\n\t\t\t\t<div class=\"elementor-widget-container\">\n\t\t\t\t\t\t\t\t\t<h1 style=\"color: red;\">WSZYSTKIE posty na blogu<\/h1>\t\t\t\t\t\t\t\t<\/div>\n\t\t\t\t<\/div>\n\t\t\t\t<div class=\"elementor-element elementor-element-0b5edb6 elementor-widget elementor-widget-shortcode\" data-id=\"0b5edb6\" data-element_type=\"widget\" data-widget_type=\"shortcode.default\">\n\t\t\t\t<div class=\"elementor-widget-container\">\n\t\t\t\t\t\t\t<div class=\"elementor-shortcode\">[xyz-ips snippet=&quot;Wyszukiwanie bloga&quot;]<\/div>\n\t\t\t\t\t\t<\/div>\n\t\t\t\t<\/div>\n\t\t\t\t<div class=\"elementor-element elementor-element-7935401 elementor-widget elementor-widget-text-editor\" data-id=\"7935401\" data-element_type=\"widget\" data-widget_type=\"text-editor.default\">\n\t\t\t\t<div class=\"elementor-widget-container\">\n\t\t\t\t\t\t\t\t\t<p>Napisz post na blogu<\/p>\t\t\t\t\t\t\t\t<\/div>\n\t\t\t\t<\/div>\n\t\t\t\t\t<\/div>\n\t\t\t\t<\/div>\n\t\t<div class=\"elementor-element elementor-element-f4e8345 e-flex e-con-boxed e-con e-parent\" data-id=\"f4e8345\" data-element_type=\"container\">\n\t\t\t\t\t<div class=\"e-con-inner\">\n\t\t\t\t<div class=\"elementor-element elementor-element-71ad806 elementor-widget elementor-widget-shortcode\" data-id=\"71ad806\" data-element_type=\"widget\" data-widget_type=\"shortcode.default\">\n\t\t\t\t<div class=\"elementor-widget-container\">\n\t\t\t\t\t\t\t<div class=\"elementor-shortcode\">[xyz-ips snippet=&quot;Blog&quot;]<\/div>\n\t\t\t\t\t\t<\/div>\n\t\t\t\t<\/div>\n\t\t\t\t\t<\/div>\n\t\t\t\t<\/div>\n\t\t<div class=\"elementor-element elementor-element-2f92fdd e-flex e-con-boxed e-con e-parent\" data-id=\"2f92fdd\" data-element_type=\"container\">\n\t\t\t\t\t<div class=\"e-con-inner\">\n\t\t\t\t\t<\/div>\n\t\t\t\t<\/div>\n\t\t\t\t<\/div>","protected":false},"excerpt":{"rendered":"<p>Home \/ Community \/ Blog ALL Blog Posts [xyz-ips snippet=&#8221;Blog-Search&#8221;] Write a Blog Post [xyz-ips snippet=&#8221;Blog&#8221;]<\/p>","protected":false},"author":1,"featured_media":0,"parent":0,"menu_order":0,"comment_status":"closed","ping_status":"closed","template":"elementor_header_footer","meta":{"footnotes":""},"class_list":["post-6222","page","type-page","status-publish","hentry"],"yoast_head":"<!-- This site is optimized with the Yoast SEO Premium plugin v26.5 (Yoast SEO v26.7) - https:\/\/yoast.com\/wordpress\/plugins\/seo\/ -->\n<title>Blog - 1edo blogs<\/title>\n<meta name=\"description\" content=\"1edo blogs, Display the latest information on chargers, adapters, industrial films and other electronic and digital industries\" \/>\n<meta name=\"robots\" content=\"index, follow, max-snippet:-1, max-image-preview:large, max-video-preview:-1\" \/>\n<link rel=\"canonical\" href=\"https:\/\/blogscdn.1edo.com\/in\/\u0a2c\u0a32\u0a4c\u0a17\/\" \/>\n<meta property=\"og:locale\" content=\"pl_PL\" \/>\n<meta property=\"og:type\" content=\"article\" \/>\n<meta property=\"og:title\" content=\"Blog\" \/>\n<meta property=\"og:description\" content=\"1edo blogs, Display the latest information on chargers, adapters, industrial films and other electronic and digital industries\" \/>\n<meta property=\"og:url\" content=\"https:\/\/blogscdn.1edo.com\/in\/\u0a2c\u0a32\u0a4c\u0a17\/\" \/>\n<meta property=\"og:site_name\" content=\"1edo blogs\" \/>\n<meta property=\"article:modified_time\" content=\"2024-06-05T08:25:48+00:00\" \/>\n<meta name=\"twitter:card\" content=\"summary_large_image\" \/>\n<meta name=\"twitter:label1\" content=\"Szacowany czas czytania\" \/>\n\t<meta name=\"twitter:data1\" content=\"1 minuta\" \/>\n<script type=\"application\/ld+json\" class=\"yoast-schema-graph\">{\"@context\":\"https:\/\/schema.org\",\"@graph\":[{\"@type\":\"WebPage\",\"@id\":\"https:\/\/blogscdn.1edo.com\/in\/%e0%a8%ac%e0%a8%b2%e0%a9%8c%e0%a8%97\/\",\"url\":\"https:\/\/blogscdn.1edo.com\/in\/%e0%a8%ac%e0%a8%b2%e0%a9%8c%e0%a8%97\/\",\"name\":\"Blog - 1edo blogs\",\"isPartOf\":{\"@id\":\"https:\/\/blogscdn.1edo.com\/#website\"},\"datePublished\":\"2024-01-22T06:23:45+00:00\",\"dateModified\":\"2024-06-05T08:25:48+00:00\",\"description\":\"1edo blogs, Display the latest information on chargers, adapters, industrial films and other electronic and digital industries\",\"breadcrumb\":{\"@id\":\"https:\/\/blogscdn.1edo.com\/in\/%e0%a8%ac%e0%a8%b2%e0%a9%8c%e0%a8%97\/#breadcrumb\"},\"inLanguage\":\"pl-PL\",\"potentialAction\":[{\"@type\":\"ReadAction\",\"target\":[\"https:\/\/blogscdn.1edo.com\/in\/%e0%a8%ac%e0%a8%b2%e0%a9%8c%e0%a8%97\/\"]}]},{\"@type\":\"BreadcrumbList\",\"@id\":\"https:\/\/blogscdn.1edo.com\/in\/%e0%a8%ac%e0%a8%b2%e0%a9%8c%e0%a8%97\/#breadcrumb\",\"itemListElement\":[{\"@type\":\"ListItem\",\"position\":1,\"name\":\"Home\",\"item\":\"https:\/\/blogscdn.1edo.com\/\"},{\"@type\":\"ListItem\",\"position\":2,\"name\":\"Blog\"}]},{\"@type\":\"WebSite\",\"@id\":\"https:\/\/blogscdn.1edo.com\/#website\",\"url\":\"https:\/\/blogscdn.1edo.com\/\",\"name\":\"1edo blogs\",\"description\":\"1edo blogs\",\"potentialAction\":[{\"@type\":\"SearchAction\",\"target\":{\"@type\":\"EntryPoint\",\"urlTemplate\":\"https:\/\/blogscdn.1edo.com\/?s={search_term_string}\"},\"query-input\":{\"@type\":\"PropertyValueSpecification\",\"valueRequired\":true,\"valueName\":\"search_term_string\"}}],\"inLanguage\":\"pl-PL\"}]}<\/script>\n<!-- \/ Yoast SEO Premium plugin. -->","yoast_head_json":{"title":"Blog - blogi 1edo","description":"1edo blogs, Display the latest information on chargers, adapters, industrial films and other electronic and digital industries","robots":{"index":"index","follow":"follow","max-snippet":"max-snippet:-1","max-image-preview":"max-image-preview:large","max-video-preview":"max-video-preview:-1"},"canonical":"https:\/\/blogscdn.1edo.com\/in\/\u0a2c\u0a32\u0a4c\u0a17\/","og_locale":"pl_PL","og_type":"article","og_title":"Blog","og_description":"1edo blogs, Display the latest information on chargers, adapters, industrial films and other electronic and digital industries","og_url":"https:\/\/blogscdn.1edo.com\/in\/\u0a2c\u0a32\u0a4c\u0a17\/","og_site_name":"1edo blogs","article_modified_time":"2024-06-05T08:25:48+00:00","twitter_card":"summary_large_image","twitter_misc":{"Szacowany czas czytania":"1 minuta"},"schema":{"@context":"https:\/\/schema.org","@graph":[{"@type":"WebPage","@id":"https:\/\/blogscdn.1edo.com\/in\/%e0%a8%ac%e0%a8%b2%e0%a9%8c%e0%a8%97\/","url":"https:\/\/blogscdn.1edo.com\/in\/%e0%a8%ac%e0%a8%b2%e0%a9%8c%e0%a8%97\/","name":"Blog - blogi 1edo","isPartOf":{"@id":"https:\/\/blogscdn.1edo.com\/#website"},"datePublished":"2024-01-22T06:23:45+00:00","dateModified":"2024-06-05T08:25:48+00:00","description":"1edo blogs, Display the latest information on chargers, adapters, industrial films and other electronic and digital industries","breadcrumb":{"@id":"https:\/\/blogscdn.1edo.com\/in\/%e0%a8%ac%e0%a8%b2%e0%a9%8c%e0%a8%97\/#breadcrumb"},"inLanguage":"pl-PL","potentialAction":[{"@type":"ReadAction","target":["https:\/\/blogscdn.1edo.com\/in\/%e0%a8%ac%e0%a8%b2%e0%a9%8c%e0%a8%97\/"]}]},{"@type":"BreadcrumbList","@id":"https:\/\/blogscdn.1edo.com\/in\/%e0%a8%ac%e0%a8%b2%e0%a9%8c%e0%a8%97\/#breadcrumb","itemListElement":[{"@type":"ListItem","position":1,"name":"Home","item":"https:\/\/blogscdn.1edo.com\/"},{"@type":"ListItem","position":2,"name":"Blog"}]},{"@type":"WebSite","@id":"https:\/\/blogscdn.1edo.com\/#website","url":"https:\/\/blogscdn.1edo.com\/","name":"1edo blogi","description":"1edo blogi","potentialAction":[{"@type":"SearchAction","target":{"@type":"EntryPoint","urlTemplate":"https:\/\/blogscdn.1edo.com\/?s={search_term_string}"},"query-input":{"@type":"PropertyValueSpecification","valueRequired":true,"valueName":"search_term_string"}}],"inLanguage":"pl-PL"}]}},"_links":{"self":[{"href":"https:\/\/blogs.1edo.com\/pl\/wp-json\/wp\/v2\/pages\/6222","targetHints":{"allow":["GET"]}}],"collection":[{"href":"https:\/\/blogs.1edo.com\/pl\/wp-json\/wp\/v2\/pages"}],"about":[{"href":"https:\/\/blogs.1edo.com\/pl\/wp-json\/wp\/v2\/types\/page"}],"author":[{"embeddable":true,"href":"https:\/\/blogs.1edo.com\/pl\/wp-json\/wp\/v2\/users\/1"}],"replies":[{"embeddable":true,"href":"https:\/\/blogs.1edo.com\/pl\/wp-json\/wp\/v2\/comments?post=6222"}],"version-history":[{"count":90,"href":"https:\/\/blogs.1edo.com\/pl\/wp-json\/wp\/v2\/pages\/6222\/revisions"}],"predecessor-version":[{"id":6999,"href":"https:\/\/blogs.1edo.com\/pl\/wp-json\/wp\/v2\/pages\/6222\/revisions\/6999"}],"wp:attachment":[{"href":"https:\/\/blogs.1edo.com\/pl\/wp-json\/wp\/v2\/media?parent=6222"}],"curies":[{"name":"wp","href":"https:\/\/api.w.org\/{rel}","templated":true}]}}