

{"id":3,"date":"2023-08-01T23:58:36","date_gmt":"2023-08-01T23:58:36","guid":{"rendered":"https:\/\/blogs.1edo.com\/?page_id=3"},"modified":"2024-05-30T01:52:23","modified_gmt":"2024-05-30T01:52:23","slug":"politique-de-confidentialite","status":"publish","type":"page","link":"https:\/\/blogs.1edo.com\/fr\/politique-de-confidentialite\/","title":{"rendered":"politique de confidentialit\u00e9"},"content":{"rendered":"<style type=\"text\/css\" data-created_by=\"avia_inline_auto\" id=\"style-css-av-av_section-52d6baff8bfb617c867925a6fbc1b98b\">\n.avia-section.av-av_section-52d6baff8bfb617c867925a6fbc1b98b{\nbackground-color:#fafafa;\nbackground-image:unset;\nmargin-top:0px;\nmargin-bottom:0px;\n}\n<\/style>\n<div id='av_section_1'  class='avia-section av-av_section-52d6baff8bfb617c867925a6fbc1b98b main_color avia-section-small avia-no-border-styling  avia-builder-el-0  el_before_av_section  avia-builder-el-first  avia-bg-style-scroll container_wrap sidebar_right'  ><div class='container av-section-cont-open' ><main  role=\"main\" itemprop=\"mainContentOfPage\"  class='template-page content  av-content-small alpha units'><div class='post-entry post-entry-type-page post-entry-3'><div class='entry-content-wrapper clearfix'>\n\n<style type=\"text\/css\" data-created_by=\"avia_inline_auto\" id=\"style-css-av-av_one_full-5c2940aec08386bc66704c18cd7c0942\">\n#top .flex_column.av-av_one_full-5c2940aec08386bc66704c18cd7c0942{\nmargin-top:0px;\nmargin-bottom:0px;\n}\n.flex_column.av-av_one_full-5c2940aec08386bc66704c18cd7c0942{\npadding:0% 0% 0% 0%;\n}\n.responsive #top #wrap_all .flex_column.av-av_one_full-5c2940aec08386bc66704c18cd7c0942{\nmargin-top:0px;\nmargin-bottom:0px;\n}\n<\/style>\n<div class='flex_column av-av_one_full-5c2940aec08386bc66704c18cd7c0942 av_one_full  avia-builder-el-1  avia-builder-el-no-sibling  first flex_column_div av-animated-generic left-to-right av-zero-column-padding'     ><style type=\"text\/css\" data-created_by=\"avia_inline_auto\" id=\"style-css-av-av_heading-7f303b903b2a7fa0eff1b81b8e8e9f4a\">\n#top .av-special-heading.av-av_heading-7f303b903b2a7fa0eff1b81b8e8e9f4a{\nmargin:0% 0% 0% 0%;\npadding-bottom:0;\ncolor:#5d5f5f;\nfont-size:24px;\n}\nbody .av-special-heading.av-av_heading-7f303b903b2a7fa0eff1b81b8e8e9f4a .av-special-heading-tag .heading-char{\nfont-size:25px;\n}\n#top #wrap_all .av-special-heading.av-av_heading-7f303b903b2a7fa0eff1b81b8e8e9f4a .av-special-heading-tag{\nfont-size:24px;\npadding:0% 0% 0% 0%;\n}\n.av-special-heading.av-av_heading-7f303b903b2a7fa0eff1b81b8e8e9f4a .special-heading-inner-border{\nborder-color:#5d5f5f;\n}\n.av-special-heading.av-av_heading-7f303b903b2a7fa0eff1b81b8e8e9f4a .av-subheading{\nfont-size:15px;\n}\n\n@media only screen and (max-width: 479px){ \n#top #wrap_all .av-special-heading.av-av_heading-7f303b903b2a7fa0eff1b81b8e8e9f4a .av-special-heading-tag{\nfont-size:20px;\n}\n}\n\n@media only screen and (min-width: 480px) and (max-width: 767px){ \n#top #wrap_all .av-special-heading.av-av_heading-7f303b903b2a7fa0eff1b81b8e8e9f4a .av-special-heading-tag{\nfont-size:0.8em;\n}\n}\n<\/style>\n<div  class='av-special-heading av-av_heading-7f303b903b2a7fa0eff1b81b8e8e9f4a av-special-heading-h1 custom-color-heading blockquote modern-quote  avia-builder-el-2  avia-builder-el-no-sibling  av-inherit-size'><h1 class='av-special-heading-tag'  itemprop=\"headline\"  >POLITIQUE DE CONFIDENTIALIT\u00c9<\/h1><div class=\"special-heading-border\"><div class=\"special-heading-inner-border\"><\/div><\/div><\/div><\/div>\n\n<\/div><\/div><\/main><!-- close content main element --><\/div><\/div>\n<style type=\"text\/css\" data-created_by=\"avia_inline_auto\" id=\"style-css-av-av_section-e80c29b93aac01dba0f3b6b54b77d0cf\">\n.avia-section.av-av_section-e80c29b93aac01dba0f3b6b54b77d0cf{\nmargin-top:2%;\nmargin-bottom:2%;\n}\n<\/style>\n<div id='av_section_2'  class='avia-section av-av_section-e80c29b93aac01dba0f3b6b54b77d0cf main_color avia-section-default avia-no-border-styling  avia-builder-el-3  el_after_av_section  avia-builder-el-last  avia-bg-style-scroll container_wrap sidebar_right'  ><div class='container av-section-cont-open' ><div class='template-page content  av-content-small alpha units'><div class='post-entry post-entry-type-page post-entry-3'><div class='entry-content-wrapper clearfix'>\n\n<style type=\"text\/css\" data-created_by=\"avia_inline_auto\" id=\"style-css-av-av_one_full-1ba6b84490bca59551541b57ca4133f4\">\n#top .flex_column.av-av_one_full-1ba6b84490bca59551541b57ca4133f4{\nmargin-top:0%;\nmargin-bottom:0%;\n}\n.flex_column.av-av_one_full-1ba6b84490bca59551541b57ca4133f4{\npadding:0% 0% 0% 0%;\n}\n.responsive #top #wrap_all .flex_column.av-av_one_full-1ba6b84490bca59551541b57ca4133f4{\nmargin-top:0%;\nmargin-bottom:0%;\n}\n<\/style>\n<div class='flex_column av-av_one_full-1ba6b84490bca59551541b57ca4133f4 av_one_full  avia-builder-el-4  avia-builder-el-no-sibling  first flex_column_div av-animated-generic fade-in av-zero-column-padding'     ><p>\n<style type=\"text\/css\" data-created_by=\"avia_inline_auto\" id=\"style-css-av-av_heading-24fbc5292636c2a41432412266ef7bf8\">\n#top .av-special-heading.av-av_heading-24fbc5292636c2a41432412266ef7bf8{\nmargin:0% 0% 0% 0%;\npadding-bottom:0;\nfont-size:48px;\n}\nbody .av-special-heading.av-av_heading-24fbc5292636c2a41432412266ef7bf8 .av-special-heading-tag .heading-char{\nfont-size:25px;\n}\n#top #wrap_all .av-special-heading.av-av_heading-24fbc5292636c2a41432412266ef7bf8 .av-special-heading-tag{\nfont-size:48px;\npadding:0% 0% 1% 0%;\n}\n.av-special-heading.av-av_heading-24fbc5292636c2a41432412266ef7bf8 .av-subheading{\nfont-size:15px;\n}\n\n@media only screen and (max-width: 479px){ \n#top #wrap_all .av-special-heading.av-av_heading-24fbc5292636c2a41432412266ef7bf8 .av-special-heading-tag{\nfont-size:28px;\n}\n}\n\n@media only screen and (min-width: 480px) and (max-width: 767px){ \n#top #wrap_all .av-special-heading.av-av_heading-24fbc5292636c2a41432412266ef7bf8 .av-special-heading-tag{\nfont-size:0.8em;\n}\n}\n<\/style>\n<div  class='av-special-heading av-av_heading-24fbc5292636c2a41432412266ef7bf8 av-special-heading-h1 blockquote modern-quote  avia-builder-el-5  el_before_av_textblock  avia-builder-el-first  av-inherit-size'><h1 class='av-special-heading-tag'  itemprop=\"headline\"  >D\u00c9CLARATION DE CONFIDENTIALIT\u00c9 DU SITE WEB 1edo<\/h1><div class=\"special-heading-border\"><div class=\"special-heading-inner-border\"><\/div><\/div><\/div><br \/>\n\n<style type=\"text\/css\" data-created_by=\"avia_inline_auto\" id=\"style-css-av-av_textblock-c45a5ea5b29b5b872b961519468d19fe\">\n#top .av_textblock_section.av-av_textblock-c45a5ea5b29b5b872b961519468d19fe .avia_textblock{\nfont-size:16px;\ntext-align:left;\n}\n\n@media only screen and (max-width: 479px){ \n#top .av_textblock_section.av-av_textblock-c45a5ea5b29b5b872b961519468d19fe .avia_textblock{\nfont-size:16px;\n}\n}\n<\/style>\n<section  class='av_textblock_section av-av_textblock-c45a5ea5b29b5b872b961519468d19fe'  itemscope=\"itemscope\" itemtype=\"https:\/\/schema.org\/CreativeWork\" ><div class='avia_textblock nocti_polly_vbnmdfgv'  itemprop=\"text\" ><p>Derni\u00e8re mise \u00e0 jour : juillet 2023<br \/>\nCet avis de confidentialit\u00e9 explique comment 1edo collecte et utilise les donn\u00e9es personnelles des visiteurs de ses sites Web et mobiles qui renvoient directement \u00e0 cet avis (collectivement \u00ab Sites \u00bb). Vos donn\u00e9es personnelles sont contr\u00f4l\u00e9es par<br \/>\n1edo Europe SA (collectivement \u00ab 1edo \u00bb, \u00ab Nous \u00bb et \u00ab Notre \u00bb).<\/p>\n<h1>DONN\u00c9ES SOUMISES ACTIVEMENT<\/h1>\n<p>Si vous nous appelez, envoyez-nous un e-mail ou remplissez un formulaire sur l&#039;un de nos sites, nous utilisons les informations que vous fournissez pour r\u00e9pondre \u00e0 votre demande ou pour communiquer avec vous ou vous aider. Si vous effectuez des achats via nos Sites, nous pouvons collecter des donn\u00e9es n\u00e9cessaires au traitement de votre commande, telles que votre adresse de livraison, les produits command\u00e9s et vos coordonn\u00e9es.<\/p>\n<h1>DONN\u00c9ES FOURNIES PASSIVEMENT<\/h1>\n<p>Lorsque vous acc\u00e9dez \u00e0 nos Sites, en fonction de vos choix d&#039;inscription, certaines informations sur votre ordinateur ou appareil mobile sont partag\u00e9es avec nous, qui peuvent inclure les activit\u00e9s que vous effectuez sur nos Sites, le type de mat\u00e9riel et de logiciels que vous utilisez (tels que comme votre syst\u00e8me d&#039;exploitation ou votre navigateur), les informations stock\u00e9es dans les cookies, l&#039;adresse IP, les temps d&#039;acc\u00e8s, les pages Web d&#039;o\u00f9 vous venez, les r\u00e9gions \u00e0 partir desquelles vous naviguez sur la page Web et les pages Web auxquelles vous acc\u00e9dez. Nous utilisons ces informations pour mieux comprendre les int\u00e9r\u00eats des utilisateurs de nos sites, pour am\u00e9liorer nos sites, services et produits.<\/p>\n<p>Nous ne r\u00e9pondons pas actuellement aux signaux \u00ab\u00a0Ne pas suivre\u00a0\u00bb dans les navigateurs, car nous essayons de fournir une exp\u00e9rience de site Web personnalis\u00e9e.<\/p>\n<h1>BISCUITS<\/h1>\n<p>1edo utilise des cookies qui sont essentiellement de petits fichiers de donn\u00e9es plac\u00e9s sur votre ordinateur, tablette, t\u00e9l\u00e9phone mobile ou autres appareils. Cliquez ici pour en savoir plus sur les cookies.<\/p>\n<h1>UTILISATION ET PARTAGE DES DONN\u00c9ES<\/h1>\n<p>Nous utilisons les donn\u00e9es que nous collectons pour vous offrir des exp\u00e9riences riches et interactives. Nous pouvons notamment utiliser les donn\u00e9es pour\u00a0:<\/p>\n<ul>\n<li>fournir le service ou effectuer les transactions \u00e0 votre demande\u00a0;<\/li>\n<li>am\u00e9liorer et d\u00e9velopper nos produits\u00a0;<\/li>\n<li>personnalisez votre exp\u00e9rience\u00a0;<\/li>\n<li>traiter les candidatures que vous soumettez via nos sites\u00a0;<\/li>\n<li>faire de la publicit\u00e9 et du marketing aupr\u00e8s de vous sous r\u00e9serve des exigences l\u00e9gales applicables, qui peuvent inclure l&#039;envoi de communications promotionnelles, le ciblage<\/li>\n<li>faire de la publicit\u00e9 et vous pr\u00e9senter des offres pertinentes.<\/li>\n<\/ul>\n<h1>ENFANTS<\/h1>\n<p>Nous ne collectons ni ne conservons sciemment d\u2019informations sur les personnes de moins de 13 ans. Si nous apprenons que des informations sur des personnes de moins de 13 ans ont \u00e9t\u00e9 collect\u00e9es sur ou via les Sites, nous prendrons les mesures appropri\u00e9es pour supprimer ces informations. Si vous \u00eates le parent ou le tuteur l\u00e9gal d&#039;un enfant de moins de 13 ans qui s&#039;est inscrit pour un compte ou un service sur nos Sites, veuillez nous contacter en utilisant les coordonn\u00e9es ci-dessous pour faire r\u00e9silier le compte ou le service de cet enfant et supprimer les informations personnelles.<\/p>\n<h1>LA CONSERVATION DES DONN\u00c9ES<\/h1>\n<p>Nous conservons les donn\u00e9es personnelles aussi longtemps que n\u00e9cessaire pour fournir les fonctionnalit\u00e9s et r\u00e9aliser les transactions que vous avez demand\u00e9es, ou \u00e0 d&#039;autres fins l\u00e9gitimes telles que le respect de nos obligations l\u00e9gales, la r\u00e9solution de litiges et l&#039;application de nos accords. \u00c9tant donn\u00e9 que ces besoins peuvent varier en fonction de diff\u00e9rents types de donn\u00e9es, du contexte de nos interactions avec vous ou de votre utilisation de nos Sites, les dur\u00e9es de conservation r\u00e9elles peuvent varier consid\u00e9rablement.<\/p>\n<h1>S\u00c9CURIT\u00c9 DES DONN\u00c9ES<\/h1>\n<p>Nous utilisons des certificats TLS, un cryptage, des limitations d&#039;acc\u00e8s aux donn\u00e9es, un logiciel antivirus et des pare-feu pour r\u00e9duire le risque d&#039;acc\u00e8s non autoris\u00e9 aux donn\u00e9es personnelles. Aucune transmission de donn\u00e9es sur Internet ou tout autre r\u00e9seau sans fil n&#039;est enti\u00e8rement s\u00e9curis\u00e9e. Soyez conscient des risques de s\u00e9curit\u00e9 lorsque vous nous transmettez des donn\u00e9es personnelles et lorsque vous publiez des informations sur nos forums publics.<br \/>\nSi vous souhaitez signaler des probl\u00e8mes de s\u00e9curit\u00e9 dans l&#039;un de nos produits, veuillez remplir le formulaire et les pi\u00e8ces jointes requises et l&#039;envoyer \u00e0 1edo Security.<\/p>\n<h1>CONTR\u00d4LE ET ACC\u00c8S \u00c0 VOS INFORMATIONS<\/h1>\n<p>Vous pouvez demander que nous mettions \u00e0 jour ou supprimions\/d\u00e9sactivions certaines informations vous concernant.<\/p>\n<p>Si nous ne pouvons pas supprimer certaines informations personnelles, nous vous en informerons pourquoi. Si vous \u00eates abonn\u00e9 aux emails marketing, vous pouvez arr\u00eater la livraison en suivant les instructions de d\u00e9sabonnement contenues dans l&#039;e-mail re\u00e7u ou sur la page de gestion des abonnements de notre Site : https:\/\/blogs.1edo.com\/subscribe.<\/p>\n<p>Vous avez \u00e9galement le droit de demander comment vos donn\u00e9es sont trait\u00e9es et avec qui nous les partageons.<\/p>\n<p>De plus, si vous pensez que certaines informations trait\u00e9es par 1edo vous concernant sont inexactes, vous avez le droit de faire corriger ces informations.<\/p>\n<p>Nous nous efforcerons de r\u00e9pondre \u00e0 votre demande d\u2019examen des informations que nous avons dans vos dossiers dans les 30 jours suivant la r\u00e9ception de cette demande.<\/p>\n<p>Si vous avez des questions, des commentaires ou si vous souhaitez faire une demande concernant vos donn\u00e9es ou notre d\u00e9claration, nos d\u00e9clarations pass\u00e9es et nos pratiques en mati\u00e8re de donn\u00e9es, veuillez nous contacter \u00e0 l&#039;adresse support.1edo.com\/response-center ou via les m\u00e9thodes suivantes\u00a0:<\/p>\n<p>T\u00e9l\u00e9phone\uff1a+86-755-61811368<br \/>\nContact\uff1asupport.1edo.com\/response-center<br \/>\nCourrier postal\u00a0: 5F, b\u00e2timent B20, parc industriel Hengfeng, xixiangtown, district de Bao&#039;an, Shenzhen, Chine<\/p>\n<p>Si vous n&#039;\u00eates pas satisfait de notre r\u00e9ponse, vous pouvez soumettre votre plainte ou votre litige concernant la confidentialit\u00e9 \u00e0 l&#039;autorit\u00e9 nationale ou nationale comp\u00e9tente en mati\u00e8re de protection des donn\u00e9es dans votre juridiction.<\/p>\n<h1>MODIFICATION DE CETTE D\u00c9CLARATION<\/h1>\n<p>Nous mettrons occasionnellement \u00e0 jour cette d\u00e9claration. Si des modifications importantes sont apport\u00e9es \u00e0 cette d\u00e9claration ou \u00e0 la mani\u00e8re dont nous utiliserons vos informations personnelles, nous publierons les modifications bien en \u00e9vidence avant de les apporter.<\/p>\n<p>Nous n&#039;apporterons aucune modification moins protectrice de vos informations personnelles collect\u00e9es dans le pass\u00e9 sans votre consentement.<\/p>\n<p>Nous vous encourageons \u00e0 consulter p\u00e9riodiquement cette d\u00e9claration pour \u00eatre inform\u00e9 de la mani\u00e8re dont nous prot\u00e9geons vos informations.<\/p>\n<p>Merci de votre int\u00e9r\u00eat pour 1edo et nos produits et services.<\/p>\n<\/div><\/section><\/p><\/div>\n<\/div><\/div><\/div><!-- close content main div --><\/div><\/div><div id='after_section_2'  class='main_color av_default_container_wrap container_wrap sidebar_right'  ><div class='container av-section-cont-open' ><div class='template-page content  av-content-small alpha units'><div class='post-entry post-entry-type-page post-entry-3'><div class='entry-content-wrapper clearfix'>","protected":false},"excerpt":{"rendered":"","protected":false},"author":1,"featured_media":0,"parent":0,"menu_order":0,"comment_status":"closed","ping_status":"open","template":"","meta":{"footnotes":""},"class_list":["post-3","page","type-page","status-publish","hentry"],"yoast_head":"<!-- This site is optimized with the Yoast SEO Premium plugin v26.5 (Yoast SEO v26.7) - https:\/\/yoast.com\/wordpress\/plugins\/seo\/ -->\n<title>Privacy Policy - 1edo blogs<\/title>\n<meta name=\"description\" content=\"1edo blogs Privacy Policy, At 1edo, we prioritize your privacy. Learn more about our product privacy policy and how we protect Your personal information. Please visit us now to read our policy.\" \/>\n<meta name=\"robots\" content=\"index, follow, max-snippet:-1, max-image-preview:large, max-video-preview:-1\" \/>\n<link rel=\"canonical\" href=\"https:\/\/blogscdn.1edo.com\/privacy-policy\/\" \/>\n<meta property=\"og:locale\" content=\"fr_FR\" \/>\n<meta property=\"og:type\" content=\"article\" \/>\n<meta property=\"og:title\" content=\"Privacy Policy\" \/>\n<meta property=\"og:description\" content=\"1edo blogs Privacy Policy, At 1edo, we prioritize your privacy. Learn more about our product privacy policy and how we protect Your personal information. Please visit us now to read our policy.\" \/>\n<meta property=\"og:url\" content=\"https:\/\/blogscdn.1edo.com\/privacy-policy\/\" \/>\n<meta property=\"og:site_name\" content=\"1edo blogs\" \/>\n<meta property=\"article:modified_time\" content=\"2024-05-30T01:52:23+00:00\" \/>\n<meta name=\"twitter:card\" content=\"summary_large_image\" \/>\n<meta name=\"twitter:label1\" content=\"Dur\u00e9e de lecture estim\u00e9e\" \/>\n\t<meta name=\"twitter:data1\" content=\"8 minutes\" \/>\n<script type=\"application\/ld+json\" class=\"yoast-schema-graph\">{\"@context\":\"https:\/\/schema.org\",\"@graph\":[{\"@type\":\"WebPage\",\"@id\":\"https:\/\/blogscdn.1edo.com\/privacy-policy\/\",\"url\":\"https:\/\/blogscdn.1edo.com\/privacy-policy\/\",\"name\":\"Privacy Policy - 1edo blogs\",\"isPartOf\":{\"@id\":\"https:\/\/blogscdn.1edo.com\/#website\"},\"datePublished\":\"2023-08-01T23:58:36+00:00\",\"dateModified\":\"2024-05-30T01:52:23+00:00\",\"description\":\"1edo blogs Privacy Policy, At 1edo, we prioritize your privacy. Learn more about our product privacy policy and how we protect Your personal information. Please visit us now to read our policy.\",\"breadcrumb\":{\"@id\":\"https:\/\/blogscdn.1edo.com\/privacy-policy\/#breadcrumb\"},\"inLanguage\":\"fr-FR\",\"potentialAction\":[{\"@type\":\"ReadAction\",\"target\":[\"https:\/\/blogscdn.1edo.com\/privacy-policy\/\"]}]},{\"@type\":\"BreadcrumbList\",\"@id\":\"https:\/\/blogscdn.1edo.com\/privacy-policy\/#breadcrumb\",\"itemListElement\":[{\"@type\":\"ListItem\",\"position\":1,\"name\":\"Home\",\"item\":\"https:\/\/blogscdn.1edo.com\/\"},{\"@type\":\"ListItem\",\"position\":2,\"name\":\"Privacy Policy\"}]},{\"@type\":\"WebSite\",\"@id\":\"https:\/\/blogscdn.1edo.com\/#website\",\"url\":\"https:\/\/blogscdn.1edo.com\/\",\"name\":\"1edo blogs\",\"description\":\"1edo blogs\",\"potentialAction\":[{\"@type\":\"SearchAction\",\"target\":{\"@type\":\"EntryPoint\",\"urlTemplate\":\"https:\/\/blogscdn.1edo.com\/?s={search_term_string}\"},\"query-input\":{\"@type\":\"PropertyValueSpecification\",\"valueRequired\":true,\"valueName\":\"search_term_string\"}}],\"inLanguage\":\"fr-FR\"}]}<\/script>\n<!-- \/ Yoast SEO Premium plugin. -->","yoast_head_json":{"title":"Politique de confidentialit\u00e9 - blogs 1edo","description":"1edo blogs Privacy Policy, At 1edo, we prioritize your privacy. Learn more about our product privacy policy and how we protect Your personal information. Please visit us now to read our policy.","robots":{"index":"index","follow":"follow","max-snippet":"max-snippet:-1","max-image-preview":"max-image-preview:large","max-video-preview":"max-video-preview:-1"},"canonical":"https:\/\/blogscdn.1edo.com\/privacy-policy\/","og_locale":"fr_FR","og_type":"article","og_title":"Privacy Policy","og_description":"1edo blogs Privacy Policy, At 1edo, we prioritize your privacy. Learn more about our product privacy policy and how we protect Your personal information. Please visit us now to read our policy.","og_url":"https:\/\/blogscdn.1edo.com\/privacy-policy\/","og_site_name":"1edo blogs","article_modified_time":"2024-05-30T01:52:23+00:00","twitter_card":"summary_large_image","twitter_misc":{"Dur\u00e9e de lecture estim\u00e9e":"8 minutes"},"schema":{"@context":"https:\/\/schema.org","@graph":[{"@type":"WebPage","@id":"https:\/\/blogscdn.1edo.com\/privacy-policy\/","url":"https:\/\/blogscdn.1edo.com\/privacy-policy\/","name":"Politique de confidentialit\u00e9 - blogs 1edo","isPartOf":{"@id":"https:\/\/blogscdn.1edo.com\/#website"},"datePublished":"2023-08-01T23:58:36+00:00","dateModified":"2024-05-30T01:52:23+00:00","description":"1edo blogs Privacy Policy, At 1edo, we prioritize your privacy. Learn more about our product privacy policy and how we protect Your personal information. Please visit us now to read our policy.","breadcrumb":{"@id":"https:\/\/blogscdn.1edo.com\/privacy-policy\/#breadcrumb"},"inLanguage":"fr-FR","potentialAction":[{"@type":"ReadAction","target":["https:\/\/blogscdn.1edo.com\/privacy-policy\/"]}]},{"@type":"BreadcrumbList","@id":"https:\/\/blogscdn.1edo.com\/privacy-policy\/#breadcrumb","itemListElement":[{"@type":"ListItem","position":1,"name":"Home","item":"https:\/\/blogscdn.1edo.com\/"},{"@type":"ListItem","position":2,"name":"Privacy Policy"}]},{"@type":"WebSite","@id":"https:\/\/blogscdn.1edo.com\/#website","url":"https:\/\/blogscdn.1edo.com\/","name":"blogs 1edo","description":"blogs 1edo","potentialAction":[{"@type":"SearchAction","target":{"@type":"EntryPoint","urlTemplate":"https:\/\/blogscdn.1edo.com\/?s={search_term_string}"},"query-input":{"@type":"PropertyValueSpecification","valueRequired":true,"valueName":"search_term_string"}}],"inLanguage":"fr-FR"}]}},"_links":{"self":[{"href":"https:\/\/blogs.1edo.com\/fr\/wp-json\/wp\/v2\/pages\/3","targetHints":{"allow":["GET"]}}],"collection":[{"href":"https:\/\/blogs.1edo.com\/fr\/wp-json\/wp\/v2\/pages"}],"about":[{"href":"https:\/\/blogs.1edo.com\/fr\/wp-json\/wp\/v2\/types\/page"}],"author":[{"embeddable":true,"href":"https:\/\/blogs.1edo.com\/fr\/wp-json\/wp\/v2\/users\/1"}],"replies":[{"embeddable":true,"href":"https:\/\/blogs.1edo.com\/fr\/wp-json\/wp\/v2\/comments?post=3"}],"version-history":[{"count":3,"href":"https:\/\/blogs.1edo.com\/fr\/wp-json\/wp\/v2\/pages\/3\/revisions"}],"predecessor-version":[{"id":6835,"href":"https:\/\/blogs.1edo.com\/fr\/wp-json\/wp\/v2\/pages\/3\/revisions\/6835"}],"wp:attachment":[{"href":"https:\/\/blogs.1edo.com\/fr\/wp-json\/wp\/v2\/media?parent=3"}],"curies":[{"name":"wp","href":"https:\/\/api.w.org\/{rel}","templated":true}]}}