

{"id":3,"date":"2023-08-01T23:58:36","date_gmt":"2023-08-01T23:58:36","guid":{"rendered":"https:\/\/blogs.1edo.com\/?page_id=3"},"modified":"2024-05-30T01:52:23","modified_gmt":"2024-05-30T01:52:23","slug":"politica-de-privacidad","status":"publish","type":"page","link":"https:\/\/blogs.1edo.com\/es\/politica-de-privacidad\/","title":{"rendered":"pol\u00edtica de privacidad"},"content":{"rendered":"<style type=\"text\/css\" data-created_by=\"avia_inline_auto\" id=\"style-css-av-av_section-52d6baff8bfb617c867925a6fbc1b98b\">\n.avia-section.av-av_section-52d6baff8bfb617c867925a6fbc1b98b{\nbackground-color:#fafafa;\nbackground-image:unset;\nmargin-top:0px;\nmargin-bottom:0px;\n}\n<\/style>\n<div id='av_section_1'  class='avia-section av-av_section-52d6baff8bfb617c867925a6fbc1b98b main_color avia-section-small avia-no-border-styling  avia-builder-el-0  el_before_av_section  avia-builder-el-first  avia-bg-style-scroll container_wrap sidebar_right'  ><div class='container av-section-cont-open' ><main  role=\"main\" itemprop=\"mainContentOfPage\"  class='template-page content  av-content-small alpha units'><div class='post-entry post-entry-type-page post-entry-3'><div class='entry-content-wrapper clearfix'>\n\n<style type=\"text\/css\" data-created_by=\"avia_inline_auto\" id=\"style-css-av-av_one_full-5c2940aec08386bc66704c18cd7c0942\">\n#top .flex_column.av-av_one_full-5c2940aec08386bc66704c18cd7c0942{\nmargin-top:0px;\nmargin-bottom:0px;\n}\n.flex_column.av-av_one_full-5c2940aec08386bc66704c18cd7c0942{\npadding:0% 0% 0% 0%;\n}\n.responsive #top #wrap_all .flex_column.av-av_one_full-5c2940aec08386bc66704c18cd7c0942{\nmargin-top:0px;\nmargin-bottom:0px;\n}\n<\/style>\n<div class='flex_column av-av_one_full-5c2940aec08386bc66704c18cd7c0942 av_one_full  avia-builder-el-1  avia-builder-el-no-sibling  first flex_column_div av-animated-generic left-to-right av-zero-column-padding'     ><style type=\"text\/css\" data-created_by=\"avia_inline_auto\" id=\"style-css-av-av_heading-7f303b903b2a7fa0eff1b81b8e8e9f4a\">\n#top .av-special-heading.av-av_heading-7f303b903b2a7fa0eff1b81b8e8e9f4a{\nmargin:0% 0% 0% 0%;\npadding-bottom:0;\ncolor:#5d5f5f;\nfont-size:24px;\n}\nbody .av-special-heading.av-av_heading-7f303b903b2a7fa0eff1b81b8e8e9f4a .av-special-heading-tag .heading-char{\nfont-size:25px;\n}\n#top #wrap_all .av-special-heading.av-av_heading-7f303b903b2a7fa0eff1b81b8e8e9f4a .av-special-heading-tag{\nfont-size:24px;\npadding:0% 0% 0% 0%;\n}\n.av-special-heading.av-av_heading-7f303b903b2a7fa0eff1b81b8e8e9f4a .special-heading-inner-border{\nborder-color:#5d5f5f;\n}\n.av-special-heading.av-av_heading-7f303b903b2a7fa0eff1b81b8e8e9f4a .av-subheading{\nfont-size:15px;\n}\n\n@media only screen and (max-width: 479px){ \n#top #wrap_all .av-special-heading.av-av_heading-7f303b903b2a7fa0eff1b81b8e8e9f4a .av-special-heading-tag{\nfont-size:20px;\n}\n}\n\n@media only screen and (min-width: 480px) and (max-width: 767px){ \n#top #wrap_all .av-special-heading.av-av_heading-7f303b903b2a7fa0eff1b81b8e8e9f4a .av-special-heading-tag{\nfont-size:0.8em;\n}\n}\n<\/style>\n<div  class='av-special-heading av-av_heading-7f303b903b2a7fa0eff1b81b8e8e9f4a av-special-heading-h1 custom-color-heading blockquote modern-quote  avia-builder-el-2  avia-builder-el-no-sibling  av-inherit-size'><h1 class='av-special-heading-tag'  itemprop=\"headline\"  >POL\u00cdTICA DE PRIVACIDAD<\/h1><div class=\"special-heading-border\"><div class=\"special-heading-inner-border\"><\/div><\/div><\/div><\/div>\n\n<\/div><\/div><\/main><!-- close content main element --><\/div><\/div>\n<style type=\"text\/css\" data-created_by=\"avia_inline_auto\" id=\"style-css-av-av_section-e80c29b93aac01dba0f3b6b54b77d0cf\">\n.avia-section.av-av_section-e80c29b93aac01dba0f3b6b54b77d0cf{\nmargin-top:2%;\nmargin-bottom:2%;\n}\n<\/style>\n<div id='av_section_2'  class='avia-section av-av_section-e80c29b93aac01dba0f3b6b54b77d0cf main_color avia-section-default avia-no-border-styling  avia-builder-el-3  el_after_av_section  avia-builder-el-last  avia-bg-style-scroll container_wrap sidebar_right'  ><div class='container av-section-cont-open' ><div class='template-page content  av-content-small alpha units'><div class='post-entry post-entry-type-page post-entry-3'><div class='entry-content-wrapper clearfix'>\n\n<style type=\"text\/css\" data-created_by=\"avia_inline_auto\" id=\"style-css-av-av_one_full-1ba6b84490bca59551541b57ca4133f4\">\n#top .flex_column.av-av_one_full-1ba6b84490bca59551541b57ca4133f4{\nmargin-top:0%;\nmargin-bottom:0%;\n}\n.flex_column.av-av_one_full-1ba6b84490bca59551541b57ca4133f4{\npadding:0% 0% 0% 0%;\n}\n.responsive #top #wrap_all .flex_column.av-av_one_full-1ba6b84490bca59551541b57ca4133f4{\nmargin-top:0%;\nmargin-bottom:0%;\n}\n<\/style>\n<div class='flex_column av-av_one_full-1ba6b84490bca59551541b57ca4133f4 av_one_full  avia-builder-el-4  avia-builder-el-no-sibling  first flex_column_div av-animated-generic fade-in av-zero-column-padding'     ><p>\n<style type=\"text\/css\" data-created_by=\"avia_inline_auto\" id=\"style-css-av-av_heading-24fbc5292636c2a41432412266ef7bf8\">\n#top .av-special-heading.av-av_heading-24fbc5292636c2a41432412266ef7bf8{\nmargin:0% 0% 0% 0%;\npadding-bottom:0;\nfont-size:48px;\n}\nbody .av-special-heading.av-av_heading-24fbc5292636c2a41432412266ef7bf8 .av-special-heading-tag .heading-char{\nfont-size:25px;\n}\n#top #wrap_all .av-special-heading.av-av_heading-24fbc5292636c2a41432412266ef7bf8 .av-special-heading-tag{\nfont-size:48px;\npadding:0% 0% 1% 0%;\n}\n.av-special-heading.av-av_heading-24fbc5292636c2a41432412266ef7bf8 .av-subheading{\nfont-size:15px;\n}\n\n@media only screen and (max-width: 479px){ \n#top #wrap_all .av-special-heading.av-av_heading-24fbc5292636c2a41432412266ef7bf8 .av-special-heading-tag{\nfont-size:28px;\n}\n}\n\n@media only screen and (min-width: 480px) and (max-width: 767px){ \n#top #wrap_all .av-special-heading.av-av_heading-24fbc5292636c2a41432412266ef7bf8 .av-special-heading-tag{\nfont-size:0.8em;\n}\n}\n<\/style>\n<div  class='av-special-heading av-av_heading-24fbc5292636c2a41432412266ef7bf8 av-special-heading-h1 blockquote modern-quote  avia-builder-el-5  el_before_av_textblock  avia-builder-el-first  av-inherit-size'><h1 class='av-special-heading-tag'  itemprop=\"headline\"  >DECLARACI\u00d3N DE PRIVACIDAD DEL SITIO WEB 1edo<\/h1><div class=\"special-heading-border\"><div class=\"special-heading-inner-border\"><\/div><\/div><\/div><br \/>\n\n<style type=\"text\/css\" data-created_by=\"avia_inline_auto\" id=\"style-css-av-av_textblock-c45a5ea5b29b5b872b961519468d19fe\">\n#top .av_textblock_section.av-av_textblock-c45a5ea5b29b5b872b961519468d19fe .avia_textblock{\nfont-size:16px;\ntext-align:left;\n}\n\n@media only screen and (max-width: 479px){ \n#top .av_textblock_section.av-av_textblock-c45a5ea5b29b5b872b961519468d19fe .avia_textblock{\nfont-size:16px;\n}\n}\n<\/style>\n<section  class='av_textblock_section av-av_textblock-c45a5ea5b29b5b872b961519468d19fe'  itemscope=\"itemscope\" itemtype=\"https:\/\/schema.org\/CreativeWork\" ><div class='avia_textblock nocti_polly_vbnmdfgv'  itemprop=\"text\" ><p>\u00daltima actualizaci\u00f3n: julio de 2023<br \/>\nEste aviso de privacidad explica c\u00f3mo 1edo recopila y utiliza datos personales de los visitantes de sus sitios web y m\u00f3viles que enlazan directamente con este aviso (colectivamente &quot;Sitios&quot;). Sus datos personales est\u00e1n controlados por<br \/>\n1edo Europe SA (colectivamente \u201c1edo\u201d, \u201cNosotros\u201d y \u201cNos\u201d).<\/p>\n<h1>DATOS ENVIADOS ACTIVAMENTE<\/h1>\n<p>Si nos llama, nos env\u00eda un correo electr\u00f3nico o completa un formulario en uno de nuestros Sitios, utilizamos la informaci\u00f3n que proporciona para responder a su solicitud o para comunicarnos con usted o ayudarlo de otro modo. Si realiza compras a trav\u00e9s de nuestros Sitios, podemos recopilar los datos necesarios para procesar su pedido, como su direcci\u00f3n de env\u00edo, los productos solicitados y su informaci\u00f3n de contacto.<\/p>\n<h1>DATOS PROPORCIONADOS PASIVAMENTE<\/h1>\n<p>Cuando accede a nuestros Sitios, seg\u00fan sus opciones de participaci\u00f3n, se comparte con nosotros cierta informaci\u00f3n sobre su computadora o dispositivo m\u00f3vil, que puede incluir las actividades que realiza en nuestros Sitios, el tipo de hardware y software que est\u00e1 utilizando (como como su sistema operativo o navegador), informaci\u00f3n almacenada en las cookies, direcci\u00f3n IP, tiempos de acceso, las p\u00e1ginas web de donde viene, las regiones desde las que navega en la p\u00e1gina web y las p\u00e1ginas web a las que accede. Utilizamos esta informaci\u00f3n para comprender mejor los intereses de los usuarios de nuestros Sitios y mejorar nuestros Sitios, servicios y productos.<\/p>\n<p>Actualmente no respondemos a las se\u00f1ales de &quot;No rastrear&quot; en los navegadores, ya que intentamos brindar una experiencia personalizada en el sitio web.<\/p>\n<h1>GALLETAS<\/h1>\n<p>1edo utiliza cookies que son esencialmente peque\u00f1os archivos de datos que se colocan en su computadora, tableta, tel\u00e9fono m\u00f3vil u otros dispositivos. Haga clic aqu\u00ed para obtener m\u00e1s informaci\u00f3n sobre las cookies.<\/p>\n<h1>USO Y COMPARTIMIENTO DE DATOS<\/h1>\n<p>Utilizamos los datos que recopilamos para brindarle experiencias ricas e interactivas. En particular, podemos utilizar datos para:<\/p>\n<ul>\n<li>proporcionar el servicio o realizar las transacciones a su solicitud;<\/li>\n<li>mejorar y desarrollar nuestros productos;<\/li>\n<li>personaliza tu experiencia;<\/li>\n<li>procesar las solicitudes de empleo que env\u00ede a trav\u00e9s de nuestros Sitios;<\/li>\n<li>anunciarle y comercializarle sujeto a los requisitos legales aplicables, que pueden incluir el env\u00edo de comunicaciones promocionales, orientaci\u00f3n<\/li>\n<li>publicidad y presentaci\u00f3n de ofertas relevantes.<\/li>\n<\/ul>\n<h1>NI\u00d1OS<\/h1>\n<p>No recopilamos ni mantenemos conscientemente informaci\u00f3n sobre personas menores de 13 a\u00f1os. Si nos enteramos de que se ha recopilado informaci\u00f3n sobre personas menores de 13 a\u00f1os en los Sitios o a trav\u00e9s de ellos, tomaremos las medidas adecuadas para eliminar esta informaci\u00f3n. Si usted es el padre o tutor legal de un ni\u00f1o menor de 13 a\u00f1os que se ha registrado para obtener una cuenta o servicio en nuestros Sitios, comun\u00edquese con nosotros utilizando la informaci\u00f3n de contacto a continuaci\u00f3n para cancelar la cuenta o servicio de ese ni\u00f1o y eliminar su informaci\u00f3n personal.<\/p>\n<h1>RETENCI\u00d3N DE DATOS<\/h1>\n<p>Conservamos datos personales durante el tiempo necesario para proporcionar funcionalidad y realizar las transacciones que ha solicitado, o para otros fines leg\u00edtimos, como cumplir con nuestras obligaciones legales, resolver disputas y hacer cumplir nuestros acuerdos. Debido a que estas necesidades pueden variar seg\u00fan los diferentes tipos de datos, el contexto de nuestras interacciones con usted o su uso de nuestros Sitios, los per\u00edodos de retenci\u00f3n reales pueden variar significativamente.<\/p>\n<h1>SEGURIDAD DE DATOS<\/h1>\n<p>Utilizamos certificados TLS, cifrado, limitaciones de acceso a datos, software antivirus y firewalls para reducir el riesgo de acceso no autorizado a datos personales. Ninguna transmisi\u00f3n de datos a trav\u00e9s de Internet o de cualquier red inal\u00e1mbrica es completamente segura. Tenga en cuenta los riesgos de seguridad cuando nos transmite datos personales y cuando publica informaci\u00f3n en nuestros foros p\u00fablicos.<br \/>\nSi desea informar alg\u00fan problema de seguridad en cualquiera de nuestros productos, complete el formulario y los archivos adjuntos requeridos y env\u00edelo a 1edo Security.<\/p>\n<h1>CONTROLAR Y ACCEDER A SU INFORMACI\u00d3N<\/h1>\n<p>Puede solicitar que actualicemos o eliminemos\/desactivemos cierta informaci\u00f3n que le pertenece.<\/p>\n<p>Si no podemos eliminar cierta informaci\u00f3n personal, le informaremos por qu\u00e9. Si se ha suscrito a correos electr\u00f3nicos de marketing, puede detener la entrega siguiendo las instrucciones para cancelar la suscripci\u00f3n contenidas en el correo electr\u00f3nico recibido o en la p\u00e1gina de administraci\u00f3n de suscripciones en nuestro Sitio: https:\/\/blogs.1edo.com\/subscribe.<\/p>\n<p>Tambi\u00e9n tienes derecho a solicitar c\u00f3mo se procesan tus datos y con qui\u00e9n los compartimos.<\/p>\n<p>Adem\u00e1s, si cree que cierta informaci\u00f3n que 1edo procesa sobre usted es inexacta, tiene derecho a que se corrija esta informaci\u00f3n.<\/p>\n<p>Nos esforzaremos por responder a su solicitud de revisar la informaci\u00f3n que tenemos archivada para usted dentro de los 30 d\u00edas posteriores a la recepci\u00f3n de dicha solicitud.<\/p>\n<p>Si tiene preguntas, comentarios o desea realizar una solicitud con respecto a sus datos o nuestra Declaraci\u00f3n, Declaraciones anteriores y pr\u00e1cticas de datos, cont\u00e1ctenos en support.1edo.com\/response-center o mediante los siguientes m\u00e9todos:<\/p>\n<p>Tel\u00e9fono: +86-755-61811368<br \/>\nContacto: support.1edo.com\/response-center<br \/>\nCorreo postal: 5F, edificio B20, parque industrial Hengfeng, xixiangtown, distrito de Bao&#039;an, Shenzhen, china<\/p>\n<p>Si no est\u00e1 satisfecho con nuestra respuesta, puede remitir su queja o disputa de privacidad a la autoridad estatal o nacional de protecci\u00f3n de datos correspondiente en su jurisdicci\u00f3n.<\/p>\n<h1>CAMBIO A ESTA DECLARACI\u00d3N<\/h1>\n<p>Ocasionalmente actualizaremos esta Declaraci\u00f3n. Si hay cambios materiales en esta Declaraci\u00f3n o en c\u00f3mo usaremos su informaci\u00f3n personal, publicaremos los cambios de manera destacada antes de realizarlos.<\/p>\n<p>No realizaremos ning\u00fan cambio que proteja menos su informaci\u00f3n personal recopilada en el pasado sin su consentimiento.<\/p>\n<p>Le recomendamos que revise peri\u00f3dicamente esta Declaraci\u00f3n para estar informado sobre c\u00f3mo protegemos su informaci\u00f3n.<\/p>\n<p>Gracias por su inter\u00e9s en 1edo y nuestros productos y servicios.<\/p>\n<\/div><\/section><\/p><\/div>\n<\/div><\/div><\/div><!-- close content main div --><\/div><\/div><div id='after_section_2'  class='main_color av_default_container_wrap container_wrap sidebar_right'  ><div class='container av-section-cont-open' ><div class='template-page content  av-content-small alpha units'><div class='post-entry post-entry-type-page post-entry-3'><div class='entry-content-wrapper clearfix'>","protected":false},"excerpt":{"rendered":"","protected":false},"author":1,"featured_media":0,"parent":0,"menu_order":0,"comment_status":"closed","ping_status":"open","template":"","meta":{"footnotes":""},"class_list":["post-3","page","type-page","status-publish","hentry"],"yoast_head":"<!-- This site is optimized with the Yoast SEO Premium plugin v26.5 (Yoast SEO v26.7) - https:\/\/yoast.com\/wordpress\/plugins\/seo\/ -->\n<title>Privacy Policy - 1edo blogs<\/title>\n<meta name=\"description\" content=\"1edo blogs Privacy Policy, At 1edo, we prioritize your privacy. Learn more about our product privacy policy and how we protect Your personal information. Please visit us now to read our policy.\" \/>\n<meta name=\"robots\" content=\"index, follow, max-snippet:-1, max-image-preview:large, max-video-preview:-1\" \/>\n<link rel=\"canonical\" href=\"https:\/\/blogscdn.1edo.com\/in\/\u0a2a\u0a30\u0a3e\u0a08\u0a35\u0a47\u0a1f-\u0a28\u0a40\u0a24\u0a40\/\" \/>\n<meta property=\"og:locale\" content=\"es_ES\" \/>\n<meta property=\"og:type\" content=\"article\" \/>\n<meta property=\"og:title\" content=\"Privacy Policy\" \/>\n<meta property=\"og:description\" content=\"1edo blogs Privacy Policy, At 1edo, we prioritize your privacy. Learn more about our product privacy policy and how we protect Your personal information. Please visit us now to read our policy.\" \/>\n<meta property=\"og:url\" content=\"https:\/\/blogscdn.1edo.com\/in\/\u0a2a\u0a30\u0a3e\u0a08\u0a35\u0a47\u0a1f-\u0a28\u0a40\u0a24\u0a40\/\" \/>\n<meta property=\"og:site_name\" content=\"1edo blogs\" \/>\n<meta property=\"article:modified_time\" content=\"2024-05-30T01:52:23+00:00\" \/>\n<meta name=\"twitter:card\" content=\"summary_large_image\" \/>\n<meta name=\"twitter:label1\" content=\"Tiempo de lectura\" \/>\n\t<meta name=\"twitter:data1\" content=\"8 minutos\" \/>\n<script type=\"application\/ld+json\" class=\"yoast-schema-graph\">{\"@context\":\"https:\/\/schema.org\",\"@graph\":[{\"@type\":\"WebPage\",\"@id\":\"https:\/\/blogscdn.1edo.com\/in\/%e0%a8%aa%e0%a8%b0%e0%a8%be%e0%a8%88%e0%a8%b5%e0%a9%87%e0%a8%9f-%e0%a8%a8%e0%a9%80%e0%a8%a4%e0%a9%80\/\",\"url\":\"https:\/\/blogscdn.1edo.com\/in\/%e0%a8%aa%e0%a8%b0%e0%a8%be%e0%a8%88%e0%a8%b5%e0%a9%87%e0%a8%9f-%e0%a8%a8%e0%a9%80%e0%a8%a4%e0%a9%80\/\",\"name\":\"Privacy Policy - 1edo blogs\",\"isPartOf\":{\"@id\":\"https:\/\/blogscdn.1edo.com\/#website\"},\"datePublished\":\"2023-08-01T23:58:36+00:00\",\"dateModified\":\"2024-05-30T01:52:23+00:00\",\"description\":\"1edo blogs Privacy Policy, At 1edo, we prioritize your privacy. Learn more about our product privacy policy and how we protect Your personal information. Please visit us now to read our policy.\",\"breadcrumb\":{\"@id\":\"https:\/\/blogscdn.1edo.com\/in\/%e0%a8%aa%e0%a8%b0%e0%a8%be%e0%a8%88%e0%a8%b5%e0%a9%87%e0%a8%9f-%e0%a8%a8%e0%a9%80%e0%a8%a4%e0%a9%80\/#breadcrumb\"},\"inLanguage\":\"es\",\"potentialAction\":[{\"@type\":\"ReadAction\",\"target\":[\"https:\/\/blogscdn.1edo.com\/in\/%e0%a8%aa%e0%a8%b0%e0%a8%be%e0%a8%88%e0%a8%b5%e0%a9%87%e0%a8%9f-%e0%a8%a8%e0%a9%80%e0%a8%a4%e0%a9%80\/\"]}]},{\"@type\":\"BreadcrumbList\",\"@id\":\"https:\/\/blogscdn.1edo.com\/in\/%e0%a8%aa%e0%a8%b0%e0%a8%be%e0%a8%88%e0%a8%b5%e0%a9%87%e0%a8%9f-%e0%a8%a8%e0%a9%80%e0%a8%a4%e0%a9%80\/#breadcrumb\",\"itemListElement\":[{\"@type\":\"ListItem\",\"position\":1,\"name\":\"Home\",\"item\":\"https:\/\/blogscdn.1edo.com\/\"},{\"@type\":\"ListItem\",\"position\":2,\"name\":\"Privacy Policy\"}]},{\"@type\":\"WebSite\",\"@id\":\"https:\/\/blogscdn.1edo.com\/#website\",\"url\":\"https:\/\/blogscdn.1edo.com\/\",\"name\":\"1edo blogs\",\"description\":\"1edo blogs\",\"potentialAction\":[{\"@type\":\"SearchAction\",\"target\":{\"@type\":\"EntryPoint\",\"urlTemplate\":\"https:\/\/blogscdn.1edo.com\/?s={search_term_string}\"},\"query-input\":{\"@type\":\"PropertyValueSpecification\",\"valueRequired\":true,\"valueName\":\"search_term_string\"}}],\"inLanguage\":\"es\"}]}<\/script>\n<!-- \/ Yoast SEO Premium plugin. -->","yoast_head_json":{"title":"Pol\u00edtica de privacidad - blogs 1edo","description":"1edo blogs Privacy Policy, At 1edo, we prioritize your privacy. Learn more about our product privacy policy and how we protect Your personal information. Please visit us now to read our policy.","robots":{"index":"index","follow":"follow","max-snippet":"max-snippet:-1","max-image-preview":"max-image-preview:large","max-video-preview":"max-video-preview:-1"},"canonical":"https:\/\/blogscdn.1edo.com\/in\/\u0a2a\u0a30\u0a3e\u0a08\u0a35\u0a47\u0a1f-\u0a28\u0a40\u0a24\u0a40\/","og_locale":"es_ES","og_type":"article","og_title":"Privacy Policy","og_description":"1edo blogs Privacy Policy, At 1edo, we prioritize your privacy. Learn more about our product privacy policy and how we protect Your personal information. Please visit us now to read our policy.","og_url":"https:\/\/blogscdn.1edo.com\/in\/\u0a2a\u0a30\u0a3e\u0a08\u0a35\u0a47\u0a1f-\u0a28\u0a40\u0a24\u0a40\/","og_site_name":"1edo blogs","article_modified_time":"2024-05-30T01:52:23+00:00","twitter_card":"summary_large_image","twitter_misc":{"Tiempo de lectura":"8 minutos"},"schema":{"@context":"https:\/\/schema.org","@graph":[{"@type":"WebPage","@id":"https:\/\/blogscdn.1edo.com\/in\/%e0%a8%aa%e0%a8%b0%e0%a8%be%e0%a8%88%e0%a8%b5%e0%a9%87%e0%a8%9f-%e0%a8%a8%e0%a9%80%e0%a8%a4%e0%a9%80\/","url":"https:\/\/blogscdn.1edo.com\/in\/%e0%a8%aa%e0%a8%b0%e0%a8%be%e0%a8%88%e0%a8%b5%e0%a9%87%e0%a8%9f-%e0%a8%a8%e0%a9%80%e0%a8%a4%e0%a9%80\/","name":"Pol\u00edtica de privacidad - blogs 1edo","isPartOf":{"@id":"https:\/\/blogscdn.1edo.com\/#website"},"datePublished":"2023-08-01T23:58:36+00:00","dateModified":"2024-05-30T01:52:23+00:00","description":"1edo blogs Privacy Policy, At 1edo, we prioritize your privacy. Learn more about our product privacy policy and how we protect Your personal information. Please visit us now to read our policy.","breadcrumb":{"@id":"https:\/\/blogscdn.1edo.com\/in\/%e0%a8%aa%e0%a8%b0%e0%a8%be%e0%a8%88%e0%a8%b5%e0%a9%87%e0%a8%9f-%e0%a8%a8%e0%a9%80%e0%a8%a4%e0%a9%80\/#breadcrumb"},"inLanguage":"es","potentialAction":[{"@type":"ReadAction","target":["https:\/\/blogscdn.1edo.com\/in\/%e0%a8%aa%e0%a8%b0%e0%a8%be%e0%a8%88%e0%a8%b5%e0%a9%87%e0%a8%9f-%e0%a8%a8%e0%a9%80%e0%a8%a4%e0%a9%80\/"]}]},{"@type":"BreadcrumbList","@id":"https:\/\/blogscdn.1edo.com\/in\/%e0%a8%aa%e0%a8%b0%e0%a8%be%e0%a8%88%e0%a8%b5%e0%a9%87%e0%a8%9f-%e0%a8%a8%e0%a9%80%e0%a8%a4%e0%a9%80\/#breadcrumb","itemListElement":[{"@type":"ListItem","position":1,"name":"Home","item":"https:\/\/blogscdn.1edo.com\/"},{"@type":"ListItem","position":2,"name":"Privacy Policy"}]},{"@type":"WebSite","@id":"https:\/\/blogscdn.1edo.com\/#website","url":"https:\/\/blogscdn.1edo.com\/","name":"blogs 1edo","description":"blogs 1edo","potentialAction":[{"@type":"SearchAction","target":{"@type":"EntryPoint","urlTemplate":"https:\/\/blogscdn.1edo.com\/?s={search_term_string}"},"query-input":{"@type":"PropertyValueSpecification","valueRequired":true,"valueName":"search_term_string"}}],"inLanguage":"es"}]}},"_links":{"self":[{"href":"https:\/\/blogs.1edo.com\/es\/wp-json\/wp\/v2\/pages\/3","targetHints":{"allow":["GET"]}}],"collection":[{"href":"https:\/\/blogs.1edo.com\/es\/wp-json\/wp\/v2\/pages"}],"about":[{"href":"https:\/\/blogs.1edo.com\/es\/wp-json\/wp\/v2\/types\/page"}],"author":[{"embeddable":true,"href":"https:\/\/blogs.1edo.com\/es\/wp-json\/wp\/v2\/users\/1"}],"replies":[{"embeddable":true,"href":"https:\/\/blogs.1edo.com\/es\/wp-json\/wp\/v2\/comments?post=3"}],"version-history":[{"count":3,"href":"https:\/\/blogs.1edo.com\/es\/wp-json\/wp\/v2\/pages\/3\/revisions"}],"predecessor-version":[{"id":6835,"href":"https:\/\/blogs.1edo.com\/es\/wp-json\/wp\/v2\/pages\/3\/revisions\/6835"}],"wp:attachment":[{"href":"https:\/\/blogs.1edo.com\/es\/wp-json\/wp\/v2\/media?parent=3"}],"curies":[{"name":"wp","href":"https:\/\/api.w.org\/{rel}","templated":true}]}}