

{"id":3,"date":"2023-08-01T23:58:36","date_gmt":"2023-08-01T23:58:36","guid":{"rendered":"https:\/\/blogs.1edo.com\/?page_id=3"},"modified":"2024-05-30T01:52:23","modified_gmt":"2024-05-30T01:52:23","slug":"fortrolighedspolitik","status":"publish","type":"page","link":"https:\/\/blogs.1edo.com\/dk\/fortrolighedspolitik\/","title":{"rendered":"Fortrolighedspolitik"},"content":{"rendered":"<style type=\"text\/css\" data-created_by=\"avia_inline_auto\" id=\"style-css-av-av_section-52d6baff8bfb617c867925a6fbc1b98b\">\n.avia-section.av-av_section-52d6baff8bfb617c867925a6fbc1b98b{\nbackground-color:#fafafa;\nbackground-image:unset;\nmargin-top:0px;\nmargin-bottom:0px;\n}\n<\/style>\n<div id='av_section_1'  class='avia-section av-av_section-52d6baff8bfb617c867925a6fbc1b98b main_color avia-section-small avia-no-border-styling  avia-builder-el-0  el_before_av_section  avia-builder-el-first  avia-bg-style-scroll container_wrap sidebar_right'  ><div class='container av-section-cont-open' ><main  role=\"main\" itemprop=\"mainContentOfPage\"  class='template-page content  av-content-small alpha units'><div class='post-entry post-entry-type-page post-entry-3'><div class='entry-content-wrapper clearfix'>\n\n<style type=\"text\/css\" data-created_by=\"avia_inline_auto\" id=\"style-css-av-av_one_full-5c2940aec08386bc66704c18cd7c0942\">\n#top .flex_column.av-av_one_full-5c2940aec08386bc66704c18cd7c0942{\nmargin-top:0px;\nmargin-bottom:0px;\n}\n.flex_column.av-av_one_full-5c2940aec08386bc66704c18cd7c0942{\npadding:0% 0% 0% 0%;\n}\n.responsive #top #wrap_all .flex_column.av-av_one_full-5c2940aec08386bc66704c18cd7c0942{\nmargin-top:0px;\nmargin-bottom:0px;\n}\n<\/style>\n<div class='flex_column av-av_one_full-5c2940aec08386bc66704c18cd7c0942 av_one_full  avia-builder-el-1  avia-builder-el-no-sibling  first flex_column_div av-animated-generic left-to-right av-zero-column-padding'     ><style type=\"text\/css\" data-created_by=\"avia_inline_auto\" id=\"style-css-av-av_heading-7f303b903b2a7fa0eff1b81b8e8e9f4a\">\n#top .av-special-heading.av-av_heading-7f303b903b2a7fa0eff1b81b8e8e9f4a{\nmargin:0% 0% 0% 0%;\npadding-bottom:0;\ncolor:#5d5f5f;\nfont-size:24px;\n}\nbody .av-special-heading.av-av_heading-7f303b903b2a7fa0eff1b81b8e8e9f4a .av-special-heading-tag .heading-char{\nfont-size:25px;\n}\n#top #wrap_all .av-special-heading.av-av_heading-7f303b903b2a7fa0eff1b81b8e8e9f4a .av-special-heading-tag{\nfont-size:24px;\npadding:0% 0% 0% 0%;\n}\n.av-special-heading.av-av_heading-7f303b903b2a7fa0eff1b81b8e8e9f4a .special-heading-inner-border{\nborder-color:#5d5f5f;\n}\n.av-special-heading.av-av_heading-7f303b903b2a7fa0eff1b81b8e8e9f4a .av-subheading{\nfont-size:15px;\n}\n\n@media only screen and (max-width: 479px){ \n#top #wrap_all .av-special-heading.av-av_heading-7f303b903b2a7fa0eff1b81b8e8e9f4a .av-special-heading-tag{\nfont-size:20px;\n}\n}\n\n@media only screen and (min-width: 480px) and (max-width: 767px){ \n#top #wrap_all .av-special-heading.av-av_heading-7f303b903b2a7fa0eff1b81b8e8e9f4a .av-special-heading-tag{\nfont-size:0.8em;\n}\n}\n<\/style>\n<div  class='av-special-heading av-av_heading-7f303b903b2a7fa0eff1b81b8e8e9f4a av-special-heading-h1 custom-color-heading blockquote modern-quote  avia-builder-el-2  avia-builder-el-no-sibling  av-inherit-size'><h1 class='av-special-heading-tag'  itemprop=\"headline\"  >FORTROLIGHEDSPOLITIK<\/h1><div class=\"special-heading-border\"><div class=\"special-heading-inner-border\"><\/div><\/div><\/div><\/div>\n\n<\/div><\/div><\/main><!-- close content main element --><\/div><\/div>\n<style type=\"text\/css\" data-created_by=\"avia_inline_auto\" id=\"style-css-av-av_section-e80c29b93aac01dba0f3b6b54b77d0cf\">\n.avia-section.av-av_section-e80c29b93aac01dba0f3b6b54b77d0cf{\nmargin-top:2%;\nmargin-bottom:2%;\n}\n<\/style>\n<div id='av_section_2'  class='avia-section av-av_section-e80c29b93aac01dba0f3b6b54b77d0cf main_color avia-section-default avia-no-border-styling  avia-builder-el-3  el_after_av_section  avia-builder-el-last  avia-bg-style-scroll container_wrap sidebar_right'  ><div class='container av-section-cont-open' ><div class='template-page content  av-content-small alpha units'><div class='post-entry post-entry-type-page post-entry-3'><div class='entry-content-wrapper clearfix'>\n\n<style type=\"text\/css\" data-created_by=\"avia_inline_auto\" id=\"style-css-av-av_one_full-1ba6b84490bca59551541b57ca4133f4\">\n#top .flex_column.av-av_one_full-1ba6b84490bca59551541b57ca4133f4{\nmargin-top:0%;\nmargin-bottom:0%;\n}\n.flex_column.av-av_one_full-1ba6b84490bca59551541b57ca4133f4{\npadding:0% 0% 0% 0%;\n}\n.responsive #top #wrap_all .flex_column.av-av_one_full-1ba6b84490bca59551541b57ca4133f4{\nmargin-top:0%;\nmargin-bottom:0%;\n}\n<\/style>\n<div class='flex_column av-av_one_full-1ba6b84490bca59551541b57ca4133f4 av_one_full  avia-builder-el-4  avia-builder-el-no-sibling  first flex_column_div av-animated-generic fade-in av-zero-column-padding'     ><p>\n<style type=\"text\/css\" data-created_by=\"avia_inline_auto\" id=\"style-css-av-av_heading-24fbc5292636c2a41432412266ef7bf8\">\n#top .av-special-heading.av-av_heading-24fbc5292636c2a41432412266ef7bf8{\nmargin:0% 0% 0% 0%;\npadding-bottom:0;\nfont-size:48px;\n}\nbody .av-special-heading.av-av_heading-24fbc5292636c2a41432412266ef7bf8 .av-special-heading-tag .heading-char{\nfont-size:25px;\n}\n#top #wrap_all .av-special-heading.av-av_heading-24fbc5292636c2a41432412266ef7bf8 .av-special-heading-tag{\nfont-size:48px;\npadding:0% 0% 1% 0%;\n}\n.av-special-heading.av-av_heading-24fbc5292636c2a41432412266ef7bf8 .av-subheading{\nfont-size:15px;\n}\n\n@media only screen and (max-width: 479px){ \n#top #wrap_all .av-special-heading.av-av_heading-24fbc5292636c2a41432412266ef7bf8 .av-special-heading-tag{\nfont-size:28px;\n}\n}\n\n@media only screen and (min-width: 480px) and (max-width: 767px){ \n#top #wrap_all .av-special-heading.av-av_heading-24fbc5292636c2a41432412266ef7bf8 .av-special-heading-tag{\nfont-size:0.8em;\n}\n}\n<\/style>\n<div  class='av-special-heading av-av_heading-24fbc5292636c2a41432412266ef7bf8 av-special-heading-h1 blockquote modern-quote  avia-builder-el-5  el_before_av_textblock  avia-builder-el-first  av-inherit-size'><h1 class='av-special-heading-tag'  itemprop=\"headline\"  >1edo ERKL\u00c6RING TIL WEBSITES FORTROLIGHED<\/h1><div class=\"special-heading-border\"><div class=\"special-heading-inner-border\"><\/div><\/div><\/div><br \/>\n\n<style type=\"text\/css\" data-created_by=\"avia_inline_auto\" id=\"style-css-av-av_textblock-c45a5ea5b29b5b872b961519468d19fe\">\n#top .av_textblock_section.av-av_textblock-c45a5ea5b29b5b872b961519468d19fe .avia_textblock{\nfont-size:16px;\ntext-align:left;\n}\n\n@media only screen and (max-width: 479px){ \n#top .av_textblock_section.av-av_textblock-c45a5ea5b29b5b872b961519468d19fe .avia_textblock{\nfont-size:16px;\n}\n}\n<\/style>\n<section  class='av_textblock_section av-av_textblock-c45a5ea5b29b5b872b961519468d19fe'  itemscope=\"itemscope\" itemtype=\"https:\/\/schema.org\/CreativeWork\" ><div class='avia_textblock nocti_polly_vbnmdfgv'  itemprop=\"text\" ><p>Sidst opdateret: juli 2023<br \/>\nDenne fortrolighedserkl\u00e6ring forklarer, hvordan 1edo indsamler og bruger personlige data fra bes\u00f8gende p\u00e5 sine websteder og mobilsider, der linker direkte til denne meddelelse (samlet &quot;websteder&quot;). Dine personlige data kontrolleres af<br \/>\n1edo Europe SA (samlet &quot;1edo&quot;, &quot;Vi&quot; og &quot;Os&quot;).<\/p>\n<h1>AKTIVT AFGIVEDE DATA<\/h1>\n<p>Hvis du ringer til os, sender os en e-mail eller udfylder en formular p\u00e5 et af vores websteder, bruger vi de oplysninger, du giver, til at svare p\u00e5 din anmodning eller p\u00e5 anden m\u00e5de kommunikere med dig eller hj\u00e6lpe dig. Hvis du foretager k\u00f8b via vores websteder, kan vi indsamle data, der er n\u00f8dvendige for at behandle din ordre, s\u00e5som din leveringsadresse, bestilte produkter og dine kontaktoplysninger.<\/p>\n<h1>PASSIVT LEVERET DATA<\/h1>\n<p>N\u00e5r du f\u00e5r adgang til vores websteder, afh\u00e6ngigt af dine tilvalgsvalg, deles visse oplysninger om din computer eller mobilenhed med os, hvilket kan omfatte de aktiviteter, du udf\u00f8rer p\u00e5 vores websteder, den type hardware og software, du bruger, (f. som dit operativsystem eller browser), oplysninger gemt i cookies, IP-adresse, adgangstider, de websider, du kom fra, de regioner, hvorfra du navigerer p\u00e5 websiden, og de websider, du tilg\u00e5r. Vi bruger disse oplysninger til bedre at forst\u00e5 brugernes interesser p\u00e5 vores websteder, for at forbedre vores websteder, tjenester og produkter.<\/p>\n<p>Vi reagerer i \u00f8jeblikket ikke p\u00e5 &quot;Do Not Track&quot;-signaler i browsere, da vi fors\u00f8ger at give en tilpasset hjemmesideoplevelse.<\/p>\n<h1>COOKIES<\/h1>\n<p>1edo bruger cookies, der i det v\u00e6sentlige er sm\u00e5 datafiler placeret p\u00e5 din computer, tablet, mobiltelefon eller andre enheder. Klik her for at l\u00e6re mere om cookies.<\/p>\n<h1>DATABRUG OG DELING<\/h1>\n<p>Vi bruger de data, vi indsamler, til at give dig rige, interaktive oplevelser. Vi kan is\u00e6r bruge data til at:<\/p>\n<ul>\n<li>levere tjenesten eller udf\u00f8re transaktionerne p\u00e5 din anmodning;<\/li>\n<li>forbedre og udvikle vores produkter;<\/li>\n<li>personligg\u00f8r din oplevelse;<\/li>\n<li>behandle jobans\u00f8gninger, du indsender via vores websteder;<\/li>\n<li>annoncere og markedsf\u00f8re til dig underlagt g\u00e6ldende lovkrav, som kan omfatte afsendelse af salgsfremmende kommunikation, m\u00e5lretning<\/li>\n<li>annoncerer og pr\u00e6senterer dig for relevante tilbud.<\/li>\n<\/ul>\n<h1>B\u00d8RN<\/h1>\n<p>Vi indsamler eller opbevarer ikke bevidst oplysninger om personer under 13 \u00e5r. Hvis vi erfarer, at oplysninger om personer under 13 \u00e5r er blevet indsamlet p\u00e5 eller gennem webstederne, vil vi tage passende skridt til at slette disse oplysninger. Hvis du er for\u00e6lder eller v\u00e6rge for et barn under 13 \u00e5r, som har registreret sig for en konto eller tjeneste p\u00e5 vores websteder, bedes du kontakte os ved hj\u00e6lp af kontaktoplysningerne nedenfor for at f\u00e5 det p\u00e5g\u00e6ldende barns konto eller tjeneste afsluttet og personlige oplysninger slettet.<\/p>\n<h1>OPBEVARING AF DATA<\/h1>\n<p>Vi opbevarer personoplysninger, s\u00e5 l\u00e6nge det er n\u00f8dvendigt for at levere funktionalitet og opfylde de transaktioner, du har anmodet om, eller til andre legitime form\u00e5l, s\u00e5som at overholde vores juridiske forpligtelser, l\u00f8se tvister og h\u00e5ndh\u00e6ve vores aftaler. Fordi disse behov kan variere for forskellige datatyper, konteksten af vores interaktioner med dig eller din brug af vores websteder, kan de faktiske opbevaringsperioder variere betydeligt.<\/p>\n<h1>DATASIKKERHED<\/h1>\n<p>Vi bruger TLS-certifikater, kryptering, dataadgangsbegr\u00e6nsninger, antivirussoftware og firewalls for at reducere risikoen for uautoriseret adgang til personlige data. Ingen dataoverf\u00f8rsel over internettet eller noget tr\u00e5dl\u00f8st netv\u00e6rk er helt sikkert. V\u00e6r opm\u00e6rksom p\u00e5 sikkerhedsrisici, n\u00e5r du overf\u00f8rer personlige data til os, og n\u00e5r du poster oplysninger i vores offentlige fora.<br \/>\nHvis du gerne vil rapportere sikkerhedsproblemer i et af vores produkter, bedes du udfylde formularen og de n\u00f8dvendige vedh\u00e6ftede filer og sende det til 1edo Security.<\/p>\n<h1>KONTROLLER OG ADGANG TIL DINE OPLYSNINGER<\/h1>\n<p>Du kan anmode om, at vi opdaterer eller sletter\/deaktiverer visse oplysninger vedr\u00f8rende dig.<\/p>\n<p>Hvis vi ikke kan fjerne nogle personlige oplysninger, vil vi fort\u00e6lle dig hvorfor. Hvis du har abonneret p\u00e5 marketing-e-mails, kan du stoppe leveringen ved at f\u00f8lge afmeldingsinstruktionerne i den modtagne e-mail eller p\u00e5 abonnementsadministrationssiden p\u00e5 vores websted: https:\/\/blogs.1edo.com\/subscribe.<\/p>\n<p>Du har ogs\u00e5 ret til at anmode om, hvordan dine data behandles, og hvem vi deler dem med.<\/p>\n<p>Derudover, hvis du mener, at visse oplysninger 1edo behandler om dig er un\u00f8jagtige, har du ret til at f\u00e5 disse oplysninger rettet.<\/p>\n<p>Vi vil bestr\u00e6be os p\u00e5 at besvare din anmodning om at gennemg\u00e5 de oplysninger, vi har registreret for dig, inden for 30 dage efter modtagelsen af en s\u00e5dan anmodning.<\/p>\n<p>Hvis du har sp\u00f8rgsm\u00e5l, kommentarer eller gerne vil frems\u00e6tte en anmodning vedr\u00f8rende dine data eller vores erkl\u00e6ring, tidligere erkl\u00e6ringer og datapraksis, bedes du kontakte os p\u00e5 support.1edo.com\/response-center eller via f\u00f8lgende metoder:<\/p>\n<p>Telefon: +86-755-61811368<br \/>\nKontakt\uff1asupport.1edo.com\/response-center<br \/>\nPostpost: 5F, Bygning B20, Hengfeng Industripark, Xixiangtown, Bao&#039;an-distriktet, Shenzhen, Kina<\/p>\n<p>Hvis du ikke er tilfreds med vores svar, kan du henvise din privatlivsklage eller tvist til den relevante statslige eller nationale databeskyttelsesmyndighed i din jurisdiktion.<\/p>\n<h1>\u00c6NDRING AF DENNE ERKL\u00c6RING<\/h1>\n<p>Vi vil lejlighedsvis opdatere denne erkl\u00e6ring. Hvis der er v\u00e6sentlige \u00e6ndringer i denne erkl\u00e6ring eller i, hvordan vi vil bruge dine personlige oplysninger, vil vi fremtr\u00e6dende offentligg\u00f8re \u00e6ndringerne, f\u00f8r vi foretager dem.<\/p>\n<p>Vi vil ikke foretage \u00e6ndringer, der er mindre beskyttende for dine personlige oplysninger indsamlet i fortiden uden dit samtykke.<\/p>\n<p>Vi opfordrer dig til med j\u00e6vne mellemrum at gennemg\u00e5 denne erkl\u00e6ring for at blive informeret om, hvordan vi beskytter dine oplysninger.<\/p>\n<p>Tak for din interesse i 1edo og vores produkter og tjenester.<\/p>\n<\/div><\/section><\/p><\/div>\n<\/div><\/div><\/div><!-- close content main div --><\/div><\/div><div id='after_section_2'  class='main_color av_default_container_wrap container_wrap sidebar_right'  ><div class='container av-section-cont-open' ><div class='template-page content  av-content-small alpha units'><div class='post-entry post-entry-type-page post-entry-3'><div class='entry-content-wrapper clearfix'>","protected":false},"excerpt":{"rendered":"","protected":false},"author":1,"featured_media":0,"parent":0,"menu_order":0,"comment_status":"closed","ping_status":"open","template":"","meta":{"footnotes":""},"class_list":["post-3","page","type-page","status-publish","hentry"],"yoast_head":"<!-- This site is optimized with the Yoast SEO Premium plugin v26.5 (Yoast SEO v26.7) - https:\/\/yoast.com\/wordpress\/plugins\/seo\/ -->\n<title>Privacy Policy - 1edo blogs<\/title>\n<meta name=\"description\" content=\"1edo blogs Privacy Policy, At 1edo, we prioritize your privacy. Learn more about our product privacy policy and how we protect Your personal information. Please visit us now to read our policy.\" \/>\n<meta name=\"robots\" content=\"index, follow, max-snippet:-1, max-image-preview:large, max-video-preview:-1\" \/>\n<link rel=\"canonical\" href=\"https:\/\/blogscdn.1edo.com\/privacy-policy\/\" \/>\n<meta property=\"og:locale\" content=\"da_DK\" \/>\n<meta property=\"og:type\" content=\"article\" \/>\n<meta property=\"og:title\" content=\"Privacy Policy\" \/>\n<meta property=\"og:description\" content=\"1edo blogs Privacy Policy, At 1edo, we prioritize your privacy. Learn more about our product privacy policy and how we protect Your personal information. Please visit us now to read our policy.\" \/>\n<meta property=\"og:url\" content=\"https:\/\/blogscdn.1edo.com\/privacy-policy\/\" \/>\n<meta property=\"og:site_name\" content=\"1edo blogs\" \/>\n<meta property=\"article:modified_time\" content=\"2024-05-30T01:52:23+00:00\" \/>\n<meta name=\"twitter:card\" content=\"summary_large_image\" \/>\n<meta name=\"twitter:label1\" content=\"Estimeret l\u00e6setid\" \/>\n\t<meta name=\"twitter:data1\" content=\"8 minutter\" \/>\n<script type=\"application\/ld+json\" class=\"yoast-schema-graph\">{\"@context\":\"https:\/\/schema.org\",\"@graph\":[{\"@type\":\"WebPage\",\"@id\":\"https:\/\/blogscdn.1edo.com\/privacy-policy\/\",\"url\":\"https:\/\/blogscdn.1edo.com\/privacy-policy\/\",\"name\":\"Privacy Policy - 1edo blogs\",\"isPartOf\":{\"@id\":\"https:\/\/blogscdn.1edo.com\/#website\"},\"datePublished\":\"2023-08-01T23:58:36+00:00\",\"dateModified\":\"2024-05-30T01:52:23+00:00\",\"description\":\"1edo blogs Privacy Policy, At 1edo, we prioritize your privacy. Learn more about our product privacy policy and how we protect Your personal information. Please visit us now to read our policy.\",\"breadcrumb\":{\"@id\":\"https:\/\/blogscdn.1edo.com\/privacy-policy\/#breadcrumb\"},\"inLanguage\":\"da-DK\",\"potentialAction\":[{\"@type\":\"ReadAction\",\"target\":[\"https:\/\/blogscdn.1edo.com\/privacy-policy\/\"]}]},{\"@type\":\"BreadcrumbList\",\"@id\":\"https:\/\/blogscdn.1edo.com\/privacy-policy\/#breadcrumb\",\"itemListElement\":[{\"@type\":\"ListItem\",\"position\":1,\"name\":\"Home\",\"item\":\"https:\/\/blogscdn.1edo.com\/\"},{\"@type\":\"ListItem\",\"position\":2,\"name\":\"Privacy Policy\"}]},{\"@type\":\"WebSite\",\"@id\":\"https:\/\/blogscdn.1edo.com\/#website\",\"url\":\"https:\/\/blogscdn.1edo.com\/\",\"name\":\"1edo blogs\",\"description\":\"1edo blogs\",\"potentialAction\":[{\"@type\":\"SearchAction\",\"target\":{\"@type\":\"EntryPoint\",\"urlTemplate\":\"https:\/\/blogscdn.1edo.com\/?s={search_term_string}\"},\"query-input\":{\"@type\":\"PropertyValueSpecification\",\"valueRequired\":true,\"valueName\":\"search_term_string\"}}],\"inLanguage\":\"da-DK\"}]}<\/script>\n<!-- \/ Yoast SEO Premium plugin. -->","yoast_head_json":{"title":"Privatlivspolitik - 1edo blogs","description":"1edo blogs Privacy Policy, At 1edo, we prioritize your privacy. Learn more about our product privacy policy and how we protect Your personal information. Please visit us now to read our policy.","robots":{"index":"index","follow":"follow","max-snippet":"max-snippet:-1","max-image-preview":"max-image-preview:large","max-video-preview":"max-video-preview:-1"},"canonical":"https:\/\/blogscdn.1edo.com\/privacy-policy\/","og_locale":"da_DK","og_type":"article","og_title":"Privacy Policy","og_description":"1edo blogs Privacy Policy, At 1edo, we prioritize your privacy. Learn more about our product privacy policy and how we protect Your personal information. Please visit us now to read our policy.","og_url":"https:\/\/blogscdn.1edo.com\/privacy-policy\/","og_site_name":"1edo blogs","article_modified_time":"2024-05-30T01:52:23+00:00","twitter_card":"summary_large_image","twitter_misc":{"Estimeret l\u00e6setid":"8 minutter"},"schema":{"@context":"https:\/\/schema.org","@graph":[{"@type":"WebPage","@id":"https:\/\/blogscdn.1edo.com\/privacy-policy\/","url":"https:\/\/blogscdn.1edo.com\/privacy-policy\/","name":"Privatlivspolitik - 1edo blogs","isPartOf":{"@id":"https:\/\/blogscdn.1edo.com\/#website"},"datePublished":"2023-08-01T23:58:36+00:00","dateModified":"2024-05-30T01:52:23+00:00","description":"1edo blogs Privacy Policy, At 1edo, we prioritize your privacy. Learn more about our product privacy policy and how we protect Your personal information. Please visit us now to read our policy.","breadcrumb":{"@id":"https:\/\/blogscdn.1edo.com\/privacy-policy\/#breadcrumb"},"inLanguage":"da-DK","potentialAction":[{"@type":"ReadAction","target":["https:\/\/blogscdn.1edo.com\/privacy-policy\/"]}]},{"@type":"BreadcrumbList","@id":"https:\/\/blogscdn.1edo.com\/privacy-policy\/#breadcrumb","itemListElement":[{"@type":"ListItem","position":1,"name":"Home","item":"https:\/\/blogscdn.1edo.com\/"},{"@type":"ListItem","position":2,"name":"Privacy Policy"}]},{"@type":"WebSite","@id":"https:\/\/blogscdn.1edo.com\/#website","url":"https:\/\/blogscdn.1edo.com\/","name":"1edo blogs","description":"1edo blogs","potentialAction":[{"@type":"SearchAction","target":{"@type":"EntryPoint","urlTemplate":"https:\/\/blogscdn.1edo.com\/?s={search_term_string}"},"query-input":{"@type":"PropertyValueSpecification","valueRequired":true,"valueName":"search_term_string"}}],"inLanguage":"da-DK"}]}},"_links":{"self":[{"href":"https:\/\/blogs.1edo.com\/dk\/wp-json\/wp\/v2\/pages\/3","targetHints":{"allow":["GET"]}}],"collection":[{"href":"https:\/\/blogs.1edo.com\/dk\/wp-json\/wp\/v2\/pages"}],"about":[{"href":"https:\/\/blogs.1edo.com\/dk\/wp-json\/wp\/v2\/types\/page"}],"author":[{"embeddable":true,"href":"https:\/\/blogs.1edo.com\/dk\/wp-json\/wp\/v2\/users\/1"}],"replies":[{"embeddable":true,"href":"https:\/\/blogs.1edo.com\/dk\/wp-json\/wp\/v2\/comments?post=3"}],"version-history":[{"count":3,"href":"https:\/\/blogs.1edo.com\/dk\/wp-json\/wp\/v2\/pages\/3\/revisions"}],"predecessor-version":[{"id":6835,"href":"https:\/\/blogs.1edo.com\/dk\/wp-json\/wp\/v2\/pages\/3\/revisions\/6835"}],"wp:attachment":[{"href":"https:\/\/blogs.1edo.com\/dk\/wp-json\/wp\/v2\/media?parent=3"}],"curies":[{"name":"wp","href":"https:\/\/api.w.org\/{rel}","templated":true}]}}