

{"id":2926,"date":"2023-11-01T01:39:49","date_gmt":"2023-11-01T01:39:49","guid":{"rendered":"https:\/\/blogs.1edo.com\/register\/"},"modified":"2024-05-31T00:49:35","modified_gmt":"2024-05-31T00:49:35","slug":"registrieren","status":"publish","type":"page","link":"https:\/\/blogs.1edo.com\/de\/registrieren\/","title":{"rendered":"Registrieren"},"content":{"rendered":"<div data-elementor-type=\"wp-page\" data-elementor-id=\"2926\" class=\"elementor elementor-2926\" data-elementor-post-type=\"page\">\n\t\t\t\t<div class=\"elementor-element elementor-element-9088323 e-flex e-con-boxed e-con e-parent\" data-id=\"9088323\" data-element_type=\"container\">\n\t\t\t\t\t<div class=\"e-con-inner\">\n\t\t<div class=\"elementor-element elementor-element-45dfdc0 e-con-full e-flex e-con e-child\" data-id=\"45dfdc0\" data-element_type=\"container\" data-settings=\"{&quot;background_background&quot;:&quot;classic&quot;}\">\n\t\t\t\t<\/div>\n\t\t\t\t<div class=\"elementor-element elementor-element-763ea91 elementor-widget elementor-widget-heading\" data-id=\"763ea91\" data-element_type=\"widget\" data-widget_type=\"heading.default\">\n\t\t\t\t<div class=\"elementor-widget-container\">\n\t\t\t\t\t<h1 class=\"elementor-heading-title elementor-size-default\">EIN KONTO ERSTELLEN<\/h1>\t\t\t\t<\/div>\n\t\t\t\t<\/div>\n\t\t\t\t<div class=\"elementor-element elementor-element-f2f8885 elementor-widget elementor-widget-heading\" data-id=\"f2f8885\" data-element_type=\"widget\" data-widget_type=\"heading.default\">\n\t\t\t\t<div class=\"elementor-widget-container\">\n\t\t\t\t\t<h6 class=\"elementor-heading-title elementor-size-default\">F\u00fcllen Sie alle Felder aus, um Ihre 1edo-ID zu erstellen.<\/h6>\t\t\t\t<\/div>\n\t\t\t\t<\/div>\n\t\t\t\t\t<\/div>\n\t\t\t\t<\/div>\n\t\t<div class=\"elementor-element elementor-element-2db14988 e-flex e-con-boxed e-con e-parent\" data-id=\"2db14988\" data-element_type=\"container\">\n\t\t\t\t\t<div class=\"e-con-inner\">\n\t\t\t\t<div class=\"elementor-element elementor-element-df16b68 elementor-widget elementor-widget-text-editor\" data-id=\"df16b68\" data-element_type=\"widget\" data-widget_type=\"text-editor.default\">\n\t\t\t\t<div class=\"elementor-widget-container\">\n\t\t\t\t\t\t\t\t\t<p>        <form enctype=\"multipart\/form-data\" method=\"post\" id=\"wppb-register-user\" class=\"wppb-user-forms wppb-register-user wppb-user-logged-out\" action=\"https:\/\/blogs.1edo.com\/de\/wp-json\/wp\/v2\/pages\/2926\" data-trp-original-action=\"https:\/\/blogs.1edo.com\/de\/wp-json\/wp\/v2\/pages\/2926\">\n\t\t\t<ul><li class=\"wppb-form-field wppb-default-name-heading\" id=\"wppb-form-element-1\"><h4>Name<\/h4><span class=\"wppb-description-delimiter\"><\/span><\/li><li class=\"wppb-form-field wppb-default-username\" id=\"wppb-form-element-2\">\n\t\t\t<label for=\"username\">Nutzername<span class=\"wppb-required\" title=\"Dieses Feld ist erforderlich\">*<\/span><\/label>\n\t\t\t<input class=\"text-input default_field_username\" name=\"username\" maxlength=\"70\" type=\"text\" id=\"username\" value=\"\"  \/><span class=\"wppb-description-delimiter\"> \u7528\u6237\u540d\u4e0d\u53ef\u66f4\u6539.<\/span><\/li><li class=\"wppb-form-field wppb-default-first-name\" id=\"wppb-form-element-3\">\n\t\t\t<label for=\"first_name\">Vorname<span class=\"wppb-required\" title=\"Dieses Feld ist erforderlich\">*<\/span><\/label>\n\t\t\t<input class=\"text-input default_field_firstname\" name=\"first_name\" maxlength=\"70\" type=\"text\" id=\"first_name\" value=\"\"  \/><\/li><li class=\"wppb-form-field wppb-default-last-name\" id=\"wppb-form-element-4\">\n\t\t\t<label for=\"last_name\">Familienname, Nachname<span class=\"wppb-required\" title=\"Dieses Feld ist erforderlich\">*<\/span><\/label>\n\t\t\t<input class=\"text-input default_field_lastname\" name=\"last_name\" maxlength=\"70\" type=\"text\" id=\"last_name\" value=\"\" \/><\/li><li class=\"wppb-form-field wppb-default-nickname\" id=\"wppb-form-element-5\">\n\t\t\t<label for=\"nickname\">Spitzname<\/label>\n\t\t\t<input class=\"text-input default_field_nickname\" name=\"nickname\" maxlength=\"70\" type=\"text\" id=\"nickname\" value=\"\" \/><\/li><li class=\"wppb-form-field wppb-default-display-name-publicly-as\" id=\"wppb-form-element-6\"><\/li><li class=\"wppb-form-field wppb-select-country\" id=\"wppb-form-element-18\">\n\t\t\t\t<label for=\"custom_field_2\">Land<span class=\"wppb-required\" title=\"Dieses Feld ist erforderlich\">*<\/span><\/label>\n\t\t\t\t<select name=\"custom_field_2\" id=\"custom_field_2\" class=\"custom_field_country_select\" ><option value=\"\">W\u00e4hle ein Land aus<\/option><option value=\"AF\">Afghanistan<\/option><option value=\"AX\">\u00c5landinseln<\/option><option value=\"AL\">Albanien<\/option><option value=\"DZ\">Algerien<\/option><option value=\"AS\">Amerikanisch-Samoa<\/option><option value=\"AD\">Andorra<\/option><option value=\"AO\">Angola<\/option><option value=\"AI\">Anguilla<\/option><option value=\"AQ\">Antarktika<\/option><option value=\"AG\">Antigua und Barbuda<\/option><option value=\"AR\">Argentinien<\/option><option value=\"AM\">Armenien<\/option><option value=\"AW\">Aruba<\/option><option value=\"AU\">Australien<\/option><option value=\"AT\">\u00d6sterreich<\/option><option value=\"AZ\">Aserbaidschan<\/option><option value=\"BS\">Bahamas<\/option><option value=\"BH\">Bahrain<\/option><option value=\"BD\">Bangladesch<\/option><option value=\"BB\">Barbados<\/option><option value=\"BY\">Belarus<\/option><option value=\"BE\">Belgien<\/option><option value=\"BZ\">Belize<\/option><option value=\"BJ\">Benin<\/option><option value=\"BM\">Bermuda<\/option><option value=\"BT\">Bhutan<\/option><option value=\"BO\">Bolivien<\/option><option value=\"BQ\">Bonaire, Sint Eustatius und Saba<\/option><option value=\"BA\">Bosnien und Herzegowina<\/option><option value=\"BW\">Botswana<\/option><option value=\"BV\">Bouvetinsel<\/option><option value=\"BR\">Brasilien<\/option><option value=\"IO\">Britisches Territorium im Indischen Ozean<\/option><option value=\"VG\">Britische Jungferninseln<\/option><option value=\"BN\">Brunei<\/option><option value=\"BG\">Bulgarien<\/option><option value=\"BF\">Burkina Faso<\/option><option value=\"BI\">Burundi<\/option><option value=\"KH\">Kambodscha<\/option><option value=\"CM\">Kamerun<\/option><option value=\"CA\">Kanada<\/option><option value=\"CV\">Kap Verde<\/option><option value=\"KY\">Kaimaninseln<\/option><option value=\"CF\">Zentralafrikanische Republik<\/option><option value=\"TD\">Tschad<\/option><option value=\"CL\">Chile<\/option><option value=\"CN\">China<\/option><option value=\"CX\">Weihnachtsinsel<\/option><option value=\"CC\">Kokosinseln (Keelinginseln)<\/option><option value=\"CO\">Kolumbien<\/option><option value=\"KM\">Komoren<\/option><option value=\"CK\">Cookinseln<\/option><option value=\"CR\">Costa Rica<\/option><option value=\"HR\">Kroatien<\/option><option value=\"CU\">Kuba<\/option><option value=\"CW\">Cura\u00e7ao<\/option><option value=\"CY\">Zypern<\/option><option value=\"CZ\">Tschechien<\/option><option value=\"CD\">Demokratische Republik Kongo<\/option><option value=\"DK\">D\u00e4nemark<\/option><option value=\"DJ\">Dschibuti<\/option><option value=\"DM\">Dominica<\/option><option value=\"DO\">Dominikanische Republik<\/option><option value=\"TL\">Osttimor<\/option><option value=\"EC\">Ecuador<\/option><option value=\"EG\">\u00c4gypten<\/option><option value=\"SV\">El Salvador<\/option><option value=\"GQ\">\u00c4quatorialguinea<\/option><option value=\"ER\">Eritrea<\/option><option value=\"EE\">Estland<\/option><option value=\"ET\">\u00c4thiopien<\/option><option value=\"FK\">Falklandinseln<\/option><option value=\"FO\">F\u00e4r\u00f6er<\/option><option value=\"FJ\">Fidschi<\/option><option value=\"FI\">Finnland<\/option><option value=\"FR\">Frankreich<\/option><option value=\"GF\">Franz\u00f6sisch-Guayana<\/option><option value=\"PF\">Franz\u00f6sisch-Polynesien<\/option><option value=\"TF\">Franz\u00f6sische S\u00fcd- und Antarktisgebiete<\/option><option value=\"GA\">Gabun<\/option><option value=\"GM\">Gambia<\/option><option value=\"GE\">Georgien<\/option><option value=\"DE\">Deutschland<\/option><option value=\"GH\">Ghana<\/option><option value=\"GI\">Gibraltar<\/option><option value=\"GR\">Griechenland<\/option><option value=\"GL\">Gr\u00f6nland<\/option><option value=\"GD\">Grenada<\/option><option value=\"GP\">Guadeloupe<\/option><option value=\"GU\">Guam<\/option><option value=\"GT\">Guatemala<\/option><option value=\"GG\">Guernsey<\/option><option value=\"GN\">Guinea<\/option><option value=\"GW\">Guinea-Bissau<\/option><option value=\"GY\">Guyana<\/option><option value=\"HT\">Haiti<\/option><option value=\"HM\">Heardinseln und McDonaldinseln<\/option><option value=\"HN\">Honduras<\/option><option value=\"HK\">Hongkong<\/option><option value=\"HU\">Ungarn<\/option><option value=\"IS\">Island<\/option><option value=\"IN\">Indien<\/option><option value=\"ID\">Indonesien<\/option><option value=\"IR\">Iran<\/option><option value=\"IQ\">Irak<\/option><option value=\"IE\">Irland<\/option><option value=\"IM\">Isle of Man<\/option><option value=\"IL\">Israel<\/option><option value=\"IT\">Italien<\/option><option value=\"CI\">Elfenbeink\u00fcste<\/option><option value=\"JM\">Jamaika<\/option><option value=\"JP\">Japan<\/option><option value=\"JE\">Jersey<\/option><option value=\"JO\">Jordanien<\/option><option value=\"KZ\">Kasachstan<\/option><option value=\"KE\">Kenia<\/option><option value=\"KI\">Kiribati<\/option><option value=\"XK\">Kosovo<\/option><option value=\"KW\">Kuwait<\/option><option value=\"KG\">Kirgisistan<\/option><option value=\"LA\">Laos<\/option><option value=\"LV\">Lettland<\/option><option value=\"LB\">Libanon<\/option><option value=\"LS\">Lesotho<\/option><option value=\"LR\">Liberia<\/option><option value=\"LY\">Libyen<\/option><option value=\"LI\">Liechtenstein<\/option><option value=\"LT\">Litauen<\/option><option value=\"LU\">Luxemburg<\/option><option value=\"MO\">Macau<\/option><option value=\"MK\">Nordmazedonien<\/option><option value=\"MG\">Madagaskar<\/option><option value=\"MW\">Malawi<\/option><option value=\"MY\">Malaysia<\/option><option value=\"MV\">Malediven<\/option><option value=\"ML\">Mali<\/option><option value=\"MT\">Malta<\/option><option value=\"MH\">Marshallinseln<\/option><option value=\"MQ\">Martinique<\/option><option value=\"MR\">Mauretanien<\/option><option value=\"MU\">Mauritius<\/option><option value=\"YT\">Mayotte<\/option><option value=\"MX\">Mexiko<\/option><option value=\"FM\">Mikronesien<\/option><option value=\"MD\">Moldau<\/option><option value=\"MC\">Monaco<\/option><option value=\"MN\">Mongolei<\/option><option value=\"ME\">Montenegro<\/option><option value=\"MS\">Montserrat<\/option><option value=\"MA\">Marokko<\/option><option value=\"MZ\">Mosambik<\/option><option value=\"MM\">Myanmar<\/option><option value=\"NA\">Namibia<\/option><option value=\"NR\">Nauru<\/option><option value=\"NP\">Nepal<\/option><option value=\"NL\">Niederlande<\/option><option value=\"NC\">Neukaledonien<\/option><option value=\"NZ\">Neuseeland<\/option><option value=\"NI\">Nicaragua<\/option><option value=\"NE\">Niger<\/option><option value=\"NG\">Nigeria<\/option><option value=\"NU\">Niue<\/option><option value=\"NF\">Norfolkinsel<\/option><option value=\"KP\">Nordkorea<\/option><option value=\"MP\">N\u00f6rdliche Marianen<\/option><option value=\"NO\">Norwegen<\/option><option value=\"OM\">Oman<\/option><option value=\"PK\">Pakistan<\/option><option value=\"PW\">Palau<\/option><option value=\"PS\">Pal\u00e4stinensische Autonomiegebiete<\/option><option value=\"PA\">Panama<\/option><option value=\"PG\">Papua-Neuguinea<\/option><option value=\"PY\">Paraguay<\/option><option value=\"PE\">Peru<\/option><option value=\"PH\">Philippinen<\/option><option value=\"PN\">Pitcairninseln<\/option><option value=\"PL\">Polen<\/option><option value=\"PT\">Portugal<\/option><option value=\"PR\">Puerto Rico<\/option><option value=\"QA\">Katar<\/option><option value=\"CG\">Republik Kongo<\/option><option value=\"RE\">R\u00e9union<\/option><option value=\"RO\">Rum\u00e4nien<\/option><option value=\"RU\">Russland<\/option><option value=\"RW\">Ruanda<\/option><option value=\"BL\">Saint-Barth\u00e9lemy<\/option><option value=\"SH\">Saint Helena<\/option><option value=\"KN\">St. Kitts und Nevis<\/option><option value=\"LC\">St. Lucia<\/option><option value=\"MF\">St. Martin<\/option><option value=\"PM\">Saint-Pierre und Miquelon<\/option><option value=\"VC\">St. Vincent und die Grenadinen<\/option><option value=\"WS\">Samoa<\/option><option value=\"SM\">San Marino<\/option><option value=\"ST\">S\u00e3o Tom\u00e9 und Pr\u00edncipe<\/option><option value=\"SA\">Saudi-Arabien<\/option><option value=\"SN\">Senegal<\/option><option value=\"RS\">Serbien<\/option><option value=\"SC\">Seychellen<\/option><option value=\"SL\">Sierra Leone<\/option><option value=\"SG\">Singapur<\/option><option value=\"SX\">Sint Maarten<\/option><option value=\"SK\">Slowakei<\/option><option value=\"SI\">Slowenien<\/option><option value=\"SB\">Salomonen<\/option><option value=\"SO\">Somalia<\/option><option value=\"ZA\">S\u00fcdafrika<\/option><option value=\"GS\">S\u00fcdgeorgien und die S\u00fcdlichen Sandwichinseln<\/option><option value=\"KR\">S\u00fcdkorea<\/option><option value=\"SS\">S\u00fcdsudan<\/option><option value=\"ES\">Spanien<\/option><option value=\"LK\">Sri Lanka<\/option><option value=\"SD\">Sudan<\/option><option value=\"SR\">Surinam<\/option><option value=\"SJ\">Spitzbergen und Jan Mayen<\/option><option value=\"SZ\">Eswatini<\/option><option value=\"SE\">Schweden<\/option><option value=\"CH\">Schweiz<\/option><option value=\"SY\">Syrien<\/option><option value=\"TW\">Taiwan<\/option><option value=\"TJ\">Tadschikistan<\/option><option value=\"TZ\">Tansania<\/option><option value=\"TH\">Thailand<\/option><option value=\"TG\">Togo<\/option><option value=\"TK\">Tokelau<\/option><option value=\"TO\">Tonga<\/option><option value=\"TT\">Trinidad und Tobago<\/option><option value=\"TN\">Tunesien<\/option><option value=\"TR\">T\u00fcrkei<\/option><option value=\"TM\">Turkmenistan<\/option><option value=\"TC\">Turks- und Caicosinseln<\/option><option value=\"TV\">Tuvalu<\/option><option value=\"VI\">Amerikanische Jungferninseln<\/option><option value=\"UG\">Uganda<\/option><option value=\"UA\">Ukraine<\/option><option value=\"AE\">Vereinigte Arabische Emirate<\/option><option value=\"GB\">Vereinigtes K\u00f6nigreich<\/option><option value=\"US\">Vereinigte Staaten von Amerika<\/option><option value=\"UM\">Kleinere abgelegene Inseln der Vereinigten Staaten<\/option><option value=\"UY\">Uruguay<\/option><option value=\"UZ\">Usbekistan<\/option><option value=\"VU\">Vanuatu<\/option><option value=\"VA\">Vatikanstadt<\/option><option value=\"VE\">Venezuela<\/option><option value=\"VN\">Vietnam<\/option><option value=\"WF\">Wallis und Futuna<\/option><option value=\"EH\">Westsahara<\/option><option value=\"YE\">Jemen<\/option><option value=\"ZM\">Sambia<\/option><option value=\"ZW\">Simbabwe<\/option>\n\t\t\t\t<\/select><\/li><li class=\"wppb-form-field wppb-phone\" id=\"wppb-form-element-7\">\n\t\t\t\t<label for=\"phone\">Telefon<span class=\"wppb-required\" title=\"Dieses Feld ist erforderlich\">*<\/span><\/label>\n\t\t\t\t<input data-phone-format=\"{&quot;phone_data&quot;:0}\" class=\"extra_field_phone\" name=\"phone\" maxlength=\"70\" type=\"text\" id=\"phone\" value=\"\" \/><\/li><li class=\"wppb-form-field wppb-default-e-mail\" id=\"wppb-form-element-8\">\n\t\t\t<label for=\"email\">Email<span class=\"wppb-required\" title=\"Dieses Feld ist erforderlich\">*<\/span><\/label>\n\t\t\t<input class=\"text-input default_field_email\" name=\"email\" maxlength=\"70\" type=\"email\" id=\"email\" value=\"\"   \/><\/li><li class=\"wppb-form-field wppb-default-password\" id=\"wppb-form-element-15\">\n\t\t\t<label for=\"passw1\">Passwort<span class=\"wppb-required\" title=\"Dieses Feld ist erforderlich\">*<\/span><\/label>\n            <span class=\"wppb-password-field-container\">\n\t\t\t    <input class=\"text-input\" name=\"passw1\" maxlength=\"70\" type=\"password\" id=\"passw1\" value=\"\" autocomplete=\"off\" \/>\n\t\t\t     <!-- add the HTML for the visibility toggle -->\n\t\t\t<\/span><span class=\"wppb-description-delimiter\">\u91cd\u590d\u65b0\u5bc6\u7801  <\/span><\/li><li class=\"wppb-form-field wppb-default-repeat-password\" id=\"wppb-form-element-16\">\n\t\t\t<label for=\"passw2\">Passwort wiederholen<\/label>\n\t\t\t<span class=\"wppb-password-field-container\">\n\t\t\t    <input class=\"text-input\" name=\"passw2\" maxlength=\"70\" type=\"password\" id=\"passw2\" value=\"\" autocomplete=\"off\" \/>\n\t\t\t     <!-- add the HTML for the visibility toggle -->\n\t\t\t<\/span><span class=\"wppb-description-delimiter\">Die richtige Gr\u00f6\u00dfe f\u00fcr Ihren Laptop finden Sie hier.<\/span><\/li><\/ul><ul><li class=\"wppb-form-field wppb-send-credentials-checkbox\"><label for=\"send_credentials_via_email\"><input id=\"send_credentials_via_email\" type=\"checkbox\" name=\"send_credentials_via_email\" value=\"sending\"\/>Senden Sie diese Anmeldeinformationen per E-Mail.<\/label><\/li><\/ul>\t\t\t<p class=\"form-submit\"  >\n\t\t\t\t                \t\t\t\t<input name=\"register\" type=\"submit\" id=\"register\" class=\"submit button\" value=\"Registrieren\" \/>\n                <input name=\"redirect_to\" type=\"hidden\" value=\"\" \/>\n                \t\t\t\t<input name=\"action\" type=\"hidden\" id=\"action\" value=\"register\" \/>\n\t\t\t\t<input name=\"form_name\" type=\"hidden\" id=\"form_name\" value=\"unspecified\" \/>\n\t\t\t\t<input name=\"form_id\" type=\"hidden\" id=\"form_id\" value=\"\" \/>\n\t\t\t\t\t\t\t<\/p><!-- .form-submit -->\n\t\t\t<input type=\"hidden\" id=\"register_unspecified_nonce_field\" name=\"register_unspecified_nonce_field\" value=\"36b3681121\" \/><input type=\"hidden\" name=\"_wp_http_referer\" value=\"\/de\/wp-json\/wp\/v2\/pages\/2926\" \/>\t\t<input type=\"hidden\" name=\"trp-form-language\" value=\"de\"\/><\/form>\n\t\t<\/p>\t\t\t\t\t\t\t\t<\/div>\n\t\t\t\t<\/div>\n\t\t\t\t<div class=\"elementor-element elementor-element-9427073 elementor-widget__width-initial elementor-widget elementor-widget-shortcode\" data-id=\"9427073\" data-element_type=\"widget\" data-widget_type=\"shortcode.default\">\n\t\t\t\t<div class=\"elementor-widget-container\">\n\t\t\t\t\t\t\t<div class=\"elementor-shortcode\">[xyz-ips snippet=&quot;Facebook-Inhalt&quot;]<\/div>\n\t\t\t\t\t\t<\/div>\n\t\t\t\t<\/div>\n\t\t\t\t<div class=\"elementor-element elementor-element-194ea39 elementor-widget elementor-widget-heading\" data-id=\"194ea39\" data-element_type=\"widget\" data-widget_type=\"heading.default\">\n\t\t\t\t<div class=\"elementor-widget-container\">\n\t\t\t\t\t<h5 class=\"elementor-heading-title elementor-size-default\">HABEN SIE EIN KONTO? ANMELDEN<\/h5>\t\t\t\t<\/div>\n\t\t\t\t<\/div>\n\t\t\t\t\t<\/div>\n\t\t\t\t<\/div>\n\t\t\t\t<\/div>","protected":false},"excerpt":{"rendered":"<p>CREATE AN ACCOUNT Complete all fields to create your 1edo ID. [xyz-ips snippet=&#8221;facebook-content&#8221;] HAVE AN ACCOUNT? LOGIN<\/p>","protected":false},"author":1,"featured_media":0,"parent":0,"menu_order":0,"comment_status":"closed","ping_status":"closed","template":"elementor_header_footer","meta":{"footnotes":""},"class_list":["post-2926","page","type-page","status-publish","hentry"],"yoast_head":"<!-- This site is optimized with the Yoast SEO Premium plugin v26.5 (Yoast SEO v26.7) - https:\/\/yoast.com\/wordpress\/plugins\/seo\/ -->\n<title>Register - 1edo blogs<\/title>\n<meta name=\"description\" content=\"1edo blogs register, Create an account and fill in the username, password, email and other fields to create your 1edo ID\" \/>\n<meta name=\"robots\" content=\"index, follow, max-snippet:-1, max-image-preview:large, max-video-preview:-1\" \/>\n<link rel=\"canonical\" href=\"https:\/\/blogscdn.1edo.com\/be-fr\/registre\/\" \/>\n<meta property=\"og:locale\" content=\"de_DE\" \/>\n<meta property=\"og:type\" content=\"article\" \/>\n<meta property=\"og:title\" content=\"Register\" \/>\n<meta property=\"og:description\" content=\"1edo blogs register, Create an account and fill in the username, password, email and other fields to create your 1edo ID\" \/>\n<meta property=\"og:url\" content=\"https:\/\/blogscdn.1edo.com\/be-fr\/registre\/\" \/>\n<meta property=\"og:site_name\" content=\"1edo blogs\" \/>\n<meta property=\"article:modified_time\" content=\"2024-05-31T00:49:35+00:00\" \/>\n<meta name=\"twitter:card\" content=\"summary_large_image\" \/>\n<meta name=\"twitter:label1\" content=\"Gesch\u00e4tzte Lesezeit\" \/>\n\t<meta name=\"twitter:data1\" content=\"1\u00a0Minute\" \/>\n<script type=\"application\/ld+json\" class=\"yoast-schema-graph\">{\"@context\":\"https:\/\/schema.org\",\"@graph\":[{\"@type\":\"WebPage\",\"@id\":\"https:\/\/blogscdn.1edo.com\/be-fr\/registre\/\",\"url\":\"https:\/\/blogscdn.1edo.com\/be-fr\/registre\/\",\"name\":\"Register - 1edo blogs\",\"isPartOf\":{\"@id\":\"https:\/\/blogscdn.1edo.com\/#website\"},\"datePublished\":\"2023-11-01T01:39:49+00:00\",\"dateModified\":\"2024-05-31T00:49:35+00:00\",\"description\":\"1edo blogs register, Create an account and fill in the username, password, email and other fields to create your 1edo ID\",\"breadcrumb\":{\"@id\":\"https:\/\/blogscdn.1edo.com\/be-fr\/registre\/#breadcrumb\"},\"inLanguage\":\"de\",\"potentialAction\":[{\"@type\":\"ReadAction\",\"target\":[\"https:\/\/blogscdn.1edo.com\/be-fr\/registre\/\"]}]},{\"@type\":\"BreadcrumbList\",\"@id\":\"https:\/\/blogscdn.1edo.com\/be-fr\/registre\/#breadcrumb\",\"itemListElement\":[{\"@type\":\"ListItem\",\"position\":1,\"name\":\"Home\",\"item\":\"https:\/\/blogscdn.1edo.com\/\"},{\"@type\":\"ListItem\",\"position\":2,\"name\":\"Register\"}]},{\"@type\":\"WebSite\",\"@id\":\"https:\/\/blogscdn.1edo.com\/#website\",\"url\":\"https:\/\/blogscdn.1edo.com\/\",\"name\":\"1edo blogs\",\"description\":\"1edo blogs\",\"potentialAction\":[{\"@type\":\"SearchAction\",\"target\":{\"@type\":\"EntryPoint\",\"urlTemplate\":\"https:\/\/blogscdn.1edo.com\/?s={search_term_string}\"},\"query-input\":{\"@type\":\"PropertyValueSpecification\",\"valueRequired\":true,\"valueName\":\"search_term_string\"}}],\"inLanguage\":\"de\"}]}<\/script>\n<!-- \/ Yoast SEO Premium plugin. -->","yoast_head_json":{"title":"Registrieren - 1edo Blogs","description":"1edo blogs register, Create an account and fill in the username, password, email and other fields to create your 1edo ID","robots":{"index":"index","follow":"follow","max-snippet":"max-snippet:-1","max-image-preview":"max-image-preview:large","max-video-preview":"max-video-preview:-1"},"canonical":"https:\/\/blogscdn.1edo.com\/be-fr\/registre\/","og_locale":"de_DE","og_type":"article","og_title":"Register","og_description":"1edo blogs register, Create an account and fill in the username, password, email and other fields to create your 1edo ID","og_url":"https:\/\/blogscdn.1edo.com\/be-fr\/registre\/","og_site_name":"1edo blogs","article_modified_time":"2024-05-31T00:49:35+00:00","twitter_card":"summary_large_image","twitter_misc":{"Gesch\u00e4tzte Lesezeit":"1\u00a0Minute"},"schema":{"@context":"https:\/\/schema.org","@graph":[{"@type":"WebPage","@id":"https:\/\/blogscdn.1edo.com\/be-fr\/registre\/","url":"https:\/\/blogscdn.1edo.com\/be-fr\/registre\/","name":"Registrieren - 1edo Blogs","isPartOf":{"@id":"https:\/\/blogscdn.1edo.com\/#website"},"datePublished":"2023-11-01T01:39:49+00:00","dateModified":"2024-05-31T00:49:35+00:00","description":"1edo blogs register, Create an account and fill in the username, password, email and other fields to create your 1edo ID","breadcrumb":{"@id":"https:\/\/blogscdn.1edo.com\/be-fr\/registre\/#breadcrumb"},"inLanguage":"de","potentialAction":[{"@type":"ReadAction","target":["https:\/\/blogscdn.1edo.com\/be-fr\/registre\/"]}]},{"@type":"BreadcrumbList","@id":"https:\/\/blogscdn.1edo.com\/be-fr\/registre\/#breadcrumb","itemListElement":[{"@type":"ListItem","position":1,"name":"Home","item":"https:\/\/blogscdn.1edo.com\/"},{"@type":"ListItem","position":2,"name":"Register"}]},{"@type":"WebSite","@id":"https:\/\/blogscdn.1edo.com\/#website","url":"https:\/\/blogscdn.1edo.com\/","name":"1edo Blogs","description":"1edo Blogs","potentialAction":[{"@type":"SearchAction","target":{"@type":"EntryPoint","urlTemplate":"https:\/\/blogscdn.1edo.com\/?s={search_term_string}"},"query-input":{"@type":"PropertyValueSpecification","valueRequired":true,"valueName":"search_term_string"}}],"inLanguage":"de"}]}},"_links":{"self":[{"href":"https:\/\/blogs.1edo.com\/de\/wp-json\/wp\/v2\/pages\/2926","targetHints":{"allow":["GET"]}}],"collection":[{"href":"https:\/\/blogs.1edo.com\/de\/wp-json\/wp\/v2\/pages"}],"about":[{"href":"https:\/\/blogs.1edo.com\/de\/wp-json\/wp\/v2\/types\/page"}],"author":[{"embeddable":true,"href":"https:\/\/blogs.1edo.com\/de\/wp-json\/wp\/v2\/users\/1"}],"replies":[{"embeddable":true,"href":"https:\/\/blogs.1edo.com\/de\/wp-json\/wp\/v2\/comments?post=2926"}],"version-history":[{"count":176,"href":"https:\/\/blogs.1edo.com\/de\/wp-json\/wp\/v2\/pages\/2926\/revisions"}],"predecessor-version":[{"id":6880,"href":"https:\/\/blogs.1edo.com\/de\/wp-json\/wp\/v2\/pages\/2926\/revisions\/6880"}],"wp:attachment":[{"href":"https:\/\/blogs.1edo.com\/de\/wp-json\/wp\/v2\/media?parent=2926"}],"curies":[{"name":"wp","href":"https:\/\/api.w.org\/{rel}","templated":true}]}}