

{"id":6410,"date":"2024-03-04T07:27:46","date_gmt":"2024-03-04T07:27:46","guid":{"rendered":"https:\/\/blogs.1edo.com\/%e7%bc%96%e8%be%91\/"},"modified":"2024-06-01T01:26:21","modified_gmt":"2024-06-01T01:26:21","slug":"%e7%bc%96%e8%be%91","status":"publish","type":"page","link":"https:\/\/blogs.1edo.com\/cz\/%e7%bc%96%e8%be%91\/","title":{"rendered":"Edit"},"content":{"rendered":"<div data-elementor-type=\"wp-page\" data-elementor-id=\"6410\" class=\"elementor elementor-6410\" data-elementor-post-type=\"page\">\n\t\t\t\t<div class=\"elementor-element elementor-element-db541a3 e-flex e-con-boxed e-con e-parent\" data-id=\"db541a3\" data-element_type=\"container\">\n\t\t\t\t\t<div class=\"e-con-inner\">\n\t\t<div class=\"elementor-element elementor-element-bbfbafe e-flex e-con-boxed e-con e-child\" data-id=\"bbfbafe\" data-element_type=\"container\">\n\t\t\t\t\t<div class=\"e-con-inner\">\n\t\t<div class=\"elementor-element elementor-element-b3c91e8 e-flex e-con-boxed e-con e-child\" data-id=\"b3c91e8\" data-element_type=\"container\" data-settings=\"{&quot;background_background&quot;:&quot;classic&quot;}\">\n\t\t\t\t\t<div class=\"e-con-inner\">\n\t\t\t\t<div class=\"elementor-element elementor-element-d8eff1a elementor-widget elementor-widget-shortcode\" data-id=\"d8eff1a\" data-element_type=\"widget\" data-widget_type=\"shortcode.default\">\n\t\t\t\t<div class=\"elementor-widget-container\">\n\t\t\t\t\t\t\t<div class=\"elementor-shortcode\"><div class=\"photo_wap\">\r\n    <div class=\"left\">\r\n      <p>\r\n                    <img decoding=\"async\" src=\"\/wp-content\/uploads\/product_info_imgs\/member_photo.jpg\" alt=\"member_photo\"> \r\n            <\/p>\r\n      \r\n    <\/div>\r\n    <div class=\"right\">\r\n\t\t<p> <h1>Welcome back to admin, (Not admin?  \r\n\t\t\t\t) \r\n\t\t<\/h1> \r\n\t\t<\/p>\r\n        <p> V informa\u010dn\u00edm centru va\u0161eho \u00fa\u010dtu m\u016f\u017eete prohl\u00ed\u017eet informa\u010dn\u00ed centrum a spravovat sv\u00e9  <\/p>\r\n        <p> \u0159\u00eddic\u00ed panel, Bolgs, Odpov\u011bdi, Ud\u00e1losti, Upravit profil, p\u0159ihl\u00e1sit se k odb\u011bru a odes\u00edlat p\u0159\u00edsp\u011bvky!   <\/p>\r\n    <\/div>\r\n<\/div><\/div>\n\t\t\t\t\t\t<\/div>\n\t\t\t\t<\/div>\n\t\t\t\t\t<\/div>\n\t\t\t\t<\/div>\n\t\t\t\t<div class=\"elementor-element elementor-element-ed6a4f0 elementor-widget elementor-widget-text-editor\" data-id=\"ed6a4f0\" data-element_type=\"widget\" data-widget_type=\"text-editor.default\">\n\t\t\t\t<div class=\"elementor-widget-container\">\n\t\t\t\t\t\t\t\t\t<p>[wpuf_edit]<\/p>\t\t\t\t\t\t\t\t<\/div>\n\t\t\t\t<\/div>\n\t\t\t\t\t<\/div>\n\t\t\t\t<\/div>\n\t\t\t\t\t<\/div>\n\t\t\t\t<\/div>\n\t\t\t\t<\/div>","protected":false},"excerpt":{"rendered":"<p>[wpuf_edit]<\/p>","protected":false},"author":1,"featured_media":0,"parent":0,"menu_order":0,"comment_status":"closed","ping_status":"closed","template":"elementor_header_footer","meta":{"footnotes":""},"class_list":["post-6410","page","type-page","status-publish","hentry"],"yoast_head":"<!-- This site is optimized with the Yoast SEO Premium plugin v26.5 (Yoast SEO v26.7) - https:\/\/yoast.com\/wordpress\/plugins\/seo\/ -->\n<title>Edit - 1edo blogs<\/title>\n<meta name=\"description\" content=\"Article editing page\" \/>\n<meta name=\"robots\" content=\"index, follow, max-snippet:-1, max-image-preview:large, max-video-preview:-1\" \/>\n<link rel=\"canonical\" href=\"https:\/\/blogs.1edo.com\/cz\/\u7f16\u8f91\/\" \/>\n<meta property=\"og:locale\" content=\"cs_CZ\" \/>\n<meta property=\"og:type\" content=\"article\" \/>\n<meta property=\"og:title\" content=\"Edit\" \/>\n<meta property=\"og:description\" content=\"Article editing page\" \/>\n<meta property=\"og:url\" content=\"https:\/\/blogs.1edo.com\/cz\/\u7f16\u8f91\/\" \/>\n<meta property=\"og:site_name\" content=\"1edo blogs\" \/>\n<meta property=\"article:modified_time\" content=\"2024-06-01T01:26:21+00:00\" \/>\n<meta name=\"twitter:card\" content=\"summary_large_image\" \/>\n<meta name=\"twitter:label1\" content=\"Odhadovan\u00e1 doba \u010dten\u00ed\" \/>\n\t<meta name=\"twitter:data1\" content=\"1 minuta\" \/>\n<script type=\"application\/ld+json\" class=\"yoast-schema-graph\">{\"@context\":\"https:\/\/schema.org\",\"@graph\":[{\"@type\":\"WebPage\",\"@id\":\"https:\/\/blogs.1edo.com\/my\/%e7%bc%96%e8%be%91\/\",\"url\":\"https:\/\/blogs.1edo.com\/my\/%e7%bc%96%e8%be%91\/\",\"name\":\"Edit - 1edo blogs\",\"isPartOf\":{\"@id\":\"https:\/\/blogscdn.1edo.com\/#website\"},\"datePublished\":\"2024-03-04T07:27:46+00:00\",\"dateModified\":\"2024-06-01T01:26:21+00:00\",\"description\":\"Article editing page\",\"breadcrumb\":{\"@id\":\"https:\/\/blogs.1edo.com\/my\/%e7%bc%96%e8%be%91\/#breadcrumb\"},\"inLanguage\":\"cs\",\"potentialAction\":[{\"@type\":\"ReadAction\",\"target\":[\"https:\/\/blogs.1edo.com\/my\/%e7%bc%96%e8%be%91\/\"]}]},{\"@type\":\"BreadcrumbList\",\"@id\":\"https:\/\/blogs.1edo.com\/my\/%e7%bc%96%e8%be%91\/#breadcrumb\",\"itemListElement\":[{\"@type\":\"ListItem\",\"position\":1,\"name\":\"Home\",\"item\":\"https:\/\/blogscdn.1edo.com\/\"},{\"@type\":\"ListItem\",\"position\":2,\"name\":\"Edit\"}]},{\"@type\":\"WebSite\",\"@id\":\"https:\/\/blogscdn.1edo.com\/#website\",\"url\":\"https:\/\/blogscdn.1edo.com\/\",\"name\":\"1edo blogs\",\"description\":\"1edo blogs\",\"potentialAction\":[{\"@type\":\"SearchAction\",\"target\":{\"@type\":\"EntryPoint\",\"urlTemplate\":\"https:\/\/blogscdn.1edo.com\/?s={search_term_string}\"},\"query-input\":{\"@type\":\"PropertyValueSpecification\",\"valueRequired\":true,\"valueName\":\"search_term_string\"}}],\"inLanguage\":\"cs\"}]}<\/script>\n<!-- \/ Yoast SEO Premium plugin. -->","yoast_head_json":{"title":"Edit - 1edo blogs","description":"Article editing page","robots":{"index":"index","follow":"follow","max-snippet":"max-snippet:-1","max-image-preview":"max-image-preview:large","max-video-preview":"max-video-preview:-1"},"canonical":"https:\/\/blogs.1edo.com\/cz\/\u7f16\u8f91\/","og_locale":"cs_CZ","og_type":"article","og_title":"Edit","og_description":"Article editing page","og_url":"https:\/\/blogs.1edo.com\/cz\/\u7f16\u8f91\/","og_site_name":"1edo blogs","article_modified_time":"2024-06-01T01:26:21+00:00","twitter_card":"summary_large_image","twitter_misc":{"Odhadovan\u00e1 doba \u010dten\u00ed":"1 minuta"},"schema":{"@context":"https:\/\/schema.org","@graph":[{"@type":"WebPage","@id":"https:\/\/blogs.1edo.com\/my\/%e7%bc%96%e8%be%91\/","url":"https:\/\/blogs.1edo.com\/my\/%e7%bc%96%e8%be%91\/","name":"Edit - 1edo blogs","isPartOf":{"@id":"https:\/\/blogscdn.1edo.com\/#website"},"datePublished":"2024-03-04T07:27:46+00:00","dateModified":"2024-06-01T01:26:21+00:00","description":"Article editing page","breadcrumb":{"@id":"https:\/\/blogs.1edo.com\/my\/%e7%bc%96%e8%be%91\/#breadcrumb"},"inLanguage":"cs","potentialAction":[{"@type":"ReadAction","target":["https:\/\/blogs.1edo.com\/my\/%e7%bc%96%e8%be%91\/"]}]},{"@type":"BreadcrumbList","@id":"https:\/\/blogs.1edo.com\/my\/%e7%bc%96%e8%be%91\/#breadcrumb","itemListElement":[{"@type":"ListItem","position":1,"name":"Home","item":"https:\/\/blogscdn.1edo.com\/"},{"@type":"ListItem","position":2,"name":"Edit"}]},{"@type":"WebSite","@id":"https:\/\/blogscdn.1edo.com\/#website","url":"https:\/\/blogscdn.1edo.com\/","name":"1edo blogy","description":"1edo blogy","potentialAction":[{"@type":"SearchAction","target":{"@type":"EntryPoint","urlTemplate":"https:\/\/blogscdn.1edo.com\/?s={search_term_string}"},"query-input":{"@type":"PropertyValueSpecification","valueRequired":true,"valueName":"search_term_string"}}],"inLanguage":"cs"}]}},"_links":{"self":[{"href":"https:\/\/blogs.1edo.com\/cz\/wp-json\/wp\/v2\/pages\/6410","targetHints":{"allow":["GET"]}}],"collection":[{"href":"https:\/\/blogs.1edo.com\/cz\/wp-json\/wp\/v2\/pages"}],"about":[{"href":"https:\/\/blogs.1edo.com\/cz\/wp-json\/wp\/v2\/types\/page"}],"author":[{"embeddable":true,"href":"https:\/\/blogs.1edo.com\/cz\/wp-json\/wp\/v2\/users\/1"}],"replies":[{"embeddable":true,"href":"https:\/\/blogs.1edo.com\/cz\/wp-json\/wp\/v2\/comments?post=6410"}],"version-history":[{"count":19,"href":"https:\/\/blogs.1edo.com\/cz\/wp-json\/wp\/v2\/pages\/6410\/revisions"}],"predecessor-version":[{"id":6952,"href":"https:\/\/blogs.1edo.com\/cz\/wp-json\/wp\/v2\/pages\/6410\/revisions\/6952"}],"wp:attachment":[{"href":"https:\/\/blogs.1edo.com\/cz\/wp-json\/wp\/v2\/media?parent=6410"}],"curies":[{"name":"wp","href":"https:\/\/api.w.org\/{rel}","templated":true}]}}