

{"id":3,"date":"2023-08-01T23:58:36","date_gmt":"2023-08-01T23:58:36","guid":{"rendered":"https:\/\/blogs.1edo.com\/?page_id=3"},"modified":"2024-05-30T01:52:23","modified_gmt":"2024-05-30T01:52:23","slug":"zasady-ochrany-osobnich-udaju","status":"publish","type":"page","link":"https:\/\/blogs.1edo.com\/cz\/zasady-ochrany-osobnich-udaju\/","title":{"rendered":"Z\u00e1sady ochrany osobn\u00edch \u00fadaj\u016f"},"content":{"rendered":"<style type=\"text\/css\" data-created_by=\"avia_inline_auto\" id=\"style-css-av-av_section-52d6baff8bfb617c867925a6fbc1b98b\">\n.avia-section.av-av_section-52d6baff8bfb617c867925a6fbc1b98b{\nbackground-color:#fafafa;\nbackground-image:unset;\nmargin-top:0px;\nmargin-bottom:0px;\n}\n<\/style>\n<div id='av_section_1'  class='avia-section av-av_section-52d6baff8bfb617c867925a6fbc1b98b main_color avia-section-small avia-no-border-styling  avia-builder-el-0  el_before_av_section  avia-builder-el-first  avia-bg-style-scroll container_wrap sidebar_right'  ><div class='container av-section-cont-open' ><main  role=\"main\" itemprop=\"mainContentOfPage\"  class='template-page content  av-content-small alpha units'><div class='post-entry post-entry-type-page post-entry-3'><div class='entry-content-wrapper clearfix'>\n\n<style type=\"text\/css\" data-created_by=\"avia_inline_auto\" id=\"style-css-av-av_one_full-5c2940aec08386bc66704c18cd7c0942\">\n#top .flex_column.av-av_one_full-5c2940aec08386bc66704c18cd7c0942{\nmargin-top:0px;\nmargin-bottom:0px;\n}\n.flex_column.av-av_one_full-5c2940aec08386bc66704c18cd7c0942{\npadding:0% 0% 0% 0%;\n}\n.responsive #top #wrap_all .flex_column.av-av_one_full-5c2940aec08386bc66704c18cd7c0942{\nmargin-top:0px;\nmargin-bottom:0px;\n}\n<\/style>\n<div class='flex_column av-av_one_full-5c2940aec08386bc66704c18cd7c0942 av_one_full  avia-builder-el-1  avia-builder-el-no-sibling  first flex_column_div av-animated-generic left-to-right av-zero-column-padding'     ><style type=\"text\/css\" data-created_by=\"avia_inline_auto\" id=\"style-css-av-av_heading-7f303b903b2a7fa0eff1b81b8e8e9f4a\">\n#top .av-special-heading.av-av_heading-7f303b903b2a7fa0eff1b81b8e8e9f4a{\nmargin:0% 0% 0% 0%;\npadding-bottom:0;\ncolor:#5d5f5f;\nfont-size:24px;\n}\nbody .av-special-heading.av-av_heading-7f303b903b2a7fa0eff1b81b8e8e9f4a .av-special-heading-tag .heading-char{\nfont-size:25px;\n}\n#top #wrap_all .av-special-heading.av-av_heading-7f303b903b2a7fa0eff1b81b8e8e9f4a .av-special-heading-tag{\nfont-size:24px;\npadding:0% 0% 0% 0%;\n}\n.av-special-heading.av-av_heading-7f303b903b2a7fa0eff1b81b8e8e9f4a .special-heading-inner-border{\nborder-color:#5d5f5f;\n}\n.av-special-heading.av-av_heading-7f303b903b2a7fa0eff1b81b8e8e9f4a .av-subheading{\nfont-size:15px;\n}\n\n@media only screen and (max-width: 479px){ \n#top #wrap_all .av-special-heading.av-av_heading-7f303b903b2a7fa0eff1b81b8e8e9f4a .av-special-heading-tag{\nfont-size:20px;\n}\n}\n\n@media only screen and (min-width: 480px) and (max-width: 767px){ \n#top #wrap_all .av-special-heading.av-av_heading-7f303b903b2a7fa0eff1b81b8e8e9f4a .av-special-heading-tag{\nfont-size:0.8em;\n}\n}\n<\/style>\n<div  class='av-special-heading av-av_heading-7f303b903b2a7fa0eff1b81b8e8e9f4a av-special-heading-h1 custom-color-heading blockquote modern-quote  avia-builder-el-2  avia-builder-el-no-sibling  av-inherit-size'><h1 class='av-special-heading-tag'  itemprop=\"headline\"  >Z\u00c1SADY OCHRANY OSOBN\u00cdCH \u00daDAJ\u016e<\/h1><div class=\"special-heading-border\"><div class=\"special-heading-inner-border\"><\/div><\/div><\/div><\/div>\n\n<\/div><\/div><\/main><!-- close content main element --><\/div><\/div>\n<style type=\"text\/css\" data-created_by=\"avia_inline_auto\" id=\"style-css-av-av_section-e80c29b93aac01dba0f3b6b54b77d0cf\">\n.avia-section.av-av_section-e80c29b93aac01dba0f3b6b54b77d0cf{\nmargin-top:2%;\nmargin-bottom:2%;\n}\n<\/style>\n<div id='av_section_2'  class='avia-section av-av_section-e80c29b93aac01dba0f3b6b54b77d0cf main_color avia-section-default avia-no-border-styling  avia-builder-el-3  el_after_av_section  avia-builder-el-last  avia-bg-style-scroll container_wrap sidebar_right'  ><div class='container av-section-cont-open' ><div class='template-page content  av-content-small alpha units'><div class='post-entry post-entry-type-page post-entry-3'><div class='entry-content-wrapper clearfix'>\n\n<style type=\"text\/css\" data-created_by=\"avia_inline_auto\" id=\"style-css-av-av_one_full-1ba6b84490bca59551541b57ca4133f4\">\n#top .flex_column.av-av_one_full-1ba6b84490bca59551541b57ca4133f4{\nmargin-top:0%;\nmargin-bottom:0%;\n}\n.flex_column.av-av_one_full-1ba6b84490bca59551541b57ca4133f4{\npadding:0% 0% 0% 0%;\n}\n.responsive #top #wrap_all .flex_column.av-av_one_full-1ba6b84490bca59551541b57ca4133f4{\nmargin-top:0%;\nmargin-bottom:0%;\n}\n<\/style>\n<div class='flex_column av-av_one_full-1ba6b84490bca59551541b57ca4133f4 av_one_full  avia-builder-el-4  avia-builder-el-no-sibling  first flex_column_div av-animated-generic fade-in av-zero-column-padding'     ><p>\n<style type=\"text\/css\" data-created_by=\"avia_inline_auto\" id=\"style-css-av-av_heading-24fbc5292636c2a41432412266ef7bf8\">\n#top .av-special-heading.av-av_heading-24fbc5292636c2a41432412266ef7bf8{\nmargin:0% 0% 0% 0%;\npadding-bottom:0;\nfont-size:48px;\n}\nbody .av-special-heading.av-av_heading-24fbc5292636c2a41432412266ef7bf8 .av-special-heading-tag .heading-char{\nfont-size:25px;\n}\n#top #wrap_all .av-special-heading.av-av_heading-24fbc5292636c2a41432412266ef7bf8 .av-special-heading-tag{\nfont-size:48px;\npadding:0% 0% 1% 0%;\n}\n.av-special-heading.av-av_heading-24fbc5292636c2a41432412266ef7bf8 .av-subheading{\nfont-size:15px;\n}\n\n@media only screen and (max-width: 479px){ \n#top #wrap_all .av-special-heading.av-av_heading-24fbc5292636c2a41432412266ef7bf8 .av-special-heading-tag{\nfont-size:28px;\n}\n}\n\n@media only screen and (min-width: 480px) and (max-width: 767px){ \n#top #wrap_all .av-special-heading.av-av_heading-24fbc5292636c2a41432412266ef7bf8 .av-special-heading-tag{\nfont-size:0.8em;\n}\n}\n<\/style>\n<div  class='av-special-heading av-av_heading-24fbc5292636c2a41432412266ef7bf8 av-special-heading-h1 blockquote modern-quote  avia-builder-el-5  el_before_av_textblock  avia-builder-el-first  av-inherit-size'><h1 class='av-special-heading-tag'  itemprop=\"headline\"  >PROHL\u00c1\u0160EN\u00cd O OCHRANE OSOBN\u00cdCH \u00daDAJ\u016e NA WEBOV\u00c9 STR\u00c1NCE 1edo<\/h1><div class=\"special-heading-border\"><div class=\"special-heading-inner-border\"><\/div><\/div><\/div><br \/>\n\n<style type=\"text\/css\" data-created_by=\"avia_inline_auto\" id=\"style-css-av-av_textblock-c45a5ea5b29b5b872b961519468d19fe\">\n#top .av_textblock_section.av-av_textblock-c45a5ea5b29b5b872b961519468d19fe .avia_textblock{\nfont-size:16px;\ntext-align:left;\n}\n\n@media only screen and (max-width: 479px){ \n#top .av_textblock_section.av-av_textblock-c45a5ea5b29b5b872b961519468d19fe .avia_textblock{\nfont-size:16px;\n}\n}\n<\/style>\n<section  class='av_textblock_section av-av_textblock-c45a5ea5b29b5b872b961519468d19fe'  itemscope=\"itemscope\" itemtype=\"https:\/\/schema.org\/CreativeWork\" ><div class='avia_textblock nocti_polly_vbnmdfgv'  itemprop=\"text\" ><p>Posledn\u00ed aktualizace: \u010dervenec 2023<br \/>\nToto ozn\u00e1men\u00ed o ochran\u011b osobn\u00edch \u00fadaj\u016f vysv\u011btluje, jak spole\u010dnost 1edo shroma\u017e\u010fuje a pou\u017e\u00edv\u00e1 osobn\u00ed \u00fadaje od n\u00e1v\u0161t\u011bvn\u00edk\u016f sv\u00fdch webov\u00fdch a mobiln\u00edch str\u00e1nek, kter\u00e9 p\u0159\u00edmo odkazuj\u00ed na toto ozn\u00e1men\u00ed (souhrnn\u011b \u201eStr\u00e1nky\u201c). Va\u0161e osobn\u00ed \u00fadaje jsou \u0159\u00edzeny spole\u010dnost\u00ed<br \/>\n1edo Europe SA (spole\u010dn\u011b \u201e1edo\u201c, \u201eMy\u201c a \u201eN\u00e1s\u201c).<\/p>\n<h1>AKTIVN\u011a P\u0158ED\u00c1VAN\u00c9 \u00daDAJE<\/h1>\n<p>Pokud n\u00e1m zavol\u00e1te, po\u0161lete n\u00e1m e-mail nebo vypln\u00edte formul\u00e1\u0159 na n\u011bkter\u00e9 z na\u0161ich Str\u00e1nek, pou\u017eijeme v\u00e1mi poskytnut\u00e9 informace k tomu, abychom odpov\u011bd\u011bli na va\u0161i \u017e\u00e1dost nebo abychom s v\u00e1mi jinak komunikovali nebo v\u00e1m pomohli. Pokud nakupujete prost\u0159ednictv\u00edm na\u0161ich str\u00e1nek, m\u016f\u017eeme shroma\u017e\u010fovat \u00fadaje nezbytn\u00e9 pro zpracov\u00e1n\u00ed va\u0161\u00ed objedn\u00e1vky, jako je va\u0161e dodac\u00ed adresa, objednan\u00e9 produkty a va\u0161e kontaktn\u00ed \u00fadaje.<\/p>\n<h1>PASIVN\u011a POSKYTOVAN\u00c1 \u00daDAJE<\/h1>\n<p>Kdy\u017e p\u0159istupujete na na\u0161e str\u00e1nky, v z\u00e1vislosti na va\u0161ich mo\u017enostech p\u0159ihl\u00e1\u0161en\u00ed jsou s n\u00e1mi sd\u00edleny ur\u010dit\u00e9 informace o va\u0161em po\u010d\u00edta\u010di nebo mobiln\u00edm za\u0159\u00edzen\u00ed, kter\u00e9 mohou zahrnovat \u010dinnosti, kter\u00e9 na na\u0161ich str\u00e1nk\u00e1ch prov\u00e1d\u00edte, typ hardwaru a softwaru, kter\u00fd pou\u017e\u00edv\u00e1te (nap\u0159. jako v\u00e1\u0161 opera\u010dn\u00ed syst\u00e9m nebo prohl\u00ed\u017ee\u010d), informace ulo\u017een\u00e9 v souborech cookie, IP adresa, \u010dasy p\u0159\u00edstupu, webov\u00e9 str\u00e1nky, ze kter\u00fdch jste p\u0159i\u0161li, regiony, ze kter\u00fdch proch\u00e1z\u00edte webovou str\u00e1nku, a webov\u00e9 str\u00e1nky, na kter\u00e9 p\u0159istupujete. Tyto informace pou\u017e\u00edv\u00e1me k lep\u0161\u00edmu porozum\u011bn\u00ed z\u00e1jm\u016fm u\u017eivatel\u016f na\u0161ich Str\u00e1nek, ke zlep\u0161en\u00ed na\u0161ich Str\u00e1nek, slu\u017eeb a produkt\u016f.<\/p>\n<p>V sou\u010dasn\u00e9 dob\u011b nereagujeme na sign\u00e1ly \u201eDo Not Track\u201c v prohl\u00ed\u017ee\u010d\u00edch, proto\u017ee se sna\u017e\u00edme poskytovat p\u0159izp\u016fsoben\u00e9 webov\u00e9 str\u00e1nky.<\/p>\n<h1>COOKIES<\/h1>\n<p>1edo pou\u017e\u00edv\u00e1 cookies, co\u017e jsou v podstat\u011b mal\u00e9 datov\u00e9 soubory um\u00edst\u011bn\u00e9 ve va\u0161em po\u010d\u00edta\u010di, tabletu, mobiln\u00edm telefonu nebo jin\u00fdch za\u0159\u00edzen\u00edch. Kliknut\u00edm sem se dozv\u00edte v\u00edce o souborech cookie.<\/p>\n<h1>VYU\u017d\u00cdV\u00c1N\u00cd A SD\u00cdLEN\u00cd DAT<\/h1>\n<p>\u00dadaje, kter\u00e9 shroma\u017e\u010fujeme, pou\u017e\u00edv\u00e1me k tomu, abychom v\u00e1m poskytli bohat\u00e9 interaktivn\u00ed z\u00e1\u017eitky. \u00dadaje m\u016f\u017eeme pou\u017e\u00edvat zejm\u00e9na k:<\/p>\n<ul>\n<li>poskytovat slu\u017ebu nebo prov\u00e1d\u011bt transakce na va\u0161i \u017e\u00e1dost;<\/li>\n<li>zlep\u0161ovat a rozv\u00edjet na\u0161e produkty;<\/li>\n<li>personalizujte sv\u00e9 zku\u0161enosti;<\/li>\n<li>zpracov\u00e1vat \u017e\u00e1dosti o zam\u011bstn\u00e1n\u00ed, kter\u00e9 ode\u0161lete prost\u0159ednictv\u00edm na\u0161ich Str\u00e1nek;<\/li>\n<li>inzerovat a nab\u00edzet v\u00e1m reklamu v souladu s platn\u00fdmi pr\u00e1vn\u00edmi po\u017eadavky, kter\u00e9 mohou zahrnovat zas\u00edl\u00e1n\u00ed propaga\u010dn\u00edch sd\u011blen\u00ed, c\u00edlen\u00ed<\/li>\n<li>reklamu a p\u0159edkl\u00e1d\u00e1n\u00ed relevantn\u00edch nab\u00eddek.<\/li>\n<\/ul>\n<h1>D\u011aTI<\/h1>\n<p>V\u011bdom\u011b neshroma\u017e\u010fujeme ani neuchov\u00e1v\u00e1me informace o osob\u00e1ch mlad\u0161\u00edch 13 let. Pokud zjist\u00edme, \u017ee na Str\u00e1nk\u00e1ch nebo jejich prost\u0159ednictv\u00edm byly shroma\u017e\u010fov\u00e1ny informace o osob\u00e1ch mlad\u0161\u00edch 13 let, podnikneme p\u0159\u00edslu\u0161n\u00e9 kroky k odstran\u011bn\u00ed t\u011bchto informac\u00ed. Pokud jste rodi\u010dem nebo z\u00e1konn\u00fdm z\u00e1stupcem d\u00edt\u011bte mlad\u0161\u00edho 13 let, kter\u00e9 si zaregistrovalo \u00fa\u010det nebo slu\u017ebu na na\u0161ich Str\u00e1nk\u00e1ch, kontaktujte n\u00e1s pros\u00edm pomoc\u00ed n\u00ed\u017ee uveden\u00fdch kontaktn\u00edch \u00fadaj\u016f, aby byl \u00fa\u010det nebo slu\u017eba tohoto d\u00edt\u011bte ukon\u010dena a osobn\u00ed \u00fadaje byly vymaz\u00e1ny.<\/p>\n<h1>UCHOV\u00c1V\u00c1N\u00cd DAT<\/h1>\n<p>Osobn\u00ed \u00fadaje uchov\u00e1v\u00e1me po dobu nezbytn\u011b nutnou k zaji\u0161t\u011bn\u00ed funk\u010dnosti a pln\u011bn\u00ed v\u00e1mi po\u017eadovan\u00fdch transakc\u00ed nebo pro jin\u00e9 legitimn\u00ed \u00fa\u010dely, jako je dodr\u017eov\u00e1n\u00ed na\u0161ich z\u00e1konn\u00fdch povinnost\u00ed, \u0159e\u0161en\u00ed spor\u016f a vym\u00e1h\u00e1n\u00ed na\u0161ich dohod. Proto\u017ee se tyto pot\u0159eby mohou li\u0161it pro r\u016fzn\u00e9 typy dat, kontext na\u0161ich interakc\u00ed s v\u00e1mi nebo va\u0161eho pou\u017e\u00edv\u00e1n\u00ed na\u0161ich Str\u00e1nek, skute\u010dn\u00e1 doba uchov\u00e1v\u00e1n\u00ed se m\u016f\u017ee v\u00fdrazn\u011b li\u0161it.<\/p>\n<h1>BEZPE\u010cNOST DAT<\/h1>\n<p>Ke sn\u00ed\u017een\u00ed rizika neopr\u00e1vn\u011bn\u00e9ho p\u0159\u00edstupu k osobn\u00edm \u00fadaj\u016fm pou\u017e\u00edv\u00e1me certifik\u00e1ty TLS, \u0161ifrov\u00e1n\u00ed, omezen\u00ed p\u0159\u00edstupu k dat\u016fm, antivirov\u00fd software a firewally. \u017d\u00e1dn\u00fd p\u0159enos dat p\u0159es internet nebo bezdr\u00e1tovou s\u00ed\u0165 nen\u00ed zcela bezpe\u010dn\u00fd. M\u011bjte na pam\u011bti bezpe\u010dnostn\u00ed rizika, kdy\u017e n\u00e1m p\u0159en\u00e1\u0161\u00edte osobn\u00ed \u00fadaje a kdy\u017e zve\u0159ej\u0148ujete informace na na\u0161ich ve\u0159ejn\u00fdch f\u00f3rech.<br \/>\nPokud byste cht\u011bli nahl\u00e1sit jak\u00e9koli bezpe\u010dnostn\u00ed probl\u00e9my v n\u011bkter\u00e9m z na\u0161ich produkt\u016f, vypl\u0148te pros\u00edm formul\u00e1\u0159 a po\u017eadovan\u00e9 p\u0159\u00edlohy a ode\u0161lete jej na 1edo Security.<\/p>\n<h1>KONTROLA A P\u0158\u00cdSTUP K VA\u0160IM INFORMAC\u00cdM<\/h1>\n<p>M\u016f\u017eete n\u00e1s po\u017e\u00e1dat, abychom aktualizovali nebo odstranili\/deaktivovali ur\u010dit\u00e9 informace, kter\u00e9 se v\u00e1s t\u00fdkaj\u00ed.<\/p>\n<p>Pokud n\u011bkter\u00e9 osobn\u00ed \u00fadaje nem\u016f\u017eeme odstranit, d\u00e1me v\u00e1m v\u011bd\u011bt pro\u010d. Pokud jste se p\u0159ihl\u00e1sili k odb\u011bru marketingov\u00fdch e-mail\u016f, m\u016f\u017eete zas\u00edl\u00e1n\u00ed zastavit podle pokyn\u016f pro odhl\u00e1\u0161en\u00ed obsa\u017een\u00fdch v obdr\u017een\u00e9m e-mailu nebo na str\u00e1nce spr\u00e1vy p\u0159edplatn\u00e9ho na na\u0161em webu: https:\/\/blogs.1edo.com\/subscribe.<\/p>\n<p>M\u00e1te tak\u00e9 pr\u00e1vo po\u017eadovat, jak jsou va\u0161e \u00fadaje zpracov\u00e1v\u00e1ny a s k\u00fdm je sd\u00edl\u00edme.<\/p>\n<p>Nav\u00edc, pokud se domn\u00edv\u00e1te, \u017ee ur\u010dit\u00e9 informace, kter\u00e9 o v\u00e1s spole\u010dnost 1edo zpracov\u00e1v\u00e1, jsou nep\u0159esn\u00e9, m\u00e1te pr\u00e1vo na opravu t\u011bchto informac\u00ed.<\/p>\n<p>Budeme se sna\u017eit odpov\u011bd\u011bt na va\u0161i \u017e\u00e1dost o p\u0159ezkoum\u00e1n\u00ed informac\u00ed, kter\u00e9 pro v\u00e1s m\u00e1me v evidenci, do 30 dn\u016f od obdr\u017een\u00ed takov\u00e9 \u017e\u00e1dosti.<\/p>\n<p>M\u00e1te-li dotazy, koment\u00e1\u0159e nebo chcete-li podat \u017e\u00e1dost t\u00fdkaj\u00edc\u00ed se va\u0161ich \u00fadaj\u016f nebo na\u0161eho prohl\u00e1\u0161en\u00ed, minul\u00fdch prohl\u00e1\u0161en\u00ed a postup\u016f v oblasti dat, kontaktujte n\u00e1s na adrese support.1edo.com\/response-center nebo pomoc\u00ed n\u00e1sleduj\u00edc\u00edch metod:<\/p>\n<p>Telefon: +86-755-61811368<br \/>\nKontakt\uff1asupport.1edo.com\/response-center<br \/>\nPo\u0161tovn\u00ed po\u0161ta: 5F, budova B20, pr\u016fmyslov\u00fd park Hengfeng, xixiangtown, okres Bao&#039;an, Shenzhen, \u010c\u00edna<\/p>\n<p>Pokud nejste spokojeni s na\u0161\u00ed odpov\u011bd\u00ed, m\u016f\u017eete svou st\u00ed\u017enost nebo spor t\u00fdkaj\u00edc\u00ed se ochrany osobn\u00edch \u00fadaj\u016f p\u0159edat p\u0159\u00edslu\u0161n\u00e9mu st\u00e1tn\u00edmu nebo n\u00e1rodn\u00edmu \u00fa\u0159adu pro ochranu \u00fadaj\u016f ve va\u0161\u00ed jurisdikci.<\/p>\n<h1>ZM\u011aNA TOHOTO PROHL\u00c1\u0160EN\u00cd<\/h1>\n<p>Toto prohl\u00e1\u0161en\u00ed budeme p\u0159\u00edle\u017eitostn\u011b aktualizovat. Pokud dojde k podstatn\u00fdm zm\u011bn\u00e1m v tomto prohl\u00e1\u0161en\u00ed nebo v tom, jak budeme pou\u017e\u00edvat va\u0161e osobn\u00ed \u00fadaje, zm\u011bny p\u0159ed proveden\u00edm viditeln\u011b zve\u0159ejn\u00edme.<\/p>\n<p>Bez va\u0161eho souhlasu neprovedeme \u017e\u00e1dn\u00e9 zm\u011bny, kter\u00e9 by m\u00e9n\u011b chr\u00e1nily va\u0161e osobn\u00ed \u00fadaje shrom\u00e1\u017ed\u011bn\u00e9 v minulosti.<\/p>\n<p>Doporu\u010dujeme v\u00e1m toto prohl\u00e1\u0161en\u00ed pravideln\u011b kontrolovat, abyste byli informov\u00e1ni o tom, jak chr\u00e1n\u00edme va\u0161e informace.<\/p>\n<p>D\u011bkujeme za v\u00e1\u0161 z\u00e1jem o 1edo a na\u0161e produkty a slu\u017eby.<\/p>\n<\/div><\/section><\/p><\/div>\n<\/div><\/div><\/div><!-- close content main div --><\/div><\/div><div id='after_section_2'  class='main_color av_default_container_wrap container_wrap sidebar_right'  ><div class='container av-section-cont-open' ><div class='template-page content  av-content-small alpha units'><div class='post-entry post-entry-type-page post-entry-3'><div class='entry-content-wrapper clearfix'>","protected":false},"excerpt":{"rendered":"","protected":false},"author":1,"featured_media":0,"parent":0,"menu_order":0,"comment_status":"closed","ping_status":"open","template":"","meta":{"footnotes":""},"class_list":["post-3","page","type-page","status-publish","hentry"],"yoast_head":"<!-- This site is optimized with the Yoast SEO Premium plugin v26.5 (Yoast SEO v26.7) - https:\/\/yoast.com\/wordpress\/plugins\/seo\/ -->\n<title>Privacy Policy - 1edo blogs<\/title>\n<meta name=\"description\" content=\"1edo blogs Privacy Policy, At 1edo, we prioritize your privacy. Learn more about our product privacy policy and how we protect Your personal information. Please visit us now to read our policy.\" \/>\n<meta name=\"robots\" content=\"index, follow, max-snippet:-1, max-image-preview:large, max-video-preview:-1\" \/>\n<link rel=\"canonical\" href=\"https:\/\/blogscdn.1edo.com\/in\/\u0a2a\u0a30\u0a3e\u0a08\u0a35\u0a47\u0a1f-\u0a28\u0a40\u0a24\u0a40\/\" \/>\n<meta property=\"og:locale\" content=\"cs_CZ\" \/>\n<meta property=\"og:type\" content=\"article\" \/>\n<meta property=\"og:title\" content=\"Privacy Policy\" \/>\n<meta property=\"og:description\" content=\"1edo blogs Privacy Policy, At 1edo, we prioritize your privacy. Learn more about our product privacy policy and how we protect Your personal information. Please visit us now to read our policy.\" \/>\n<meta property=\"og:url\" content=\"https:\/\/blogscdn.1edo.com\/in\/\u0a2a\u0a30\u0a3e\u0a08\u0a35\u0a47\u0a1f-\u0a28\u0a40\u0a24\u0a40\/\" \/>\n<meta property=\"og:site_name\" content=\"1edo blogs\" \/>\n<meta property=\"article:modified_time\" content=\"2024-05-30T01:52:23+00:00\" \/>\n<meta name=\"twitter:card\" content=\"summary_large_image\" \/>\n<meta name=\"twitter:label1\" content=\"Odhadovan\u00e1 doba \u010dten\u00ed\" \/>\n\t<meta name=\"twitter:data1\" content=\"8 minut\" \/>\n<script type=\"application\/ld+json\" class=\"yoast-schema-graph\">{\"@context\":\"https:\/\/schema.org\",\"@graph\":[{\"@type\":\"WebPage\",\"@id\":\"https:\/\/blogscdn.1edo.com\/in\/%e0%a8%aa%e0%a8%b0%e0%a8%be%e0%a8%88%e0%a8%b5%e0%a9%87%e0%a8%9f-%e0%a8%a8%e0%a9%80%e0%a8%a4%e0%a9%80\/\",\"url\":\"https:\/\/blogscdn.1edo.com\/in\/%e0%a8%aa%e0%a8%b0%e0%a8%be%e0%a8%88%e0%a8%b5%e0%a9%87%e0%a8%9f-%e0%a8%a8%e0%a9%80%e0%a8%a4%e0%a9%80\/\",\"name\":\"Privacy Policy - 1edo blogs\",\"isPartOf\":{\"@id\":\"https:\/\/blogscdn.1edo.com\/#website\"},\"datePublished\":\"2023-08-01T23:58:36+00:00\",\"dateModified\":\"2024-05-30T01:52:23+00:00\",\"description\":\"1edo blogs Privacy Policy, At 1edo, we prioritize your privacy. Learn more about our product privacy policy and how we protect Your personal information. Please visit us now to read our policy.\",\"breadcrumb\":{\"@id\":\"https:\/\/blogscdn.1edo.com\/in\/%e0%a8%aa%e0%a8%b0%e0%a8%be%e0%a8%88%e0%a8%b5%e0%a9%87%e0%a8%9f-%e0%a8%a8%e0%a9%80%e0%a8%a4%e0%a9%80\/#breadcrumb\"},\"inLanguage\":\"cs\",\"potentialAction\":[{\"@type\":\"ReadAction\",\"target\":[\"https:\/\/blogscdn.1edo.com\/in\/%e0%a8%aa%e0%a8%b0%e0%a8%be%e0%a8%88%e0%a8%b5%e0%a9%87%e0%a8%9f-%e0%a8%a8%e0%a9%80%e0%a8%a4%e0%a9%80\/\"]}]},{\"@type\":\"BreadcrumbList\",\"@id\":\"https:\/\/blogscdn.1edo.com\/in\/%e0%a8%aa%e0%a8%b0%e0%a8%be%e0%a8%88%e0%a8%b5%e0%a9%87%e0%a8%9f-%e0%a8%a8%e0%a9%80%e0%a8%a4%e0%a9%80\/#breadcrumb\",\"itemListElement\":[{\"@type\":\"ListItem\",\"position\":1,\"name\":\"Home\",\"item\":\"https:\/\/blogscdn.1edo.com\/\"},{\"@type\":\"ListItem\",\"position\":2,\"name\":\"Privacy Policy\"}]},{\"@type\":\"WebSite\",\"@id\":\"https:\/\/blogscdn.1edo.com\/#website\",\"url\":\"https:\/\/blogscdn.1edo.com\/\",\"name\":\"1edo blogs\",\"description\":\"1edo blogs\",\"potentialAction\":[{\"@type\":\"SearchAction\",\"target\":{\"@type\":\"EntryPoint\",\"urlTemplate\":\"https:\/\/blogscdn.1edo.com\/?s={search_term_string}\"},\"query-input\":{\"@type\":\"PropertyValueSpecification\",\"valueRequired\":true,\"valueName\":\"search_term_string\"}}],\"inLanguage\":\"cs\"}]}<\/script>\n<!-- \/ Yoast SEO Premium plugin. -->","yoast_head_json":{"title":"Z\u00e1sady ochrany osobn\u00edch \u00fadaj\u016f \u2013 blogy 1edo","description":"1edo blogs Privacy Policy, At 1edo, we prioritize your privacy. Learn more about our product privacy policy and how we protect Your personal information. Please visit us now to read our policy.","robots":{"index":"index","follow":"follow","max-snippet":"max-snippet:-1","max-image-preview":"max-image-preview:large","max-video-preview":"max-video-preview:-1"},"canonical":"https:\/\/blogscdn.1edo.com\/in\/\u0a2a\u0a30\u0a3e\u0a08\u0a35\u0a47\u0a1f-\u0a28\u0a40\u0a24\u0a40\/","og_locale":"cs_CZ","og_type":"article","og_title":"Privacy Policy","og_description":"1edo blogs Privacy Policy, At 1edo, we prioritize your privacy. Learn more about our product privacy policy and how we protect Your personal information. Please visit us now to read our policy.","og_url":"https:\/\/blogscdn.1edo.com\/in\/\u0a2a\u0a30\u0a3e\u0a08\u0a35\u0a47\u0a1f-\u0a28\u0a40\u0a24\u0a40\/","og_site_name":"1edo blogs","article_modified_time":"2024-05-30T01:52:23+00:00","twitter_card":"summary_large_image","twitter_misc":{"Odhadovan\u00e1 doba \u010dten\u00ed":"8 minut"},"schema":{"@context":"https:\/\/schema.org","@graph":[{"@type":"WebPage","@id":"https:\/\/blogscdn.1edo.com\/in\/%e0%a8%aa%e0%a8%b0%e0%a8%be%e0%a8%88%e0%a8%b5%e0%a9%87%e0%a8%9f-%e0%a8%a8%e0%a9%80%e0%a8%a4%e0%a9%80\/","url":"https:\/\/blogscdn.1edo.com\/in\/%e0%a8%aa%e0%a8%b0%e0%a8%be%e0%a8%88%e0%a8%b5%e0%a9%87%e0%a8%9f-%e0%a8%a8%e0%a9%80%e0%a8%a4%e0%a9%80\/","name":"Z\u00e1sady ochrany osobn\u00edch \u00fadaj\u016f \u2013 blogy 1edo","isPartOf":{"@id":"https:\/\/blogscdn.1edo.com\/#website"},"datePublished":"2023-08-01T23:58:36+00:00","dateModified":"2024-05-30T01:52:23+00:00","description":"1edo blogs Privacy Policy, At 1edo, we prioritize your privacy. Learn more about our product privacy policy and how we protect Your personal information. Please visit us now to read our policy.","breadcrumb":{"@id":"https:\/\/blogscdn.1edo.com\/in\/%e0%a8%aa%e0%a8%b0%e0%a8%be%e0%a8%88%e0%a8%b5%e0%a9%87%e0%a8%9f-%e0%a8%a8%e0%a9%80%e0%a8%a4%e0%a9%80\/#breadcrumb"},"inLanguage":"cs","potentialAction":[{"@type":"ReadAction","target":["https:\/\/blogscdn.1edo.com\/in\/%e0%a8%aa%e0%a8%b0%e0%a8%be%e0%a8%88%e0%a8%b5%e0%a9%87%e0%a8%9f-%e0%a8%a8%e0%a9%80%e0%a8%a4%e0%a9%80\/"]}]},{"@type":"BreadcrumbList","@id":"https:\/\/blogscdn.1edo.com\/in\/%e0%a8%aa%e0%a8%b0%e0%a8%be%e0%a8%88%e0%a8%b5%e0%a9%87%e0%a8%9f-%e0%a8%a8%e0%a9%80%e0%a8%a4%e0%a9%80\/#breadcrumb","itemListElement":[{"@type":"ListItem","position":1,"name":"Home","item":"https:\/\/blogscdn.1edo.com\/"},{"@type":"ListItem","position":2,"name":"Privacy Policy"}]},{"@type":"WebSite","@id":"https:\/\/blogscdn.1edo.com\/#website","url":"https:\/\/blogscdn.1edo.com\/","name":"1edo blogy","description":"1edo blogy","potentialAction":[{"@type":"SearchAction","target":{"@type":"EntryPoint","urlTemplate":"https:\/\/blogscdn.1edo.com\/?s={search_term_string}"},"query-input":{"@type":"PropertyValueSpecification","valueRequired":true,"valueName":"search_term_string"}}],"inLanguage":"cs"}]}},"_links":{"self":[{"href":"https:\/\/blogs.1edo.com\/cz\/wp-json\/wp\/v2\/pages\/3","targetHints":{"allow":["GET"]}}],"collection":[{"href":"https:\/\/blogs.1edo.com\/cz\/wp-json\/wp\/v2\/pages"}],"about":[{"href":"https:\/\/blogs.1edo.com\/cz\/wp-json\/wp\/v2\/types\/page"}],"author":[{"embeddable":true,"href":"https:\/\/blogs.1edo.com\/cz\/wp-json\/wp\/v2\/users\/1"}],"replies":[{"embeddable":true,"href":"https:\/\/blogs.1edo.com\/cz\/wp-json\/wp\/v2\/comments?post=3"}],"version-history":[{"count":3,"href":"https:\/\/blogs.1edo.com\/cz\/wp-json\/wp\/v2\/pages\/3\/revisions"}],"predecessor-version":[{"id":6835,"href":"https:\/\/blogs.1edo.com\/cz\/wp-json\/wp\/v2\/pages\/3\/revisions\/6835"}],"wp:attachment":[{"href":"https:\/\/blogs.1edo.com\/cz\/wp-json\/wp\/v2\/media?parent=3"}],"curies":[{"name":"wp","href":"https:\/\/api.w.org\/{rel}","templated":true}]}}