

{"id":2928,"date":"2023-11-01T01:39:50","date_gmt":"2023-11-01T01:39:50","guid":{"rendered":"https:\/\/blogs.1edo.com\/log-in\/"},"modified":"2024-05-31T08:55:14","modified_gmt":"2024-05-31T08:55:14","slug":"prihlasit-se","status":"publish","type":"page","link":"https:\/\/blogs.1edo.com\/cz\/prihlasit-se\/","title":{"rendered":"Log in"},"content":{"rendered":"<div data-elementor-type=\"wp-page\" data-elementor-id=\"2928\" class=\"elementor elementor-2928\" data-elementor-post-type=\"page\">\n\t\t\t\t<div class=\"elementor-element elementor-element-e507d7f e-flex e-con-boxed e-con e-parent\" data-id=\"e507d7f\" data-element_type=\"container\">\n\t\t\t\t\t<div class=\"e-con-inner\">\n\t\t<div class=\"elementor-element elementor-element-0e41f58 e-flex e-con-boxed e-con e-child\" data-id=\"0e41f58\" data-element_type=\"container\">\n\t\t\t\t\t<div class=\"e-con-inner\">\n\t\t<div class=\"elementor-element elementor-element-c86e594 e-con-full e-flex e-con e-child\" data-id=\"c86e594\" data-element_type=\"container\" data-settings=\"{&quot;background_background&quot;:&quot;classic&quot;}\">\n\t\t\t\t<\/div>\n\t\t\t\t<div class=\"elementor-element elementor-element-5400852 elementor-widget elementor-widget-heading\" data-id=\"5400852\" data-element_type=\"widget\" data-widget_type=\"heading.default\">\n\t\t\t\t<div class=\"elementor-widget-container\">\n\t\t\t\t\t<h1 class=\"elementor-heading-title elementor-size-default\">P\u0159ihlaste se pomoc\u00ed sv\u00e9ho 1edo ID.<\/h1>\t\t\t\t<\/div>\n\t\t\t\t<\/div>\n\t\t\t\t\t<\/div>\n\t\t\t\t<\/div>\n\t\t\t\t\t<\/div>\n\t\t\t\t<\/div>\n\t\t<div class=\"elementor-element elementor-element-34b3c7b e-flex e-con-boxed e-con e-parent\" data-id=\"34b3c7b\" data-element_type=\"container\">\n\t\t\t\t\t<div class=\"e-con-inner\">\n\t\t<div class=\"elementor-element elementor-element-64700bb e-flex e-con-boxed e-con e-child\" data-id=\"64700bb\" data-element_type=\"container\">\n\t\t\t\t\t<div class=\"e-con-inner\">\n\t\t<div class=\"elementor-element elementor-element-822862d e-flex e-con-boxed e-con e-child\" data-id=\"822862d\" data-element_type=\"container\">\n\t\t\t\t\t<div class=\"e-con-inner\">\n\t\t\t\t<div class=\"elementor-element elementor-element-1ee639f elementor-widget elementor-widget-text-editor\" data-id=\"1ee639f\" data-element_type=\"widget\" data-widget_type=\"text-editor.default\">\n\t\t\t\t<div class=\"elementor-widget-container\">\n\t\t\t\t\t\t\t\t\t<p><div id=\"wppb-login-wrap\" class=\"wppb-user-forms\">\n\t\t<form name=\"wppb-loginform\" id=\"wppb-loginform\" class=\"\" action=\"https:\/\/blogs.1edo.com\/cz\/wp-json\/wp\/v2\/pages\/2928\" method=\"post\" data-trp-original-action=\"https:\/\/blogs.1edo.com\/cz\/wp-json\/wp\/v2\/pages\/2928\">\n\t\t\t\n\t\t\t<p class=\"wppb-form-field login-username\">\n\t\t\t\t<label for=\"wppb_user_login\">Username or Email<\/label>\n\t\t\t\t<input type=\"text\" name=\"log\" id=\"wppb_user_login\" class=\"input\" value=\"\" size=\"20\" \/>\n\t\t\t<\/p>\n\t\t\t<p class=\"wppb-form-field login-password\">\n\t\t\t\t<label for=\"wppb_user_pass\">Heslo<\/label>\n\t\t\t\t<span class=\"wppb-password-field-container\">\n\t\t\t\t    <input type=\"password\" name=\"pwd\" id=\"wppb_user_pass\" class=\"input\" value=\"\" size=\"20\" \/>\n\t\t\t\t     <!-- add the HTML for the visibility toggle -->\n\t\t\t\t<\/span>\n            <\/p>\n\t\t\t\n\t\t\t\n\t\t\t<p class=\"wppb-form-field login-remember\"><input name=\"rememberme\" type=\"checkbox\" id=\"rememberme\" value=\"forever\" \/><label for=\"rememberme\">Remember Me<\/label><\/p>\n\t\t\t<p class=\"login-submit form-submit\">\n\t\t\t\t<input type=\"submit\" name=\"wp-submit\" id=\"wppb-submit\" class=\"button button-primary\" value=\"P\u0159ihl\u00e1sit se\"\" \/>\n\t\t\t\t<input type=\"hidden\" name=\"redirect_to\" value=\"https:\/\/blogs.1edo.com\/cz\/wp-json\/wp\/v2\/pages\/2928\" \/>\n\t\t\t<\/p>\n\t\t\t<input type=\"hidden\" name=\"wppb_login\" value=\"true\"\/>\n\t\t\t<input type=\"hidden\" name=\"wppb_form_location\" value=\"widget\"\/>\n\t\t\t<input type=\"hidden\" name=\"wppb_request_url\" value=\"https:\/\/blogs.1edo.com\/cz\/wp-json\/wp\/v2\/pages\/2928\"\/>\n\t\t\t<input type=\"hidden\" name=\"wppb_lostpassword_url\" value=\"\"\/>\n\t\t\t<input type=\"hidden\" name=\"wppb_redirect_priority\" value=\"\"\/>\n\t\t\t<input type=\"hidden\" name=\"wppb_referer_url\" value=\"\"\/>\n\t\t\t<input type=\"hidden\" id=\"CSRFToken-wppb\" name=\"CSRFToken-wppb\" value=\"5af8775383\" \/><input type=\"hidden\" name=\"_wp_http_referer\" value=\"\/cz\/wp-json\/wp\/v2\/pages\/2928\" \/>\n\t\t\t<input type=\"hidden\" name=\"wppb_redirect_check\" value=\"true\"\/>\n\t\t\t\n\t\t<input type=\"hidden\" name=\"trp-form-language\" value=\"cz\"\/><\/form><\/div><\/p>\t\t\t\t\t\t\t\t<\/div>\n\t\t\t\t<\/div>\n\t\t\t\t<div class=\"elementor-element elementor-element-b84ba64 elementor-widget__width-initial elementor-widget elementor-widget-shortcode\" data-id=\"b84ba64\" data-element_type=\"widget\" data-widget_type=\"shortcode.default\">\n\t\t\t\t<div class=\"elementor-widget-container\">\n\t\t\t\t\t\t\t<div class=\"elementor-shortcode\">[xyz-ips snippet=&quot;facebook-content&quot;]<\/div>\n\t\t\t\t\t\t<\/div>\n\t\t\t\t<\/div>\n\t\t\t\t<div class=\"elementor-element elementor-element-2ea362c elementor-widget elementor-widget-heading\" data-id=\"2ea362c\" data-element_type=\"widget\" data-widget_type=\"heading.default\">\n\t\t\t\t<div class=\"elementor-widget-container\">\n\t\t\t\t\t<h5 class=\"elementor-heading-title elementor-size-default\"><a href=\"\/cz\/registrovat\/\" target=\"_blank\">VYTVO\u0158IT \u00da\u010cET<\/a><\/h5>\t\t\t\t<\/div>\n\t\t\t\t<\/div>\n\t\t\t\t<div class=\"elementor-element elementor-element-3bf8c84 elementor-widget elementor-widget-heading\" data-id=\"3bf8c84\" data-element_type=\"widget\" data-widget_type=\"heading.default\">\n\t\t\t\t<div class=\"elementor-widget-container\">\n\t\t\t\t\t<h5 class=\"elementor-heading-title elementor-size-default\"><a href=\"\/cz\/o-edo-id\/\" target=\"_blank\">O LOGI ID<\/a><\/h5>\t\t\t\t<\/div>\n\t\t\t\t<\/div>\n\t\t\t\t\t<\/div>\n\t\t\t\t<\/div>\n\t\t\t\t\t<\/div>\n\t\t\t\t<\/div>\n\t\t\t\t\t<\/div>\n\t\t\t\t<\/div>\n\t\t<div class=\"elementor-element elementor-element-e69a6ec e-flex e-con-boxed e-con e-parent\" data-id=\"e69a6ec\" data-element_type=\"container\">\n\t\t\t\t\t<div class=\"e-con-inner\">\n\t\t\t\t\t<\/div>\n\t\t\t\t<\/div>\n\t\t\t\t<\/div>","protected":false},"excerpt":{"rendered":"<p>Log in with your 1edo ID. [xyz-ips snippet=&#8221;facebook-content&#8221;] CREATE AN ACCOUNT ABOUT LOGI ID<\/p>","protected":false},"author":1,"featured_media":0,"parent":0,"menu_order":0,"comment_status":"closed","ping_status":"closed","template":"elementor_header_footer","meta":{"footnotes":""},"class_list":["post-2928","page","type-page","status-publish","hentry"],"yoast_head":"<!-- This site is optimized with the Yoast SEO Premium plugin v26.5 (Yoast SEO v26.7) - https:\/\/yoast.com\/wordpress\/plugins\/seo\/ -->\n<title>Log in - 1edo blogs<\/title>\n<meta name=\"description\" content=\"1edo blogs, Log in with 1edo account, enter username and password, email and other information\" \/>\n<meta name=\"robots\" content=\"index, follow, max-snippet:-1, max-image-preview:large, max-video-preview:-1\" \/>\n<link rel=\"canonical\" href=\"https:\/\/blogscdn.1edo.com\/kr\/\ub85c\uadf8\uc778\/\" \/>\n<meta property=\"og:locale\" content=\"cs_CZ\" \/>\n<meta property=\"og:type\" content=\"article\" \/>\n<meta property=\"og:title\" content=\"Log in\" \/>\n<meta property=\"og:description\" content=\"1edo blogs, Log in with 1edo account, enter username and password, email and other information\" \/>\n<meta property=\"og:url\" content=\"https:\/\/blogscdn.1edo.com\/kr\/\ub85c\uadf8\uc778\/\" \/>\n<meta property=\"og:site_name\" content=\"1edo blogs\" \/>\n<meta property=\"article:modified_time\" content=\"2024-05-31T08:55:14+00:00\" \/>\n<meta name=\"twitter:card\" content=\"summary_large_image\" \/>\n<meta name=\"twitter:label1\" content=\"Odhadovan\u00e1 doba \u010dten\u00ed\" \/>\n\t<meta name=\"twitter:data1\" content=\"1 minuta\" \/>\n<script type=\"application\/ld+json\" class=\"yoast-schema-graph\">{\"@context\":\"https:\/\/schema.org\",\"@graph\":[{\"@type\":\"WebPage\",\"@id\":\"https:\/\/blogscdn.1edo.com\/kr\/%eb%a1%9c%ea%b7%b8%ec%9d%b8\/\",\"url\":\"https:\/\/blogscdn.1edo.com\/kr\/%eb%a1%9c%ea%b7%b8%ec%9d%b8\/\",\"name\":\"Log in - 1edo blogs\",\"isPartOf\":{\"@id\":\"https:\/\/blogscdn.1edo.com\/#website\"},\"datePublished\":\"2023-11-01T01:39:50+00:00\",\"dateModified\":\"2024-05-31T08:55:14+00:00\",\"description\":\"1edo blogs, Log in with 1edo account, enter username and password, email and other information\",\"breadcrumb\":{\"@id\":\"https:\/\/blogscdn.1edo.com\/kr\/%eb%a1%9c%ea%b7%b8%ec%9d%b8\/#breadcrumb\"},\"inLanguage\":\"cs\",\"potentialAction\":[{\"@type\":\"ReadAction\",\"target\":[\"https:\/\/blogscdn.1edo.com\/kr\/%eb%a1%9c%ea%b7%b8%ec%9d%b8\/\"]}]},{\"@type\":\"BreadcrumbList\",\"@id\":\"https:\/\/blogscdn.1edo.com\/kr\/%eb%a1%9c%ea%b7%b8%ec%9d%b8\/#breadcrumb\",\"itemListElement\":[{\"@type\":\"ListItem\",\"position\":1,\"name\":\"Home\",\"item\":\"https:\/\/blogscdn.1edo.com\/\"},{\"@type\":\"ListItem\",\"position\":2,\"name\":\"Log in\"}]},{\"@type\":\"WebSite\",\"@id\":\"https:\/\/blogscdn.1edo.com\/#website\",\"url\":\"https:\/\/blogscdn.1edo.com\/\",\"name\":\"1edo blogs\",\"description\":\"1edo blogs\",\"potentialAction\":[{\"@type\":\"SearchAction\",\"target\":{\"@type\":\"EntryPoint\",\"urlTemplate\":\"https:\/\/blogscdn.1edo.com\/?s={search_term_string}\"},\"query-input\":{\"@type\":\"PropertyValueSpecification\",\"valueRequired\":true,\"valueName\":\"search_term_string\"}}],\"inLanguage\":\"cs\"}]}<\/script>\n<!-- \/ Yoast SEO Premium plugin. -->","yoast_head_json":{"title":"Log in - 1edo blogs","description":"1edo blogs, Log in with 1edo account, enter username and password, email and other information","robots":{"index":"index","follow":"follow","max-snippet":"max-snippet:-1","max-image-preview":"max-image-preview:large","max-video-preview":"max-video-preview:-1"},"canonical":"https:\/\/blogscdn.1edo.com\/kr\/\ub85c\uadf8\uc778\/","og_locale":"cs_CZ","og_type":"article","og_title":"Log in","og_description":"1edo blogs, Log in with 1edo account, enter username and password, email and other information","og_url":"https:\/\/blogscdn.1edo.com\/kr\/\ub85c\uadf8\uc778\/","og_site_name":"1edo blogs","article_modified_time":"2024-05-31T08:55:14+00:00","twitter_card":"summary_large_image","twitter_misc":{"Odhadovan\u00e1 doba \u010dten\u00ed":"1 minuta"},"schema":{"@context":"https:\/\/schema.org","@graph":[{"@type":"WebPage","@id":"https:\/\/blogscdn.1edo.com\/kr\/%eb%a1%9c%ea%b7%b8%ec%9d%b8\/","url":"https:\/\/blogscdn.1edo.com\/kr\/%eb%a1%9c%ea%b7%b8%ec%9d%b8\/","name":"Log in - 1edo blogs","isPartOf":{"@id":"https:\/\/blogscdn.1edo.com\/#website"},"datePublished":"2023-11-01T01:39:50+00:00","dateModified":"2024-05-31T08:55:14+00:00","description":"1edo blogs, Log in with 1edo account, enter username and password, email and other information","breadcrumb":{"@id":"https:\/\/blogscdn.1edo.com\/kr\/%eb%a1%9c%ea%b7%b8%ec%9d%b8\/#breadcrumb"},"inLanguage":"cs","potentialAction":[{"@type":"ReadAction","target":["https:\/\/blogscdn.1edo.com\/kr\/%eb%a1%9c%ea%b7%b8%ec%9d%b8\/"]}]},{"@type":"BreadcrumbList","@id":"https:\/\/blogscdn.1edo.com\/kr\/%eb%a1%9c%ea%b7%b8%ec%9d%b8\/#breadcrumb","itemListElement":[{"@type":"ListItem","position":1,"name":"Home","item":"https:\/\/blogscdn.1edo.com\/"},{"@type":"ListItem","position":2,"name":"Log in"}]},{"@type":"WebSite","@id":"https:\/\/blogscdn.1edo.com\/#website","url":"https:\/\/blogscdn.1edo.com\/","name":"1edo blogy","description":"1edo blogy","potentialAction":[{"@type":"SearchAction","target":{"@type":"EntryPoint","urlTemplate":"https:\/\/blogscdn.1edo.com\/?s={search_term_string}"},"query-input":{"@type":"PropertyValueSpecification","valueRequired":true,"valueName":"search_term_string"}}],"inLanguage":"cs"}]}},"_links":{"self":[{"href":"https:\/\/blogs.1edo.com\/cz\/wp-json\/wp\/v2\/pages\/2928","targetHints":{"allow":["GET"]}}],"collection":[{"href":"https:\/\/blogs.1edo.com\/cz\/wp-json\/wp\/v2\/pages"}],"about":[{"href":"https:\/\/blogs.1edo.com\/cz\/wp-json\/wp\/v2\/types\/page"}],"author":[{"embeddable":true,"href":"https:\/\/blogs.1edo.com\/cz\/wp-json\/wp\/v2\/users\/1"}],"replies":[{"embeddable":true,"href":"https:\/\/blogs.1edo.com\/cz\/wp-json\/wp\/v2\/comments?post=2928"}],"version-history":[{"count":63,"href":"https:\/\/blogs.1edo.com\/cz\/wp-json\/wp\/v2\/pages\/2928\/revisions"}],"predecessor-version":[{"id":6929,"href":"https:\/\/blogs.1edo.com\/cz\/wp-json\/wp\/v2\/pages\/2928\/revisions\/6929"}],"wp:attachment":[{"href":"https:\/\/blogs.1edo.com\/cz\/wp-json\/wp\/v2\/media?parent=2928"}],"curies":[{"name":"wp","href":"https:\/\/api.w.org\/{rel}","templated":true}]}}