

{"id":29,"date":"2015-03-02T17:09:45","date_gmt":"2015-03-02T17:09:45","guid":{"rendered":"http:\/\/wp\/enfold-shop\/my-account\/"},"modified":"2024-05-31T09:21:43","modified_gmt":"2024-05-31T09:21:43","slug":"muj-ucet","status":"publish","type":"page","link":"https:\/\/blogs.1edo.com\/cz\/muj-ucet\/","title":{"rendered":"M\u016fj \u00fa\u010det"},"content":{"rendered":"<div data-elementor-type=\"wp-page\" data-elementor-id=\"29\" class=\"elementor elementor-29\" data-elementor-post-type=\"page\">\n\t\t\t\t<div class=\"elementor-element elementor-element-4e4dbbe9 e-flex e-con-boxed e-con e-parent\" data-id=\"4e4dbbe9\" data-element_type=\"container\">\n\t\t\t\t\t<div class=\"e-con-inner\">\n\t\t\t\t<div class=\"elementor-element elementor-element-20600ca4 elementor-widget elementor-widget-shortcode\" data-id=\"20600ca4\" data-element_type=\"widget\" data-widget_type=\"shortcode.default\">\n\t\t\t\t<div class=\"elementor-widget-container\">\n\t\t\t\t\t\t\t<div class=\"elementor-shortcode\"><div class=\"woocommerce\"><\/div><\/div>\n\t\t\t\t\t\t<\/div>\n\t\t\t\t<\/div>\n\t\t\t\t\t<\/div>\n\t\t\t\t<\/div>\n\t\t\t\t<\/div>","protected":false},"excerpt":{"rendered":"","protected":false},"author":1,"featured_media":0,"parent":0,"menu_order":0,"comment_status":"closed","ping_status":"closed","template":"","meta":{"footnotes":""},"class_list":["post-29","page","type-page","status-publish","hentry"],"yoast_head":"<!-- This site is optimized with the Yoast SEO Premium plugin v26.5 (Yoast SEO v26.7) - https:\/\/yoast.com\/wordpress\/plugins\/seo\/ -->\n<title>My Account - 1edo blogs<\/title>\n<meta name=\"description\" content=\"1edo blogs my account, From your account dashboard, you can view recent orders, manage your shipping and billing addresses, and edit your password and account details.\" \/>\n<meta name=\"robots\" content=\"index, follow, max-snippet:-1, max-image-preview:large, max-video-preview:-1\" \/>\n<link rel=\"canonical\" href=\"https:\/\/blogscdn.1edo.com\/de\/mein-konto\/\" \/>\n<meta property=\"og:locale\" content=\"cs_CZ\" \/>\n<meta property=\"og:type\" content=\"article\" \/>\n<meta property=\"og:title\" content=\"My Account\" \/>\n<meta property=\"og:description\" content=\"1edo blogs my account, From your account dashboard, you can view recent orders, manage your shipping and billing addresses, and edit your password and account details.\" \/>\n<meta property=\"og:url\" content=\"https:\/\/blogscdn.1edo.com\/de\/mein-konto\/\" \/>\n<meta property=\"og:site_name\" content=\"1edo blogs\" \/>\n<meta property=\"article:modified_time\" content=\"2024-05-31T09:21:43+00:00\" \/>\n<meta name=\"twitter:card\" content=\"summary_large_image\" \/>\n<meta name=\"twitter:label1\" content=\"Odhadovan\u00e1 doba \u010dten\u00ed\" \/>\n\t<meta name=\"twitter:data1\" content=\"1 minuta\" \/>\n<script type=\"application\/ld+json\" class=\"yoast-schema-graph\">{\"@context\":\"https:\/\/schema.org\",\"@graph\":[{\"@type\":\"WebPage\",\"@id\":\"https:\/\/blogscdn.1edo.com\/de\/mein-konto\/\",\"url\":\"https:\/\/blogscdn.1edo.com\/de\/mein-konto\/\",\"name\":\"My Account - 1edo blogs\",\"isPartOf\":{\"@id\":\"https:\/\/blogscdn.1edo.com\/#website\"},\"datePublished\":\"2015-03-02T17:09:45+00:00\",\"dateModified\":\"2024-05-31T09:21:43+00:00\",\"description\":\"1edo blogs my account, From your account dashboard, you can view recent orders, manage your shipping and billing addresses, and edit your password and account details.\",\"breadcrumb\":{\"@id\":\"https:\/\/blogscdn.1edo.com\/de\/mein-konto\/#breadcrumb\"},\"inLanguage\":\"cs\",\"potentialAction\":[{\"@type\":\"ReadAction\",\"target\":[\"https:\/\/blogscdn.1edo.com\/de\/mein-konto\/\"]}]},{\"@type\":\"BreadcrumbList\",\"@id\":\"https:\/\/blogscdn.1edo.com\/de\/mein-konto\/#breadcrumb\",\"itemListElement\":[{\"@type\":\"ListItem\",\"position\":1,\"name\":\"Home\",\"item\":\"https:\/\/blogscdn.1edo.com\/\"},{\"@type\":\"ListItem\",\"position\":2,\"name\":\"My Account\"}]},{\"@type\":\"WebSite\",\"@id\":\"https:\/\/blogscdn.1edo.com\/#website\",\"url\":\"https:\/\/blogscdn.1edo.com\/\",\"name\":\"1edo blogs\",\"description\":\"1edo blogs\",\"potentialAction\":[{\"@type\":\"SearchAction\",\"target\":{\"@type\":\"EntryPoint\",\"urlTemplate\":\"https:\/\/blogscdn.1edo.com\/?s={search_term_string}\"},\"query-input\":{\"@type\":\"PropertyValueSpecification\",\"valueRequired\":true,\"valueName\":\"search_term_string\"}}],\"inLanguage\":\"cs\"}]}<\/script>\n<!-- \/ Yoast SEO Premium plugin. -->","yoast_head_json":{"title":"M\u016fj \u00fa\u010det \u2013 blogy 1edo","description":"1edo blogs my account, From your account dashboard, you can view recent orders, manage your shipping and billing addresses, and edit your password and account details.","robots":{"index":"index","follow":"follow","max-snippet":"max-snippet:-1","max-image-preview":"max-image-preview:large","max-video-preview":"max-video-preview:-1"},"canonical":"https:\/\/blogscdn.1edo.com\/de\/mein-konto\/","og_locale":"cs_CZ","og_type":"article","og_title":"My Account","og_description":"1edo blogs my account, From your account dashboard, you can view recent orders, manage your shipping and billing addresses, and edit your password and account details.","og_url":"https:\/\/blogscdn.1edo.com\/de\/mein-konto\/","og_site_name":"1edo blogs","article_modified_time":"2024-05-31T09:21:43+00:00","twitter_card":"summary_large_image","twitter_misc":{"Odhadovan\u00e1 doba \u010dten\u00ed":"1 minuta"},"schema":{"@context":"https:\/\/schema.org","@graph":[{"@type":"WebPage","@id":"https:\/\/blogscdn.1edo.com\/de\/mein-konto\/","url":"https:\/\/blogscdn.1edo.com\/de\/mein-konto\/","name":"M\u016fj \u00fa\u010det \u2013 blogy 1edo","isPartOf":{"@id":"https:\/\/blogscdn.1edo.com\/#website"},"datePublished":"2015-03-02T17:09:45+00:00","dateModified":"2024-05-31T09:21:43+00:00","description":"1edo blogs my account, From your account dashboard, you can view recent orders, manage your shipping and billing addresses, and edit your password and account details.","breadcrumb":{"@id":"https:\/\/blogscdn.1edo.com\/de\/mein-konto\/#breadcrumb"},"inLanguage":"cs","potentialAction":[{"@type":"ReadAction","target":["https:\/\/blogscdn.1edo.com\/de\/mein-konto\/"]}]},{"@type":"BreadcrumbList","@id":"https:\/\/blogscdn.1edo.com\/de\/mein-konto\/#breadcrumb","itemListElement":[{"@type":"ListItem","position":1,"name":"Home","item":"https:\/\/blogscdn.1edo.com\/"},{"@type":"ListItem","position":2,"name":"My Account"}]},{"@type":"WebSite","@id":"https:\/\/blogscdn.1edo.com\/#website","url":"https:\/\/blogscdn.1edo.com\/","name":"1edo blogy","description":"1edo blogy","potentialAction":[{"@type":"SearchAction","target":{"@type":"EntryPoint","urlTemplate":"https:\/\/blogscdn.1edo.com\/?s={search_term_string}"},"query-input":{"@type":"PropertyValueSpecification","valueRequired":true,"valueName":"search_term_string"}}],"inLanguage":"cs"}]}},"_links":{"self":[{"href":"https:\/\/blogs.1edo.com\/cz\/wp-json\/wp\/v2\/pages\/29","targetHints":{"allow":["GET"]}}],"collection":[{"href":"https:\/\/blogs.1edo.com\/cz\/wp-json\/wp\/v2\/pages"}],"about":[{"href":"https:\/\/blogs.1edo.com\/cz\/wp-json\/wp\/v2\/types\/page"}],"author":[{"embeddable":true,"href":"https:\/\/blogs.1edo.com\/cz\/wp-json\/wp\/v2\/users\/1"}],"replies":[{"embeddable":true,"href":"https:\/\/blogs.1edo.com\/cz\/wp-json\/wp\/v2\/comments?post=29"}],"version-history":[{"count":7,"href":"https:\/\/blogs.1edo.com\/cz\/wp-json\/wp\/v2\/pages\/29\/revisions"}],"predecessor-version":[{"id":6831,"href":"https:\/\/blogs.1edo.com\/cz\/wp-json\/wp\/v2\/pages\/29\/revisions\/6831"}],"wp:attachment":[{"href":"https:\/\/blogs.1edo.com\/cz\/wp-json\/wp\/v2\/media?parent=29"}],"curies":[{"name":"wp","href":"https:\/\/api.w.org\/{rel}","templated":true}]}}