

{"id":2118,"date":"2023-09-25T02:06:24","date_gmt":"2023-09-25T02:06:24","guid":{"rendered":"https:\/\/blogs.1edo.com\/?page_id=2118"},"modified":"2024-05-31T00:45:46","modified_gmt":"2024-05-31T00:45:46","slug":"online-zprava","status":"publish","type":"page","link":"https:\/\/blogs.1edo.com\/cz\/online-zprava\/","title":{"rendered":"Online zpr\u00e1va"},"content":{"rendered":"<div id='full_slider_1'  class='avia-fullwidth-slider main_color avia-shadow av-small-hide av-mini-hide  avia-builder-el-0  el_before_av_slideshow_full  avia-builder-el-first  nocti_bre_aboutus_mw  container_wrap sidebar_right'  >\n<style type=\"text\/css\" data-created_by=\"avia_inline_auto\" id=\"style-css-av-1j42fxy-be785ddb72cc63bdd92bb195b33e8c43\">\n#top #wrap_all .avia-slideshow .av-slideshow-caption.av-1j42fxy-be785ddb72cc63bdd92bb195b33e8c43__0 .avia-caption-title{\nfont-size:45px;\ncolor:#ffffff;\n}\n#top .avia-slideshow .av-slideshow-caption.av-1j42fxy-be785ddb72cc63bdd92bb195b33e8c43__0 .avia-caption-content{\nfont-size:20px;\n}\n#top .avia-slideshow .av-slideshow-caption.av-1j42fxy-be785ddb72cc63bdd92bb195b33e8c43__0 .avia-caption-content p{\nfont-size:20px;\n}\n<\/style>\n<div  class='avia-slideshow av-1j42fxy-be785ddb72cc63bdd92bb195b33e8c43 avia-slideshow-no scaling av_slideshow_full avia-slide-slider nocti_bre_aboutus_mw av-small-hide av-mini-hide av-slideshow-ui av-control-hidden av-no-slider-navigation av-hide-nav-arrows av-slideshow-manual av-loop-once av-loop-manual-endless av-default-height-applied   avia-slideshow-1' data-slideshow-options=\"{&quot;animation&quot;:&quot;slide&quot;,&quot;autoplay&quot;:false,&quot;loop_autoplay&quot;:&quot;once&quot;,&quot;interval&quot;:1,&quot;loop_manual&quot;:&quot;manual-endless&quot;,&quot;autoplay_stopper&quot;:false,&quot;noNavigation&quot;:true,&quot;bg_slider&quot;:false,&quot;transitionSpeed&quot;:100,&quot;keep_padding&quot;:false,&quot;hoverpause&quot;:false,&quot;show_slide_delay&quot;:0}\"  itemprop=\"image\" itemscope=\"itemscope\" itemtype=\"https:\/\/schema.org\/ImageObject\" ><ul class='avia-slideshow-inner' style='padding-bottom: 32.291666666667%;'><li  class='avia-slideshow-slide av-1j42fxy-be785ddb72cc63bdd92bb195b33e8c43__0  av-single-slide slide-1 slide-odd'><div data-rel='slideshow-1' class='avia-slide-wrap'   ><div class='av-slideshow-caption av-1j42fxy-be785ddb72cc63bdd92bb195b33e8c43__0 caption_fullwidth caption_center caption_center_framed caption_framed'><div class=\"container caption_container\"><div class=\"slideshow_caption\"><div class=\"slideshow_inner_caption\"><div class=\"slideshow_align_caption\"><h1 class='avia-caption-title'  itemprop=\"name\" >ONLINE ZPR\u00c1VA<\/h1><div class='avia-caption-content av_inherit_color'  itemprop=\"description\" ><p>Kontaktujte n\u00e1s, kdy\u017e nejsme online, zanechte n\u00e1m zpr\u00e1vu<\/p>\n<\/div><\/div><\/div><\/div><\/div><\/div><img decoding=\"async\" class=\"wp-image-2121 avia-img-lazy-loading-not-2121\"  src=\"https:\/\/blogs.1edo.com\/wp-content\/uploads\/2023\/09\/banner-1.jpg\" width=\"1920\" height=\"620\" title='\u58f9\u5ea6\u5b98\u7f51-4\u652f\u6301-3\u5728\u7ebf\u7559\u8a00-\u82f1\u6587\u7248' alt=''  itemprop=\"thumbnailUrl\" srcset=\"https:\/\/blogs.1edo.com\/wp-content\/uploads\/2023\/09\/banner-1.jpg 1920w, https:\/\/blogs.1edo.com\/wp-content\/uploads\/2023\/09\/banner-1-600x194.jpg 600w, https:\/\/blogs.1edo.com\/wp-content\/uploads\/2023\/09\/banner-1-300x97.jpg 300w, https:\/\/blogs.1edo.com\/wp-content\/uploads\/2023\/09\/banner-1-1030x333.jpg 1030w, https:\/\/blogs.1edo.com\/wp-content\/uploads\/2023\/09\/banner-1-768x248.jpg 768w, https:\/\/blogs.1edo.com\/wp-content\/uploads\/2023\/09\/banner-1-1536x496.jpg 1536w, https:\/\/blogs.1edo.com\/wp-content\/uploads\/2023\/09\/banner-1-1500x484.jpg 1500w, https:\/\/blogs.1edo.com\/wp-content\/uploads\/2023\/09\/banner-1-705x228.jpg 705w, https:\/\/blogs.1edo.com\/wp-content\/uploads\/2023\/09\/banner-1-450x145.jpg 450w\" sizes=\"(max-width: 1920px) 100vw, 1920px\" \/><\/div><\/li><\/ul><\/div><\/div>\n<div id='full_slider_2'  class='avia-fullwidth-slider main_color avia-shadow av-desktop-hide av-medium-hide  avia-builder-el-1  el_after_av_slideshow_full  el_before_av_section  nocti_bre_aboutus_mw  slider-not-first container_wrap sidebar_right'  >\n<style type=\"text\/css\" data-created_by=\"avia_inline_auto\" id=\"style-css-av-1g1elqe-c1f01ef45026c61f07fb694d4ad5a12b\">\n#top #wrap_all .avia-slideshow .av-slideshow-caption.av-1g1elqe-c1f01ef45026c61f07fb694d4ad5a12b__0 .avia-caption-title{\nfont-size:45px;\n}\n#top .avia-slideshow .av-slideshow-caption.av-1g1elqe-c1f01ef45026c61f07fb694d4ad5a12b__0 .avia-caption-content{\nfont-size:20px;\n}\n#top .avia-slideshow .av-slideshow-caption.av-1g1elqe-c1f01ef45026c61f07fb694d4ad5a12b__0 .avia-caption-content p{\nfont-size:20px;\n}\n<\/style>\n<div  class='avia-slideshow av-1g1elqe-c1f01ef45026c61f07fb694d4ad5a12b avia-slideshow-no scaling av_slideshow_full avia-slide-slider nocti_bre_aboutus_mw av-desktop-hide av-medium-hide av-slideshow-ui av-control-hidden av-no-slider-navigation av-hide-nav-arrows av-slideshow-manual av-loop-once av-loop-manual-endless av-default-height-applied   avia-slideshow-2' data-slideshow-options=\"{&quot;animation&quot;:&quot;slide&quot;,&quot;autoplay&quot;:false,&quot;loop_autoplay&quot;:&quot;once&quot;,&quot;interval&quot;:1,&quot;loop_manual&quot;:&quot;manual-endless&quot;,&quot;autoplay_stopper&quot;:false,&quot;noNavigation&quot;:true,&quot;bg_slider&quot;:false,&quot;transitionSpeed&quot;:100,&quot;keep_padding&quot;:false,&quot;hoverpause&quot;:false,&quot;show_slide_delay&quot;:0}\"  itemprop=\"image\" itemscope=\"itemscope\" itemtype=\"https:\/\/schema.org\/ImageObject\" ><ul class='avia-slideshow-inner' style='padding-bottom: 177.89291882556%;'><li  class='avia-slideshow-slide av-1g1elqe-c1f01ef45026c61f07fb694d4ad5a12b__0  av-single-slide slide-1 slide-odd'><div data-rel='slideshow-2' class='avia-slide-wrap'   ><div class='av-slideshow-caption av-1g1elqe-c1f01ef45026c61f07fb694d4ad5a12b__0 caption_fullwidth caption_center caption_center_framed caption_framed'><div class=\"container caption_container\"><div class=\"slideshow_caption\"><div class=\"slideshow_inner_caption\"><div class=\"slideshow_align_caption\"><h2 class='avia-caption-title'  itemprop=\"name\" >ONLINE ZPR\u00c1VA<\/h2><div class='avia-caption-content'  itemprop=\"description\" ><p>Kontaktujte n\u00e1s, kdy\u017e nejsme online, zanechte n\u00e1m zpr\u00e1vu<\/p>\n<\/div><\/div><\/div><\/div><\/div><\/div><img loading=\"lazy\" decoding=\"async\" class=\"wp-image-2122 avia-img-lazy-loading-not-2122\" src=\"https:\/\/blogs.1edo.com\/wp-content\/uploads\/2023\/09\/ONLINE-MESSAGE-BANNER-579x1030-1.jpg\"  width=\"579\" height=\"1030\" title='ONLINE-ZPR\u00c1VA-BANNER-579x1030' alt='' itemprop=\"thumbnailUrl\"  srcset=\"https:\/\/blogs.1edo.com\/wp-content\/uploads\/2023\/09\/ONLINE-MESSAGE-BANNER-579x1030-1.jpg 579w, https:\/\/blogs.1edo.com\/wp-content\/uploads\/2023\/09\/ONLINE-MESSAGE-BANNER-579x1030-1-169x300.jpg 169w, https:\/\/blogs.1edo.com\/wp-content\/uploads\/2023\/09\/ONLINE-MESSAGE-BANNER-579x1030-1-396x705.jpg 396w, https:\/\/blogs.1edo.com\/wp-content\/uploads\/2023\/09\/ONLINE-MESSAGE-BANNER-579x1030-1-450x801.jpg 450w\" sizes=\"auto, (max-width: 579px) 100vw, 579px\" \/><\/div><\/li><\/ul><\/div><\/div>\n\n<style type=\"text\/css\" data-created_by=\"avia_inline_auto\" id=\"style-css-av-1cp1ed2-a27b753586066a605b9002b6811c2b7d\">\n.avia-section.av-1cp1ed2-a27b753586066a605b9002b6811c2b7d{\nbackground-color:#ffffff;\nbackground-image:unset;\n}\n<\/style>\n<div id='av_section_1'  class='avia-section av-1cp1ed2-a27b753586066a605b9002b6811c2b7d main_color avia-section-small avia-no-border-styling  avia-builder-el-2  el_after_av_slideshow_full  el_before_av_section  nocti_aboutus_mwen avia-bg-style-scroll container_wrap sidebar_right'  ><div class='container av-section-cont-open' ><div class='template-page content  av-content-small alpha units'><div class='post-entry post-entry-type-page post-entry-2118'><div class='entry-content-wrapper clearfix'>\n\n\n<\/div><\/div><\/div><!-- close content main div --><\/div><\/div>\n<style type=\"text\/css\" data-created_by=\"avia_inline_auto\" id=\"style-css-av-lmy935az-60221f63317b25ba8856a8eadc5fd47d\">\n.avia-section.av-lmy935az-60221f63317b25ba8856a8eadc5fd47d{\nbackground-color:#ffffff;\nbackground-image:unset;\nmargin-top:4%;\nmargin-bottom:4%;\n}\n<\/style>\n<div id='av_section_2'  class='avia-section av-lmy935az-60221f63317b25ba8856a8eadc5fd47d main_color avia-section-default avia-no-border-styling  avia-builder-el-4  el_after_av_section  avia-builder-el-last  avia-bg-style-scroll container_wrap sidebar_right'  ><div class='container av-section-cont-open' ><div class='template-page content  av-content-small alpha units'><div class='post-entry post-entry-type-page post-entry-2118'><div class='entry-content-wrapper clearfix'>\n<div class='flex_column_table av-lmy93s97-455313de43e282da6b385e1c003c7d95 sc-av_one_third av-equal-height-column-flextable'>\n<style type=\"text\/css\" data-created_by=\"avia_inline_auto\" id=\"style-css-av-lmy93s97-455313de43e282da6b385e1c003c7d95\">\n#top .flex_column_table.av-equal-height-column-flextable.av-lmy93s97-455313de43e282da6b385e1c003c7d95{\nmargin-top:0%;\nmargin-bottom:0%;\n}\n.flex_column.av-lmy93s97-455313de43e282da6b385e1c003c7d95{\nwidth:32%;\nmargin-left:0;\npadding:0% 0% 0% 0%;\n}\n#top .flex_column_table.av-equal-height-column-flextable.av-lmy93s97-455313de43e282da6b385e1c003c7d95 .av-flex-placeholder{\nwidth:2%;\n}\n<\/style>\n<div class='flex_column av-lmy93s97-455313de43e282da6b385e1c003c7d95 av_one_third  avia-builder-el-5  el_before_av_two_third  avia-builder-el-first  first flex_column_table_cell av-equal-height-column av-align-top av-animated-generic left-to-right av-zero-column-padding'     ><style type=\"text\/css\" data-created_by=\"avia_inline_auto\" id=\"style-css-av-lmy95qw2-a63d084cc85b4e8cc496657c5c0211bb\">\n#top .av-special-heading.av-lmy95qw2-a63d084cc85b4e8cc496657c5c0211bb{\nmargin:0% 0% 0% 0%;\npadding-bottom:0;\ncolor:#595757;\nfont-size:36px;\n}\nbody .av-special-heading.av-lmy95qw2-a63d084cc85b4e8cc496657c5c0211bb .av-special-heading-tag .heading-char{\nfont-size:25px;\n}\n#top #wrap_all .av-special-heading.av-lmy95qw2-a63d084cc85b4e8cc496657c5c0211bb .av-special-heading-tag{\nfont-size:36px;\npadding:0% 0% 0% 0%;\n}\n.av-special-heading.av-lmy95qw2-a63d084cc85b4e8cc496657c5c0211bb .special-heading-inner-border{\nborder-color:#595757;\n}\n.av-special-heading.av-lmy95qw2-a63d084cc85b4e8cc496657c5c0211bb .av-subheading{\nfont-size:15px;\n}\n\n@media only screen and (max-width: 479px){ \n#top #wrap_all .av-special-heading.av-lmy95qw2-a63d084cc85b4e8cc496657c5c0211bb .av-special-heading-tag{\nfont-size:28px;\n}\n}\n\n@media only screen and (min-width: 480px) and (max-width: 767px){ \n#top #wrap_all .av-special-heading.av-lmy95qw2-a63d084cc85b4e8cc496657c5c0211bb .av-special-heading-tag{\nfont-size:0.8em;\n}\n}\n<\/style>\n<div  class='av-special-heading av-lmy95qw2-a63d084cc85b4e8cc496657c5c0211bb av-special-heading-h3 custom-color-heading blockquote modern-quote  avia-builder-el-6  avia-builder-el-no-sibling  av-inherit-size'><h3 class='av-special-heading-tag'  itemprop=\"headline\"  >Online zpr\u00e1va<\/h3><div class=\"special-heading-border\"><div class=\"special-heading-inner-border\"><\/div><\/div><\/div><\/div><div class='av-flex-placeholder'><\/div>\n<style type=\"text\/css\" data-created_by=\"avia_inline_auto\" id=\"style-css-av-lmy9460b-7c8083cfc94696a70c0c1c7502aa83f9\">\n#top .flex_column_table.av-equal-height-column-flextable.av-lmy9460b-7c8083cfc94696a70c0c1c7502aa83f9{\nmargin-top:0%;\nmargin-bottom:0%;\n}\n.flex_column.av-lmy9460b-7c8083cfc94696a70c0c1c7502aa83f9{\nwidth:66%;\nmargin-left:0;\npadding:0% 0% 0% 0%;\n}\n#top .flex_column_table.av-equal-height-column-flextable.av-lmy9460b-7c8083cfc94696a70c0c1c7502aa83f9 .av-flex-placeholder{\nwidth:2%;\n}\n<\/style>\n<div class='flex_column av-lmy9460b-7c8083cfc94696a70c0c1c7502aa83f9 av_two_third  avia-builder-el-7  el_after_av_one_third  avia-builder-el-last  nocti_contactus_efrqwq flex_column_table_cell av-equal-height-column av-align-top av-animated-generic right-to-left av-zero-column-padding'     ><div  class='tabcontainer av-lmyapmw1-1fd2d0ebaae6239469ca19bcb8eef74d top_tab  avia-builder-el-8  avia-builder-el-no-sibling' role='tablist'>\n<section class='av_tab_section av_tab_section av-lmyaoc4l-8f72a2b1661166d1d43e9133a95bbe13'  itemscope=\"itemscope\" itemtype=\"https:\/\/schema.org\/CreativeWork\" ><div class='tab active_tab' role='tab' tabindex='0' data-fake-id='#message' aria-controls='message-content'  itemprop=\"headline\" >Zpr\u00e1va<\/div><div id='message-content' class='tab_content active_tab_content' aria-hidden=\"false\"><div class='tab_inner_content invers-color'  itemprop=\"text\" >\n<div class=\"wpcf7 no-js\" id=\"wpcf7-f2125-o1\" lang=\"en-US\" dir=\"ltr\" data-wpcf7-id=\"2125\">\n<div class=\"screen-reader-response\"><p role=\"status\" aria-live=\"polite\" aria-atomic=\"true\"><\/p> <ul><\/ul><\/div>\n<form action=\"\/cz\/wp-json\/wp\/v2\/pages\/2118#wpcf7-f2125-o1\" method=\"post\" class=\"wpcf7-form init\" aria-label=\"Contact form\" novalidate=\"novalidate\" data-status=\"init\" data-trp-original-action=\"\/cz\/wp-json\/wp\/v2\/pages\/2118#wpcf7-f2125-o1\">\n<fieldset class=\"hidden-fields-container\"><input type=\"hidden\" name=\"_wpcf7\" value=\"2125\" \/><input type=\"hidden\" name=\"_wpcf7_version\" value=\"6.1.4\" \/><input type=\"hidden\" name=\"_wpcf7_locale\" value=\"en_US\" \/><input type=\"hidden\" name=\"_wpcf7_unit_tag\" value=\"wpcf7-f2125-o1\" \/><input type=\"hidden\" name=\"_wpcf7_container_post\" value=\"0\" \/><input type=\"hidden\" name=\"_wpcf7_posted_data_hash\" value=\"\" \/>\n<\/fieldset>\n<div class=\"nocti_contactus_yegww\">\n\t<p><label><span class=\"wpcf7-form-control-wrap\" data-name=\"Your-Name\"><input size=\"40\" maxlength=\"400\" class=\"wpcf7-form-control wpcf7-text wpcf7-validates-as-required\" aria-required=\"true\" aria-invalid=\"false\" placeholder=\"Tv\u00e9 jm\u00e9no*\" value=\"\" type=\"text\" name=\"Your-Name\" \/><\/span><\/label><label><span class=\"wpcf7-form-control-wrap\" data-name=\"Email-Phone\"><input size=\"40\" maxlength=\"400\" class=\"wpcf7-form-control wpcf7-text wpcf7-validates-as-required\" aria-required=\"true\" aria-invalid=\"false\" placeholder=\"Va\u0161e telefonn\u00ed \u010d\u00edslo\/e-mail*\" value=\"\" type=\"text\" name=\"Email-Phone\" \/><\/span><\/label><span class=\"wpcf7-form-control-wrap\" data-name=\"your-message\"><textarea cols=\"40\" rows=\"10\" maxlength=\"2000\" class=\"wpcf7-form-control wpcf7-textarea\" aria-invalid=\"false\" placeholder=\"Vstup\" name=\"your-message\"><\/textarea><\/span><br \/>\n<input class=\"wpcf7-form-control wpcf7-submit has-spinner\" type=\"submit\" value=\"P\u0158EDLO\u017dIT\" \/>\n\t<\/p>\n<\/div><div class=\"wpcf7-response-output\" aria-hidden=\"true\"><\/div>\n<input type=\"hidden\" name=\"trp-form-language\" value=\"cz\"\/><\/form>\n<\/div>\n\n<\/div><\/div><\/section>\n<section class='av_tab_section av_tab_section av-lmyaoc4l-2-76d6c7fc18a4ffbb7e8a8b000556361c'  itemscope=\"itemscope\" itemtype=\"https:\/\/schema.org\/CreativeWork\" ><div class='tab' role='tab' tabindex='0' data-fake-id='#complaints' aria-controls='complaints-content'  itemprop=\"headline\" >St\u00ed\u017enosti<\/div><div id='complaints-content' class='tab_content' aria-hidden=\"true\"><div class='tab_inner_content invers-color'  itemprop=\"text\" >\n<div class=\"wpcf7 no-js\" id=\"wpcf7-f2125-o2\" lang=\"en-US\" dir=\"ltr\" data-wpcf7-id=\"2125\">\n<div class=\"screen-reader-response\"><p role=\"status\" aria-live=\"polite\" aria-atomic=\"true\"><\/p> <ul><\/ul><\/div>\n<form action=\"\/cz\/wp-json\/wp\/v2\/pages\/2118#wpcf7-f2125-o2\" method=\"post\" class=\"wpcf7-form init\" aria-label=\"Contact form\" novalidate=\"novalidate\" data-status=\"init\" data-trp-original-action=\"\/cz\/wp-json\/wp\/v2\/pages\/2118#wpcf7-f2125-o2\">\n<fieldset class=\"hidden-fields-container\"><input type=\"hidden\" name=\"_wpcf7\" value=\"2125\" \/><input type=\"hidden\" name=\"_wpcf7_version\" value=\"6.1.4\" \/><input type=\"hidden\" name=\"_wpcf7_locale\" value=\"en_US\" \/><input type=\"hidden\" name=\"_wpcf7_unit_tag\" value=\"wpcf7-f2125-o2\" \/><input type=\"hidden\" name=\"_wpcf7_container_post\" value=\"0\" \/><input type=\"hidden\" name=\"_wpcf7_posted_data_hash\" value=\"\" \/>\n<\/fieldset>\n<div class=\"nocti_contactus_yegww\">\n\t<p><label><span class=\"wpcf7-form-control-wrap\" data-name=\"Your-Name\"><input size=\"40\" maxlength=\"400\" class=\"wpcf7-form-control wpcf7-text wpcf7-validates-as-required\" aria-required=\"true\" aria-invalid=\"false\" placeholder=\"Tv\u00e9 jm\u00e9no*\" value=\"\" type=\"text\" name=\"Your-Name\" \/><\/span><\/label><label><span class=\"wpcf7-form-control-wrap\" data-name=\"Email-Phone\"><input size=\"40\" maxlength=\"400\" class=\"wpcf7-form-control wpcf7-text wpcf7-validates-as-required\" aria-required=\"true\" aria-invalid=\"false\" placeholder=\"Va\u0161e telefonn\u00ed \u010d\u00edslo\/e-mail*\" value=\"\" type=\"text\" name=\"Email-Phone\" \/><\/span><\/label><span class=\"wpcf7-form-control-wrap\" data-name=\"your-message\"><textarea cols=\"40\" rows=\"10\" maxlength=\"2000\" class=\"wpcf7-form-control wpcf7-textarea\" aria-invalid=\"false\" placeholder=\"Vstup\" name=\"your-message\"><\/textarea><\/span><br \/>\n<input class=\"wpcf7-form-control wpcf7-submit has-spinner\" type=\"submit\" value=\"P\u0158EDLO\u017dIT\" \/>\n\t<\/p>\n<\/div><div class=\"wpcf7-response-output\" aria-hidden=\"true\"><\/div>\n<input type=\"hidden\" name=\"trp-form-language\" value=\"cz\"\/><\/form>\n<\/div>\n\n<\/div><\/div><\/section>\n<section class='av_tab_section av_tab_section av-lmyaoc4l-1-50529a9e52830f1f0ec3a55c804ef7f0'  itemscope=\"itemscope\" itemtype=\"https:\/\/schema.org\/CreativeWork\" ><div class='tab' role='tab' tabindex='0' data-fake-id='#advice' aria-controls='advice-content'  itemprop=\"headline\" >Rada<\/div><div id='advice-content' class='tab_content' aria-hidden=\"true\"><div class='tab_inner_content invers-color'  itemprop=\"text\" >\n<div class=\"wpcf7 no-js\" id=\"wpcf7-f2125-o3\" lang=\"en-US\" dir=\"ltr\" data-wpcf7-id=\"2125\">\n<div class=\"screen-reader-response\"><p role=\"status\" aria-live=\"polite\" aria-atomic=\"true\"><\/p> <ul><\/ul><\/div>\n<form action=\"\/cz\/wp-json\/wp\/v2\/pages\/2118#wpcf7-f2125-o3\" method=\"post\" class=\"wpcf7-form init\" aria-label=\"Contact form\" novalidate=\"novalidate\" data-status=\"init\" data-trp-original-action=\"\/cz\/wp-json\/wp\/v2\/pages\/2118#wpcf7-f2125-o3\">\n<fieldset class=\"hidden-fields-container\"><input type=\"hidden\" name=\"_wpcf7\" value=\"2125\" \/><input type=\"hidden\" name=\"_wpcf7_version\" value=\"6.1.4\" \/><input type=\"hidden\" name=\"_wpcf7_locale\" value=\"en_US\" \/><input type=\"hidden\" name=\"_wpcf7_unit_tag\" value=\"wpcf7-f2125-o3\" \/><input type=\"hidden\" name=\"_wpcf7_container_post\" value=\"0\" \/><input type=\"hidden\" name=\"_wpcf7_posted_data_hash\" value=\"\" \/>\n<\/fieldset>\n<div class=\"nocti_contactus_yegww\">\n\t<p><label><span class=\"wpcf7-form-control-wrap\" data-name=\"Your-Name\"><input size=\"40\" maxlength=\"400\" class=\"wpcf7-form-control wpcf7-text wpcf7-validates-as-required\" aria-required=\"true\" aria-invalid=\"false\" placeholder=\"Tv\u00e9 jm\u00e9no*\" value=\"\" type=\"text\" name=\"Your-Name\" \/><\/span><\/label><label><span class=\"wpcf7-form-control-wrap\" data-name=\"Email-Phone\"><input size=\"40\" maxlength=\"400\" class=\"wpcf7-form-control wpcf7-text wpcf7-validates-as-required\" aria-required=\"true\" aria-invalid=\"false\" placeholder=\"Va\u0161e telefonn\u00ed \u010d\u00edslo\/e-mail*\" value=\"\" type=\"text\" name=\"Email-Phone\" \/><\/span><\/label><span class=\"wpcf7-form-control-wrap\" data-name=\"your-message\"><textarea cols=\"40\" rows=\"10\" maxlength=\"2000\" class=\"wpcf7-form-control wpcf7-textarea\" aria-invalid=\"false\" placeholder=\"Vstup\" name=\"your-message\"><\/textarea><\/span><br \/>\n<input class=\"wpcf7-form-control wpcf7-submit has-spinner\" type=\"submit\" value=\"P\u0158EDLO\u017dIT\" \/>\n\t<\/p>\n<\/div><div class=\"wpcf7-response-output\" aria-hidden=\"true\"><\/div>\n<input type=\"hidden\" name=\"trp-form-language\" value=\"cz\"\/><\/form>\n<\/div>\n\n<\/div><\/div><\/section>\n<\/div><\/div><\/div><!--close column table wrapper. Autoclose: 1 -->\n<\/div><\/div><\/div><!-- close content main div --><\/div><\/div><div id='after_section_2'  class='main_color av_default_container_wrap container_wrap sidebar_right'  ><div class='container av-section-cont-open' ><div class='template-page content  av-content-small alpha units'><div class='post-entry post-entry-type-page post-entry-2118'><div class='entry-content-wrapper clearfix'>","protected":false},"excerpt":{"rendered":"","protected":false},"author":1,"featured_media":0,"parent":0,"menu_order":0,"comment_status":"closed","ping_status":"closed","template":"","meta":{"footnotes":""},"class_list":["post-2118","page","type-page","status-publish","hentry"],"yoast_head":"<!-- This site is optimized with the Yoast SEO Premium plugin v26.5 (Yoast SEO v26.7) - https:\/\/yoast.com\/wordpress\/plugins\/seo\/ -->\n<title>Online Message - 1edo blogs<\/title>\n<meta name=\"description\" content=\"blogs Online Messag, When the website\u2019s online customer service is not online, you can leave us a message online and we will reply to you as soon as possible after receiving the message!\" \/>\n<meta name=\"robots\" content=\"index, follow, max-snippet:-1, max-image-preview:large, max-video-preview:-1\" \/>\n<link rel=\"canonical\" href=\"https:\/\/blogs.1edo.com\/cz\/online-zprava\/\" \/>\n<meta property=\"og:locale\" content=\"cs_CZ\" \/>\n<meta property=\"og:type\" content=\"article\" \/>\n<meta property=\"og:title\" content=\"Online Message\" \/>\n<meta property=\"og:description\" content=\"blogs Online Messag, When the website\u2019s online customer service is not online, you can leave us a message online and we will reply to you as soon as possible after receiving the message!\" \/>\n<meta property=\"og:url\" content=\"https:\/\/blogs.1edo.com\/cz\/online-zprava\/\" \/>\n<meta property=\"og:site_name\" content=\"1edo blogs\" \/>\n<meta property=\"article:modified_time\" content=\"2024-05-31T00:45:46+00:00\" \/>\n<meta name=\"twitter:card\" content=\"summary_large_image\" \/>\n<meta name=\"twitter:label1\" content=\"Odhadovan\u00e1 doba \u010dten\u00ed\" \/>\n\t<meta name=\"twitter:data1\" content=\"1 minuta\" \/>\n<script type=\"application\/ld+json\" class=\"yoast-schema-graph\">{\"@context\":\"https:\/\/schema.org\",\"@graph\":[{\"@type\":\"WebPage\",\"@id\":\"https:\/\/blogs.1edo.com\/id\/pesan-daring\/\",\"url\":\"https:\/\/blogs.1edo.com\/id\/pesan-daring\/\",\"name\":\"Online Message - 1edo blogs\",\"isPartOf\":{\"@id\":\"https:\/\/blogscdn.1edo.com\/#website\"},\"datePublished\":\"2023-09-25T02:06:24+00:00\",\"dateModified\":\"2024-05-31T00:45:46+00:00\",\"description\":\"blogs Online Messag, When the website\u2019s online customer service is not online, you can leave us a message online and we will reply to you as soon as possible after receiving the message!\",\"breadcrumb\":{\"@id\":\"https:\/\/blogs.1edo.com\/id\/pesan-daring\/#breadcrumb\"},\"inLanguage\":\"cs\",\"potentialAction\":[{\"@type\":\"ReadAction\",\"target\":[\"https:\/\/blogs.1edo.com\/id\/pesan-daring\/\"]}]},{\"@type\":\"BreadcrumbList\",\"@id\":\"https:\/\/blogs.1edo.com\/id\/pesan-daring\/#breadcrumb\",\"itemListElement\":[{\"@type\":\"ListItem\",\"position\":1,\"name\":\"Home\",\"item\":\"https:\/\/blogscdn.1edo.com\/\"},{\"@type\":\"ListItem\",\"position\":2,\"name\":\"Online Message\"}]},{\"@type\":\"WebSite\",\"@id\":\"https:\/\/blogscdn.1edo.com\/#website\",\"url\":\"https:\/\/blogscdn.1edo.com\/\",\"name\":\"1edo blogs\",\"description\":\"1edo blogs\",\"potentialAction\":[{\"@type\":\"SearchAction\",\"target\":{\"@type\":\"EntryPoint\",\"urlTemplate\":\"https:\/\/blogscdn.1edo.com\/?s={search_term_string}\"},\"query-input\":{\"@type\":\"PropertyValueSpecification\",\"valueRequired\":true,\"valueName\":\"search_term_string\"}}],\"inLanguage\":\"cs\"}]}<\/script>\n<!-- \/ Yoast SEO Premium plugin. -->","yoast_head_json":{"title":"Online zpr\u00e1va - 1edo blogy","description":"blogs Online Messag, When the website\u2019s online customer service is not online, you can leave us a message online and we will reply to you as soon as possible after receiving the message!","robots":{"index":"index","follow":"follow","max-snippet":"max-snippet:-1","max-image-preview":"max-image-preview:large","max-video-preview":"max-video-preview:-1"},"canonical":"https:\/\/blogs.1edo.com\/cz\/online-zprava\/","og_locale":"cs_CZ","og_type":"article","og_title":"Online Message","og_description":"blogs Online Messag, When the website\u2019s online customer service is not online, you can leave us a message online and we will reply to you as soon as possible after receiving the message!","og_url":"https:\/\/blogs.1edo.com\/cz\/online-zprava\/","og_site_name":"1edo blogs","article_modified_time":"2024-05-31T00:45:46+00:00","twitter_card":"summary_large_image","twitter_misc":{"Odhadovan\u00e1 doba \u010dten\u00ed":"1 minuta"},"schema":{"@context":"https:\/\/schema.org","@graph":[{"@type":"WebPage","@id":"https:\/\/blogs.1edo.com\/id\/pesan-daring\/","url":"https:\/\/blogs.1edo.com\/id\/pesan-daring\/","name":"Online zpr\u00e1va - 1edo blogy","isPartOf":{"@id":"https:\/\/blogscdn.1edo.com\/#website"},"datePublished":"2023-09-25T02:06:24+00:00","dateModified":"2024-05-31T00:45:46+00:00","description":"blogs Online Messag, When the website\u2019s online customer service is not online, you can leave us a message online and we will reply to you as soon as possible after receiving the message!","breadcrumb":{"@id":"https:\/\/blogs.1edo.com\/id\/pesan-daring\/#breadcrumb"},"inLanguage":"cs","potentialAction":[{"@type":"ReadAction","target":["https:\/\/blogs.1edo.com\/id\/pesan-daring\/"]}]},{"@type":"BreadcrumbList","@id":"https:\/\/blogs.1edo.com\/id\/pesan-daring\/#breadcrumb","itemListElement":[{"@type":"ListItem","position":1,"name":"Home","item":"https:\/\/blogscdn.1edo.com\/"},{"@type":"ListItem","position":2,"name":"Online Message"}]},{"@type":"WebSite","@id":"https:\/\/blogscdn.1edo.com\/#website","url":"https:\/\/blogscdn.1edo.com\/","name":"1edo blogy","description":"1edo blogy","potentialAction":[{"@type":"SearchAction","target":{"@type":"EntryPoint","urlTemplate":"https:\/\/blogscdn.1edo.com\/?s={search_term_string}"},"query-input":{"@type":"PropertyValueSpecification","valueRequired":true,"valueName":"search_term_string"}}],"inLanguage":"cs"}]}},"_links":{"self":[{"href":"https:\/\/blogs.1edo.com\/cz\/wp-json\/wp\/v2\/pages\/2118","targetHints":{"allow":["GET"]}}],"collection":[{"href":"https:\/\/blogs.1edo.com\/cz\/wp-json\/wp\/v2\/pages"}],"about":[{"href":"https:\/\/blogs.1edo.com\/cz\/wp-json\/wp\/v2\/types\/page"}],"author":[{"embeddable":true,"href":"https:\/\/blogs.1edo.com\/cz\/wp-json\/wp\/v2\/users\/1"}],"replies":[{"embeddable":true,"href":"https:\/\/blogs.1edo.com\/cz\/wp-json\/wp\/v2\/comments?post=2118"}],"version-history":[{"count":10,"href":"https:\/\/blogs.1edo.com\/cz\/wp-json\/wp\/v2\/pages\/2118\/revisions"}],"predecessor-version":[{"id":6876,"href":"https:\/\/blogs.1edo.com\/cz\/wp-json\/wp\/v2\/pages\/2118\/revisions\/6876"}],"wp:attachment":[{"href":"https:\/\/blogs.1edo.com\/cz\/wp-json\/wp\/v2\/media?parent=2118"}],"curies":[{"name":"wp","href":"https:\/\/api.w.org\/{rel}","templated":true}]}}