

{"id":3,"date":"2023-08-01T23:58:36","date_gmt":"2023-08-01T23:58:36","guid":{"rendered":"https:\/\/blogs.1edo.com\/?page_id=3"},"modified":"2024-05-30T01:52:23","modified_gmt":"2024-05-30T01:52:23","slug":"politica-de-privacidade","status":"publish","type":"page","link":"https:\/\/blogs.1edo.com\/br\/politica-de-privacidade\/","title":{"rendered":"pol\u00edtica de Privacidade"},"content":{"rendered":"<style type=\"text\/css\" data-created_by=\"avia_inline_auto\" id=\"style-css-av-av_section-52d6baff8bfb617c867925a6fbc1b98b\">\n.avia-section.av-av_section-52d6baff8bfb617c867925a6fbc1b98b{\nbackground-color:#fafafa;\nbackground-image:unset;\nmargin-top:0px;\nmargin-bottom:0px;\n}\n<\/style>\n<div id='av_section_1'  class='avia-section av-av_section-52d6baff8bfb617c867925a6fbc1b98b main_color avia-section-small avia-no-border-styling  avia-builder-el-0  el_before_av_section  avia-builder-el-first  avia-bg-style-scroll container_wrap sidebar_right'  ><div class='container av-section-cont-open' ><main  role=\"main\" itemprop=\"mainContentOfPage\"  class='template-page content  av-content-small alpha units'><div class='post-entry post-entry-type-page post-entry-3'><div class='entry-content-wrapper clearfix'>\n\n<style type=\"text\/css\" data-created_by=\"avia_inline_auto\" id=\"style-css-av-av_one_full-5c2940aec08386bc66704c18cd7c0942\">\n#top .flex_column.av-av_one_full-5c2940aec08386bc66704c18cd7c0942{\nmargin-top:0px;\nmargin-bottom:0px;\n}\n.flex_column.av-av_one_full-5c2940aec08386bc66704c18cd7c0942{\npadding:0% 0% 0% 0%;\n}\n.responsive #top #wrap_all .flex_column.av-av_one_full-5c2940aec08386bc66704c18cd7c0942{\nmargin-top:0px;\nmargin-bottom:0px;\n}\n<\/style>\n<div class='flex_column av-av_one_full-5c2940aec08386bc66704c18cd7c0942 av_one_full  avia-builder-el-1  avia-builder-el-no-sibling  first flex_column_div av-animated-generic left-to-right av-zero-column-padding'     ><style type=\"text\/css\" data-created_by=\"avia_inline_auto\" id=\"style-css-av-av_heading-7f303b903b2a7fa0eff1b81b8e8e9f4a\">\n#top .av-special-heading.av-av_heading-7f303b903b2a7fa0eff1b81b8e8e9f4a{\nmargin:0% 0% 0% 0%;\npadding-bottom:0;\ncolor:#5d5f5f;\nfont-size:24px;\n}\nbody .av-special-heading.av-av_heading-7f303b903b2a7fa0eff1b81b8e8e9f4a .av-special-heading-tag .heading-char{\nfont-size:25px;\n}\n#top #wrap_all .av-special-heading.av-av_heading-7f303b903b2a7fa0eff1b81b8e8e9f4a .av-special-heading-tag{\nfont-size:24px;\npadding:0% 0% 0% 0%;\n}\n.av-special-heading.av-av_heading-7f303b903b2a7fa0eff1b81b8e8e9f4a .special-heading-inner-border{\nborder-color:#5d5f5f;\n}\n.av-special-heading.av-av_heading-7f303b903b2a7fa0eff1b81b8e8e9f4a .av-subheading{\nfont-size:15px;\n}\n\n@media only screen and (max-width: 479px){ \n#top #wrap_all .av-special-heading.av-av_heading-7f303b903b2a7fa0eff1b81b8e8e9f4a .av-special-heading-tag{\nfont-size:20px;\n}\n}\n\n@media only screen and (min-width: 480px) and (max-width: 767px){ \n#top #wrap_all .av-special-heading.av-av_heading-7f303b903b2a7fa0eff1b81b8e8e9f4a .av-special-heading-tag{\nfont-size:0.8em;\n}\n}\n<\/style>\n<div  class='av-special-heading av-av_heading-7f303b903b2a7fa0eff1b81b8e8e9f4a av-special-heading-h1 custom-color-heading blockquote modern-quote  avia-builder-el-2  avia-builder-el-no-sibling  av-inherit-size'><h1 class='av-special-heading-tag'  itemprop=\"headline\"  >POL\u00cdTICA DE PRIVACIDADE<\/h1><div class=\"special-heading-border\"><div class=\"special-heading-inner-border\"><\/div><\/div><\/div><\/div>\n\n<\/div><\/div><\/main><!-- close content main element --><\/div><\/div>\n<style type=\"text\/css\" data-created_by=\"avia_inline_auto\" id=\"style-css-av-av_section-e80c29b93aac01dba0f3b6b54b77d0cf\">\n.avia-section.av-av_section-e80c29b93aac01dba0f3b6b54b77d0cf{\nmargin-top:2%;\nmargin-bottom:2%;\n}\n<\/style>\n<div id='av_section_2'  class='avia-section av-av_section-e80c29b93aac01dba0f3b6b54b77d0cf main_color avia-section-default avia-no-border-styling  avia-builder-el-3  el_after_av_section  avia-builder-el-last  avia-bg-style-scroll container_wrap sidebar_right'  ><div class='container av-section-cont-open' ><div class='template-page content  av-content-small alpha units'><div class='post-entry post-entry-type-page post-entry-3'><div class='entry-content-wrapper clearfix'>\n\n<style type=\"text\/css\" data-created_by=\"avia_inline_auto\" id=\"style-css-av-av_one_full-1ba6b84490bca59551541b57ca4133f4\">\n#top .flex_column.av-av_one_full-1ba6b84490bca59551541b57ca4133f4{\nmargin-top:0%;\nmargin-bottom:0%;\n}\n.flex_column.av-av_one_full-1ba6b84490bca59551541b57ca4133f4{\npadding:0% 0% 0% 0%;\n}\n.responsive #top #wrap_all .flex_column.av-av_one_full-1ba6b84490bca59551541b57ca4133f4{\nmargin-top:0%;\nmargin-bottom:0%;\n}\n<\/style>\n<div class='flex_column av-av_one_full-1ba6b84490bca59551541b57ca4133f4 av_one_full  avia-builder-el-4  avia-builder-el-no-sibling  first flex_column_div av-animated-generic fade-in av-zero-column-padding'     ><p>\n<style type=\"text\/css\" data-created_by=\"avia_inline_auto\" id=\"style-css-av-av_heading-24fbc5292636c2a41432412266ef7bf8\">\n#top .av-special-heading.av-av_heading-24fbc5292636c2a41432412266ef7bf8{\nmargin:0% 0% 0% 0%;\npadding-bottom:0;\nfont-size:48px;\n}\nbody .av-special-heading.av-av_heading-24fbc5292636c2a41432412266ef7bf8 .av-special-heading-tag .heading-char{\nfont-size:25px;\n}\n#top #wrap_all .av-special-heading.av-av_heading-24fbc5292636c2a41432412266ef7bf8 .av-special-heading-tag{\nfont-size:48px;\npadding:0% 0% 1% 0%;\n}\n.av-special-heading.av-av_heading-24fbc5292636c2a41432412266ef7bf8 .av-subheading{\nfont-size:15px;\n}\n\n@media only screen and (max-width: 479px){ \n#top #wrap_all .av-special-heading.av-av_heading-24fbc5292636c2a41432412266ef7bf8 .av-special-heading-tag{\nfont-size:28px;\n}\n}\n\n@media only screen and (min-width: 480px) and (max-width: 767px){ \n#top #wrap_all .av-special-heading.av-av_heading-24fbc5292636c2a41432412266ef7bf8 .av-special-heading-tag{\nfont-size:0.8em;\n}\n}\n<\/style>\n<div  class='av-special-heading av-av_heading-24fbc5292636c2a41432412266ef7bf8 av-special-heading-h1 blockquote modern-quote  avia-builder-el-5  el_before_av_textblock  avia-builder-el-first  av-inherit-size'><h1 class='av-special-heading-tag'  itemprop=\"headline\"  >DECLARA\u00c7\u00c3O DE PRIVACIDADE DO SITE 1edo<\/h1><div class=\"special-heading-border\"><div class=\"special-heading-inner-border\"><\/div><\/div><\/div><br \/>\n\n<style type=\"text\/css\" data-created_by=\"avia_inline_auto\" id=\"style-css-av-av_textblock-c45a5ea5b29b5b872b961519468d19fe\">\n#top .av_textblock_section.av-av_textblock-c45a5ea5b29b5b872b961519468d19fe .avia_textblock{\nfont-size:16px;\ntext-align:left;\n}\n\n@media only screen and (max-width: 479px){ \n#top .av_textblock_section.av-av_textblock-c45a5ea5b29b5b872b961519468d19fe .avia_textblock{\nfont-size:16px;\n}\n}\n<\/style>\n<section  class='av_textblock_section av-av_textblock-c45a5ea5b29b5b872b961519468d19fe'  itemscope=\"itemscope\" itemtype=\"https:\/\/schema.org\/CreativeWork\" ><div class='avia_textblock nocti_polly_vbnmdfgv'  itemprop=\"text\" ><p>\u00daltima atualiza\u00e7\u00e3o: julho de 2023<br \/>\nEste aviso de privacidade explica como a 1edo coleta e usa dados pessoais de visitantes de seus sites web e m\u00f3veis vinculados diretamente a este aviso (coletivamente \u201cSites\u201d). Os seus dados pessoais s\u00e3o controlados por<br \/>\n1edo Europe SA (coletivamente \u201c1edo\u201d, \u201cN\u00f3s\u201d e \u201cN\u00f3s\u201d).<\/p>\n<h1>DADOS ENVIADOS ATIVAMENTE<\/h1>\n<p>Se voc\u00ea nos ligar, enviar um e-mail ou preencher um formul\u00e1rio em um de nossos Sites, usaremos as informa\u00e7\u00f5es fornecidas para responder \u00e0 sua solicita\u00e7\u00e3o ou para nos comunicarmos com voc\u00ea ou ajud\u00e1-lo. Se voc\u00ea fizer compras atrav\u00e9s de nossos Sites, poderemos coletar dados necess\u00e1rios para processar seu pedido, como seu endere\u00e7o de entrega, produtos encomendados e suas informa\u00e7\u00f5es de contato.<\/p>\n<h1>DADOS FORNECIDOS PASSIVAMENTE<\/h1>\n<p>Quando voc\u00ea acessa nossos Sites, dependendo de suas escolhas de aceita\u00e7\u00e3o, certas informa\u00e7\u00f5es sobre seu computador ou dispositivo m\u00f3vel s\u00e3o compartilhadas conosco, o que pode incluir as atividades que voc\u00ea realiza em nossos Sites, o tipo de hardware e software que voc\u00ea est\u00e1 usando (como como seu sistema operacional ou navegador), informa\u00e7\u00f5es armazenadas em cookies, endere\u00e7o IP, tempos de acesso, as p\u00e1ginas da web de onde voc\u00ea veio, as regi\u00f5es de onde voc\u00ea navega na p\u00e1gina da web e as p\u00e1ginas da web que voc\u00ea acessa. Usamos essas informa\u00e7\u00f5es para entender melhor os interesses dos usu\u00e1rios de nossos Sites, para melhorar nossos Sites, servi\u00e7os e produtos.<\/p>\n<p>Atualmente, n\u00e3o respondemos aos sinais \u201cDo Not Track\u201d nos navegadores, pois estamos tentando fornecer uma experi\u00eancia personalizada no site.<\/p>\n<h1>BISCOITOS<\/h1>\n<p>1edo utiliza cookies que s\u00e3o essencialmente pequenos arquivos de dados colocados no seu computador, tablet, celular ou outros dispositivos. Clique aqui para saber mais sobre cookies.<\/p>\n<h1>USO E COMPARTILHAMENTO DE DADOS<\/h1>\n<p>Usamos os dados que coletamos para fornecer experi\u00eancias ricas e interativas. Em particular, podemos utilizar dados para:<\/p>\n<ul>\n<li>prestar o servi\u00e7o ou realizar as transa\u00e7\u00f5es a seu pedido;<\/li>\n<li>melhorar e desenvolver nossos produtos;<\/li>\n<li>personalize sua experi\u00eancia;<\/li>\n<li>processar solicita\u00e7\u00f5es de emprego enviadas por meio de nossos Sites;<\/li>\n<li>anunciar e comercializar para voc\u00ea sujeito aos requisitos legais aplic\u00e1veis, que podem incluir o envio de comunica\u00e7\u00f5es promocionais, segmenta\u00e7\u00e3o<\/li>\n<li>publicidade e apresenta\u00e7\u00e3o de ofertas relevantes.<\/li>\n<\/ul>\n<h1>CRIAN\u00c7AS<\/h1>\n<p>N\u00e3o coletamos nem mantemos intencionalmente informa\u00e7\u00f5es sobre pessoas com menos de 13 anos de idade. Se soubermos que foram coletadas informa\u00e7\u00f5es sobre pessoas menores de 13 anos de idade nos Sites ou por meio deles, tomaremos as medidas apropriadas para excluir essas informa\u00e7\u00f5es. Se voc\u00ea \u00e9 pai ou respons\u00e1vel legal de uma crian\u00e7a menor de 13 anos de idade que se registrou em uma conta ou servi\u00e7o em nossos Sites, entre em contato conosco usando as informa\u00e7\u00f5es de contato abaixo para encerrar a conta ou servi\u00e7o dessa crian\u00e7a e excluir informa\u00e7\u00f5es pessoais.<\/p>\n<h1>RETEN\u00c7\u00c3O DE DADOS<\/h1>\n<p>Retemos dados pessoais pelo tempo necess\u00e1rio para fornecer funcionalidade e cumprir as transa\u00e7\u00f5es que voc\u00ea solicitou, ou para outros fins leg\u00edtimos, como cumprir nossas obriga\u00e7\u00f5es legais, resolver disputas e fazer cumprir nossos acordos. Como essas necessidades podem variar de acordo com diferentes tipos de dados, o contexto de nossas intera\u00e7\u00f5es com voc\u00ea ou seu uso de nossos Sites, os per\u00edodos reais de reten\u00e7\u00e3o podem variar significativamente.<\/p>\n<h1>SEGURAN\u00c7A DE DADOS<\/h1>\n<p>Usamos certificados TLS, criptografia, limita\u00e7\u00f5es de acesso a dados, software antiv\u00edrus e firewalls para reduzir o risco de acesso n\u00e3o autorizado a dados pessoais. Nenhuma transmiss\u00e3o de dados pela Internet ou qualquer rede sem fio \u00e9 totalmente segura. Esteja atento aos riscos de seguran\u00e7a ao nos transmitir dados pessoais e ao publicar informa\u00e7\u00f5es em nossos f\u00f3runs p\u00fablicos.<br \/>\nSe desejar relatar algum problema de seguran\u00e7a em algum de nossos produtos, preencha o formul\u00e1rio e os anexos necess\u00e1rios e envie para 1edo Security.<\/p>\n<h1>CONTROLANDO E ACESSANDO SUAS INFORMA\u00c7\u00d5ES<\/h1>\n<p>Voc\u00ea pode solicitar que atualizemos ou excluamos\/desativemos determinadas informa\u00e7\u00f5es que lhe dizem respeito.<\/p>\n<p>Se n\u00e3o conseguirmos remover algumas informa\u00e7\u00f5es pessoais, informaremos o motivo. Se voc\u00ea assinou e-mails de marketing, poder\u00e1 interromper a entrega seguindo as instru\u00e7\u00f5es de cancelamento de assinatura contidas no e-mail recebido ou na p\u00e1gina de gerenciamento de assinaturas em nosso Site: https:\/\/blogs.1edo.com\/subscribe.<\/p>\n<p>Voc\u00ea tamb\u00e9m tem o direito de solicitar como seus dados s\u00e3o processados e com quem os compartilhamos.<\/p>\n<p>Al\u00e9m disso, se voc\u00ea acredita que certas informa\u00e7\u00f5es que a 1edo processa sobre voc\u00ea s\u00e3o imprecisas, voc\u00ea tem o direito de corrigir essas informa\u00e7\u00f5es.<\/p>\n<p>Faremos o poss\u00edvel para responder \u00e0 sua solicita\u00e7\u00e3o de revis\u00e3o das informa\u00e7\u00f5es que temos em arquivo no prazo de 30 dias ap\u00f3s o recebimento dessa solicita\u00e7\u00e3o.<\/p>\n<p>Se voc\u00ea tiver d\u00favidas, coment\u00e1rios ou quiser fazer uma solicita\u00e7\u00e3o em rela\u00e7\u00e3o aos seus dados ou \u00e0 nossa Declara\u00e7\u00e3o, declara\u00e7\u00f5es anteriores e pr\u00e1ticas de dados, entre em contato conosco em support.1edo.com\/response-center ou atrav\u00e9s dos seguintes m\u00e9todos:<\/p>\n<p>Telefone:+86-755-61811368<br \/>\nContato:support.1edo.com\/response-center<br \/>\nCorreio postal: 5F, Edif\u00edcio B20, Parque Industrial Hengfeng, Xixiangtown, distrito de Bao&#039;an, Shenzhen, China<\/p>\n<p>Se n\u00e3o estiver satisfeito com a nossa resposta, voc\u00ea pode encaminhar sua reclama\u00e7\u00e3o ou disputa sobre privacidade \u00e0 autoridade estadual ou nacional de prote\u00e7\u00e3o de dados relevante em sua jurisdi\u00e7\u00e3o.<\/p>\n<h1>ALTERA\u00c7\u00c3O A ESTA DECLARA\u00c7\u00c3O<\/h1>\n<p>Ocasionalmente atualizaremos esta Declara\u00e7\u00e3o. Se houver altera\u00e7\u00f5es materiais nesta Declara\u00e7\u00e3o ou na forma como usaremos suas informa\u00e7\u00f5es pessoais, publicaremos as altera\u00e7\u00f5es em destaque antes de faz\u00ea-las.<\/p>\n<p>N\u00e3o faremos quaisquer altera\u00e7\u00f5es que protejam menos as suas informa\u00e7\u00f5es pessoais coletadas no passado sem o seu consentimento.<\/p>\n<p>Encorajamos voc\u00ea a revisar periodicamente esta Declara\u00e7\u00e3o para estar informado sobre como estamos protegendo suas informa\u00e7\u00f5es.<\/p>\n<p>Obrigado pelo seu interesse na 1edo e em nossos produtos e servi\u00e7os.<\/p>\n<\/div><\/section><\/p><\/div>\n<\/div><\/div><\/div><!-- close content main div --><\/div><\/div><div id='after_section_2'  class='main_color av_default_container_wrap container_wrap sidebar_right'  ><div class='container av-section-cont-open' ><div class='template-page content  av-content-small alpha units'><div class='post-entry post-entry-type-page post-entry-3'><div class='entry-content-wrapper clearfix'>","protected":false},"excerpt":{"rendered":"","protected":false},"author":1,"featured_media":0,"parent":0,"menu_order":0,"comment_status":"closed","ping_status":"open","template":"","meta":{"footnotes":""},"class_list":["post-3","page","type-page","status-publish","hentry"],"yoast_head":"<!-- This site is optimized with the Yoast SEO Premium plugin v26.5 (Yoast SEO v26.7) - https:\/\/yoast.com\/wordpress\/plugins\/seo\/ -->\n<title>Privacy Policy - 1edo blogs<\/title>\n<meta name=\"description\" content=\"1edo blogs Privacy Policy, At 1edo, we prioritize your privacy. Learn more about our product privacy policy and how we protect Your personal information. Please visit us now to read our policy.\" \/>\n<meta name=\"robots\" content=\"index, follow, max-snippet:-1, max-image-preview:large, max-video-preview:-1\" \/>\n<link rel=\"canonical\" href=\"https:\/\/blogscdn.1edo.com\/in\/\u0a2a\u0a30\u0a3e\u0a08\u0a35\u0a47\u0a1f-\u0a28\u0a40\u0a24\u0a40\/\" \/>\n<meta property=\"og:locale\" content=\"pt_BR\" \/>\n<meta property=\"og:type\" content=\"article\" \/>\n<meta property=\"og:title\" content=\"Privacy Policy\" \/>\n<meta property=\"og:description\" content=\"1edo blogs Privacy Policy, At 1edo, we prioritize your privacy. Learn more about our product privacy policy and how we protect Your personal information. Please visit us now to read our policy.\" \/>\n<meta property=\"og:url\" content=\"https:\/\/blogscdn.1edo.com\/in\/\u0a2a\u0a30\u0a3e\u0a08\u0a35\u0a47\u0a1f-\u0a28\u0a40\u0a24\u0a40\/\" \/>\n<meta property=\"og:site_name\" content=\"1edo blogs\" \/>\n<meta property=\"article:modified_time\" content=\"2024-05-30T01:52:23+00:00\" \/>\n<meta name=\"twitter:card\" content=\"summary_large_image\" \/>\n<meta name=\"twitter:label1\" content=\"Est. tempo de leitura\" \/>\n\t<meta name=\"twitter:data1\" content=\"8 minutos\" \/>\n<script type=\"application\/ld+json\" class=\"yoast-schema-graph\">{\"@context\":\"https:\/\/schema.org\",\"@graph\":[{\"@type\":\"WebPage\",\"@id\":\"https:\/\/blogscdn.1edo.com\/in\/%e0%a8%aa%e0%a8%b0%e0%a8%be%e0%a8%88%e0%a8%b5%e0%a9%87%e0%a8%9f-%e0%a8%a8%e0%a9%80%e0%a8%a4%e0%a9%80\/\",\"url\":\"https:\/\/blogscdn.1edo.com\/in\/%e0%a8%aa%e0%a8%b0%e0%a8%be%e0%a8%88%e0%a8%b5%e0%a9%87%e0%a8%9f-%e0%a8%a8%e0%a9%80%e0%a8%a4%e0%a9%80\/\",\"name\":\"Privacy Policy - 1edo blogs\",\"isPartOf\":{\"@id\":\"https:\/\/blogscdn.1edo.com\/#website\"},\"datePublished\":\"2023-08-01T23:58:36+00:00\",\"dateModified\":\"2024-05-30T01:52:23+00:00\",\"description\":\"1edo blogs Privacy Policy, At 1edo, we prioritize your privacy. Learn more about our product privacy policy and how we protect Your personal information. Please visit us now to read our policy.\",\"breadcrumb\":{\"@id\":\"https:\/\/blogscdn.1edo.com\/in\/%e0%a8%aa%e0%a8%b0%e0%a8%be%e0%a8%88%e0%a8%b5%e0%a9%87%e0%a8%9f-%e0%a8%a8%e0%a9%80%e0%a8%a4%e0%a9%80\/#breadcrumb\"},\"inLanguage\":\"pt-BR\",\"potentialAction\":[{\"@type\":\"ReadAction\",\"target\":[\"https:\/\/blogscdn.1edo.com\/in\/%e0%a8%aa%e0%a8%b0%e0%a8%be%e0%a8%88%e0%a8%b5%e0%a9%87%e0%a8%9f-%e0%a8%a8%e0%a9%80%e0%a8%a4%e0%a9%80\/\"]}]},{\"@type\":\"BreadcrumbList\",\"@id\":\"https:\/\/blogscdn.1edo.com\/in\/%e0%a8%aa%e0%a8%b0%e0%a8%be%e0%a8%88%e0%a8%b5%e0%a9%87%e0%a8%9f-%e0%a8%a8%e0%a9%80%e0%a8%a4%e0%a9%80\/#breadcrumb\",\"itemListElement\":[{\"@type\":\"ListItem\",\"position\":1,\"name\":\"Home\",\"item\":\"https:\/\/blogscdn.1edo.com\/\"},{\"@type\":\"ListItem\",\"position\":2,\"name\":\"Privacy Policy\"}]},{\"@type\":\"WebSite\",\"@id\":\"https:\/\/blogscdn.1edo.com\/#website\",\"url\":\"https:\/\/blogscdn.1edo.com\/\",\"name\":\"1edo blogs\",\"description\":\"1edo blogs\",\"potentialAction\":[{\"@type\":\"SearchAction\",\"target\":{\"@type\":\"EntryPoint\",\"urlTemplate\":\"https:\/\/blogscdn.1edo.com\/?s={search_term_string}\"},\"query-input\":{\"@type\":\"PropertyValueSpecification\",\"valueRequired\":true,\"valueName\":\"search_term_string\"}}],\"inLanguage\":\"pt-BR\"}]}<\/script>\n<!-- \/ Yoast SEO Premium plugin. -->","yoast_head_json":{"title":"Pol\u00edtica de Privacidade - 1edo blogs","description":"1edo blogs Privacy Policy, At 1edo, we prioritize your privacy. Learn more about our product privacy policy and how we protect Your personal information. Please visit us now to read our policy.","robots":{"index":"index","follow":"follow","max-snippet":"max-snippet:-1","max-image-preview":"max-image-preview:large","max-video-preview":"max-video-preview:-1"},"canonical":"https:\/\/blogscdn.1edo.com\/in\/\u0a2a\u0a30\u0a3e\u0a08\u0a35\u0a47\u0a1f-\u0a28\u0a40\u0a24\u0a40\/","og_locale":"pt_BR","og_type":"article","og_title":"Privacy Policy","og_description":"1edo blogs Privacy Policy, At 1edo, we prioritize your privacy. Learn more about our product privacy policy and how we protect Your personal information. Please visit us now to read our policy.","og_url":"https:\/\/blogscdn.1edo.com\/in\/\u0a2a\u0a30\u0a3e\u0a08\u0a35\u0a47\u0a1f-\u0a28\u0a40\u0a24\u0a40\/","og_site_name":"1edo blogs","article_modified_time":"2024-05-30T01:52:23+00:00","twitter_card":"summary_large_image","twitter_misc":{"Est. tempo de leitura":"8 minutos"},"schema":{"@context":"https:\/\/schema.org","@graph":[{"@type":"WebPage","@id":"https:\/\/blogscdn.1edo.com\/in\/%e0%a8%aa%e0%a8%b0%e0%a8%be%e0%a8%88%e0%a8%b5%e0%a9%87%e0%a8%9f-%e0%a8%a8%e0%a9%80%e0%a8%a4%e0%a9%80\/","url":"https:\/\/blogscdn.1edo.com\/in\/%e0%a8%aa%e0%a8%b0%e0%a8%be%e0%a8%88%e0%a8%b5%e0%a9%87%e0%a8%9f-%e0%a8%a8%e0%a9%80%e0%a8%a4%e0%a9%80\/","name":"Pol\u00edtica de Privacidade - 1edo blogs","isPartOf":{"@id":"https:\/\/blogscdn.1edo.com\/#website"},"datePublished":"2023-08-01T23:58:36+00:00","dateModified":"2024-05-30T01:52:23+00:00","description":"1edo blogs Privacy Policy, At 1edo, we prioritize your privacy. Learn more about our product privacy policy and how we protect Your personal information. Please visit us now to read our policy.","breadcrumb":{"@id":"https:\/\/blogscdn.1edo.com\/in\/%e0%a8%aa%e0%a8%b0%e0%a8%be%e0%a8%88%e0%a8%b5%e0%a9%87%e0%a8%9f-%e0%a8%a8%e0%a9%80%e0%a8%a4%e0%a9%80\/#breadcrumb"},"inLanguage":"pt-BR","potentialAction":[{"@type":"ReadAction","target":["https:\/\/blogscdn.1edo.com\/in\/%e0%a8%aa%e0%a8%b0%e0%a8%be%e0%a8%88%e0%a8%b5%e0%a9%87%e0%a8%9f-%e0%a8%a8%e0%a9%80%e0%a8%a4%e0%a9%80\/"]}]},{"@type":"BreadcrumbList","@id":"https:\/\/blogscdn.1edo.com\/in\/%e0%a8%aa%e0%a8%b0%e0%a8%be%e0%a8%88%e0%a8%b5%e0%a9%87%e0%a8%9f-%e0%a8%a8%e0%a9%80%e0%a8%a4%e0%a9%80\/#breadcrumb","itemListElement":[{"@type":"ListItem","position":1,"name":"Home","item":"https:\/\/blogscdn.1edo.com\/"},{"@type":"ListItem","position":2,"name":"Privacy Policy"}]},{"@type":"WebSite","@id":"https:\/\/blogscdn.1edo.com\/#website","url":"https:\/\/blogscdn.1edo.com\/","name":"1edo blogs","description":"1edo blogs","potentialAction":[{"@type":"SearchAction","target":{"@type":"EntryPoint","urlTemplate":"https:\/\/blogscdn.1edo.com\/?s={search_term_string}"},"query-input":{"@type":"PropertyValueSpecification","valueRequired":true,"valueName":"search_term_string"}}],"inLanguage":"pt-BR"}]}},"_links":{"self":[{"href":"https:\/\/blogs.1edo.com\/br\/wp-json\/wp\/v2\/pages\/3","targetHints":{"allow":["GET"]}}],"collection":[{"href":"https:\/\/blogs.1edo.com\/br\/wp-json\/wp\/v2\/pages"}],"about":[{"href":"https:\/\/blogs.1edo.com\/br\/wp-json\/wp\/v2\/types\/page"}],"author":[{"embeddable":true,"href":"https:\/\/blogs.1edo.com\/br\/wp-json\/wp\/v2\/users\/1"}],"replies":[{"embeddable":true,"href":"https:\/\/blogs.1edo.com\/br\/wp-json\/wp\/v2\/comments?post=3"}],"version-history":[{"count":3,"href":"https:\/\/blogs.1edo.com\/br\/wp-json\/wp\/v2\/pages\/3\/revisions"}],"predecessor-version":[{"id":6835,"href":"https:\/\/blogs.1edo.com\/br\/wp-json\/wp\/v2\/pages\/3\/revisions\/6835"}],"wp:attachment":[{"href":"https:\/\/blogs.1edo.com\/br\/wp-json\/wp\/v2\/media?parent=3"}],"curies":[{"name":"wp","href":"https:\/\/api.w.org\/{rel}","templated":true}]}}