

{"id":6346,"date":"2024-01-25T00:50:14","date_gmt":"2024-01-25T00:50:14","guid":{"rendered":"https:\/\/blogs.1edo.com\/?page_id=6346"},"modified":"2024-06-04T07:16:42","modified_gmt":"2024-06-04T07:16:42","slug":"plus-de-balise","status":"publish","type":"page","link":"https:\/\/blogs.1edo.com\/be-fr\/plus-de-balise\/","title":{"rendered":"Plus de balise"},"content":{"rendered":"<div data-elementor-type=\"wp-page\" data-elementor-id=\"6346\" class=\"elementor elementor-6346\" data-elementor-post-type=\"page\">\n\t\t\t\t<div class=\"elementor-element elementor-element-d554ca4 e-flex e-con-boxed e-con e-parent\" data-id=\"d554ca4\" data-element_type=\"container\" data-settings=\"{&quot;background_background&quot;:&quot;classic&quot;}\">\n\t\t\t\t\t<div class=\"e-con-inner\">\n\t\t\t\t<div class=\"elementor-element elementor-element-180e612 elementor-widget elementor-widget-heading\" data-id=\"180e612\" data-element_type=\"widget\" data-widget_type=\"heading.default\">\n\t\t\t\t<div class=\"elementor-widget-container\">\n\t\t\t\t\t<h6 class=\"elementor-heading-title elementor-size-default\">Accueil \/ Communaut\u00e9 \/ Blog<\/h6>\t\t\t\t<\/div>\n\t\t\t\t<\/div>\n\t\t\t\t<div class=\"elementor-element elementor-element-ed2b224 elementor-widget elementor-widget-text-editor\" data-id=\"ed2b224\" data-element_type=\"widget\" data-widget_type=\"text-editor.default\">\n\t\t\t\t<div class=\"elementor-widget-container\">\n\t\t\t\t\t\t\t\t\t<h1 style=\"color: #fff;\">TOUS les articles du blog<\/h1>\t\t\t\t\t\t\t\t<\/div>\n\t\t\t\t<\/div>\n\t\t\t\t<div class=\"elementor-element elementor-element-8ce664f elementor-widget elementor-widget-shortcode\" data-id=\"8ce664f\" data-element_type=\"widget\" data-widget_type=\"shortcode.default\">\n\t\t\t\t<div class=\"elementor-widget-container\">\n\t\t\t\t\t\t\t<div class=\"elementor-shortcode\"><div class=\"blog_sel_wap\"> <input class=\"bkey\" type=\"text\" \/>\r\n<span id=\"sel_bkey\"> <img decoding=\"async\" src=\"\/wp-content\/uploads\/product_info_imgs\/blog_sel.png\" alt=\"blog_sel\" \/> <\/span>\r\n<\/div>\r\n\r\n  <script src=\"\/wp-content\/uploads\/product_info_imgs\/jquery-3.2.1.min.js\"><\/script>\r\n  <script type=\"text\/javascript\">\r\n             $(document).ready(function() {\r\n              \/\/\u4e0b\u62c9\u7b5b\u9009-\u8ba2\u5355\u9875\r\n               $('#sel_bkey img').click(function() {\r\n                        var url = \"\/?bkey=\"+$(\".bkey\").val();\r\n                        if (url != '') {\r\n                            window.location.href = url;\r\n                        }\r\n                    });\r\n                });\r\n<\/script><\/div>\n\t\t\t\t\t\t<\/div>\n\t\t\t\t<\/div>\n\t\t\t\t<div class=\"elementor-element elementor-element-968515e elementor-widget elementor-widget-text-editor\" data-id=\"968515e\" data-element_type=\"widget\" data-widget_type=\"text-editor.default\">\n\t\t\t\t<div class=\"elementor-widget-container\">\n\t\t\t\t\t\t\t\t\t<p>\u00c9crire un article de blog<\/p>\t\t\t\t\t\t\t\t<\/div>\n\t\t\t\t<\/div>\n\t\t\t\t\t<\/div>\n\t\t\t\t<\/div>\n\t\t<div class=\"elementor-element elementor-element-1eaa6fc e-flex e-con-boxed e-con e-parent\" data-id=\"1eaa6fc\" data-element_type=\"container\">\n\t\t\t\t\t<div class=\"e-con-inner\">\n\t\t\t\t<div class=\"elementor-element elementor-element-38dc77c elementor-widget elementor-widget-shortcode\" data-id=\"38dc77c\" data-element_type=\"widget\" data-widget_type=\"shortcode.default\">\n\t\t\t\t<div class=\"elementor-widget-container\">\n\t\t\t\t\t\t\t<div class=\"elementor-shortcode\"><div class=\"all_tag\">\r\n      <div class=\"item\">\r\n       <h2> UN <\/h2>\r\n       <ul>\r\n              <li> <a href =\"\/be-fr\/blog\/?tag=AC Power\"> Alimentation CA <\/a> <\/li>\r\n             <\/ul>\r\n    <\/div>\r\n        <div class=\"item\">\r\n       <h2> B <\/h2>\r\n       <ul>\r\n             <\/ul>\r\n    <\/div>\r\n        <div class=\"item\">\r\n       <h2> C <\/h2>\r\n       <ul>\r\n              <li> <a href =\"\/be-fr\/blog\/?tag=Chargers\"> Chargeurs <\/a> <\/li>\r\n              <li> <a href =\"\/be-fr\/blog\/?tag=Cable\"> C\u00e2ble <\/a> <\/li>\r\n             <\/ul>\r\n    <\/div>\r\n        <div class=\"item\">\r\n       <h2> D <\/h2>\r\n       <ul>\r\n             <\/ul>\r\n    <\/div>\r\n        <div class=\"item\">\r\n       <h2> E <\/h2>\r\n       <ul>\r\n             <\/ul>\r\n    <\/div>\r\n        <div class=\"item\">\r\n       <h2> F <\/h2>\r\n       <ul>\r\n             <\/ul>\r\n    <\/div>\r\n        <div class=\"item\">\r\n       <h2> g <\/h2>\r\n       <ul>\r\n             <\/ul>\r\n    <\/div>\r\n        <div class=\"item\">\r\n       <h2> H <\/h2>\r\n       <ul>\r\n              <li> <a href =\"\/be-fr\/blog\/?tag=Headsets &amp; Speakers\"> Casques et haut-parleurs <\/a> <\/li>\r\n             <\/ul>\r\n    <\/div>\r\n        <div class=\"item\">\r\n       <h2> je <\/h2>\r\n       <ul>\r\n             <\/ul>\r\n    <\/div>\r\n        <div class=\"item\">\r\n       <h2> J. <\/h2>\r\n       <ul>\r\n             <\/ul>\r\n    <\/div>\r\n        <div class=\"item\">\r\n       <h2> K <\/h2>\r\n       <ul>\r\n             <\/ul>\r\n    <\/div>\r\n        <div class=\"item\">\r\n       <h2> L <\/h2>\r\n       <ul>\r\n             <\/ul>\r\n    <\/div>\r\n        <div class=\"item\">\r\n       <h2> M. <\/h2>\r\n       <ul>\r\n              <li> <a href =\"\/be-fr\/blog\/?tag=Mouse &amp; Teclados\"> Souris et Teclados <\/a> <\/li>\r\n             <\/ul>\r\n    <\/div>\r\n        <div class=\"item\">\r\n       <h2> N <\/h2>\r\n       <ul>\r\n             <\/ul>\r\n    <\/div>\r\n        <div class=\"item\">\r\n       <h2> \u00d4 <\/h2>\r\n       <ul>\r\n             <\/ul>\r\n    <\/div>\r\n        <div class=\"item\">\r\n       <h2> P. <\/h2>\r\n       <ul>\r\n              <li> <a href =\"\/be-fr\/blog\/?tag=Phone Screen Protectors\"> Protecteurs d&#039;\u00e9cran de t\u00e9l\u00e9phone <\/a> <\/li>\r\n              <li> <a href =\"\/be-fr\/blog\/?tag=Power Banks\"> Banques d&#039;alimentation <\/a> <\/li>\r\n              <li> <a href =\"\/be-fr\/blog\/?tag=Powerterw\"> Puissance <\/a> <\/li>\r\n             <\/ul>\r\n    <\/div>\r\n        <div class=\"item\">\r\n       <h2> Q <\/h2>\r\n       <ul>\r\n             <\/ul>\r\n    <\/div>\r\n        <div class=\"item\">\r\n       <h2> R. <\/h2>\r\n       <ul>\r\n             <\/ul>\r\n    <\/div>\r\n        <div class=\"item\">\r\n       <h2> S <\/h2>\r\n       <ul>\r\n             <\/ul>\r\n    <\/div>\r\n        <div class=\"item\">\r\n       <h2> T <\/h2>\r\n       <ul>\r\n             <\/ul>\r\n    <\/div>\r\n        <div class=\"item\">\r\n       <h2> U <\/h2>\r\n       <ul>\r\n             <\/ul>\r\n    <\/div>\r\n        <div class=\"item\">\r\n       <h2> V <\/h2>\r\n       <ul>\r\n             <\/ul>\r\n    <\/div>\r\n        <div class=\"item\">\r\n       <h2> W <\/h2>\r\n       <ul>\r\n             <\/ul>\r\n    <\/div>\r\n        <div class=\"item\">\r\n       <h2> X <\/h2>\r\n       <ul>\r\n             <\/ul>\r\n    <\/div>\r\n        <div class=\"item\">\r\n       <h2> Oui <\/h2>\r\n       <ul>\r\n             <\/ul>\r\n    <\/div>\r\n        <div class=\"item\">\r\n       <h2> Z <\/h2>\r\n       <ul>\r\n             <\/ul>\r\n    <\/div>\r\n    <\/div><\/div>\n\t\t\t\t\t\t<\/div>\n\t\t\t\t<\/div>\n\t\t\t\t\t<\/div>\n\t\t\t\t<\/div>\n\t\t\t\t<\/div>","protected":false},"excerpt":{"rendered":"<p>Accueil \/ Communaut\u00e9 \/ Blog TOUS les articles de blog \u00c9crire un article de blog<\/p>","protected":false},"author":1,"featured_media":0,"parent":0,"menu_order":0,"comment_status":"closed","ping_status":"closed","template":"elementor_header_footer","meta":{"footnotes":""},"class_list":["post-6346","page","type-page","status-publish","hentry"],"yoast_head":"<!-- This site is optimized with the Yoast SEO Premium plugin v26.5 (Yoast SEO v26.7) - https:\/\/yoast.com\/wordpress\/plugins\/seo\/ -->\n<title>More Tag - 1edo blogs<\/title>\n<meta name=\"description\" content=\"1edo blogs, More tag collections to help users query based on keywords\" \/>\n<meta name=\"robots\" content=\"index, follow, max-snippet:-1, max-image-preview:large, max-video-preview:-1\" \/>\n<link rel=\"canonical\" href=\"https:\/\/blogscdn.1edo.com\/tr\/daha-fazla-etiket\/\" \/>\n<meta property=\"og:locale\" content=\"fr_FR\" \/>\n<meta property=\"og:type\" content=\"article\" \/>\n<meta property=\"og:title\" content=\"More Tag\" \/>\n<meta property=\"og:description\" content=\"1edo blogs, More tag collections to help users query based on keywords\" \/>\n<meta property=\"og:url\" content=\"https:\/\/blogscdn.1edo.com\/tr\/daha-fazla-etiket\/\" \/>\n<meta property=\"og:site_name\" content=\"1edo blogs\" \/>\n<meta property=\"article:modified_time\" content=\"2024-06-04T07:16:42+00:00\" \/>\n<meta name=\"twitter:card\" content=\"summary_large_image\" \/>\n<meta name=\"twitter:label1\" content=\"Dur\u00e9e de lecture est.\" \/>\n\t<meta name=\"twitter:data1\" content=\"1 minute\" \/>\n<script type=\"application\/ld+json\" class=\"yoast-schema-graph\">{\"@context\":\"https:\/\/schema.org\",\"@graph\":[{\"@type\":\"WebPage\",\"@id\":\"https:\/\/blogscdn.1edo.com\/tr\/daha-fazla-etiket\/\",\"url\":\"https:\/\/blogscdn.1edo.com\/tr\/daha-fazla-etiket\/\",\"name\":\"More Tag - 1edo blogs\",\"isPartOf\":{\"@id\":\"https:\/\/blogscdn.1edo.com\/#website\"},\"datePublished\":\"2024-01-25T00:50:14+00:00\",\"dateModified\":\"2024-06-04T07:16:42+00:00\",\"description\":\"1edo blogs, More tag collections to help users query based on keywords\",\"breadcrumb\":{\"@id\":\"https:\/\/blogscdn.1edo.com\/tr\/daha-fazla-etiket\/#breadcrumb\"},\"inLanguage\":\"fr-BE\",\"potentialAction\":[{\"@type\":\"ReadAction\",\"target\":[\"https:\/\/blogscdn.1edo.com\/tr\/daha-fazla-etiket\/\"]}]},{\"@type\":\"BreadcrumbList\",\"@id\":\"https:\/\/blogscdn.1edo.com\/tr\/daha-fazla-etiket\/#breadcrumb\",\"itemListElement\":[{\"@type\":\"ListItem\",\"position\":1,\"name\":\"Home\",\"item\":\"https:\/\/blogscdn.1edo.com\/\"},{\"@type\":\"ListItem\",\"position\":2,\"name\":\"More Tag\"}]},{\"@type\":\"WebSite\",\"@id\":\"https:\/\/blogscdn.1edo.com\/#website\",\"url\":\"https:\/\/blogscdn.1edo.com\/\",\"name\":\"1edo blogs\",\"description\":\"1edo blogs\",\"potentialAction\":[{\"@type\":\"SearchAction\",\"target\":{\"@type\":\"EntryPoint\",\"urlTemplate\":\"https:\/\/blogscdn.1edo.com\/?s={search_term_string}\"},\"query-input\":{\"@type\":\"PropertyValueSpecification\",\"valueRequired\":true,\"valueName\":\"search_term_string\"}}],\"inLanguage\":\"fr-BE\"}]}<\/script>\n<!-- \/ Yoast SEO Premium plugin. -->","yoast_head_json":{"title":"Plus de balises - 1edo blogs","description":"1edo blogs, More tag collections to help users query based on keywords","robots":{"index":"index","follow":"follow","max-snippet":"max-snippet:-1","max-image-preview":"max-image-preview:large","max-video-preview":"max-video-preview:-1"},"canonical":"https:\/\/blogscdn.1edo.com\/tr\/daha-fazla-etiket\/","og_locale":"fr_FR","og_type":"article","og_title":"More Tag","og_description":"1edo blogs, More tag collections to help users query based on keywords","og_url":"https:\/\/blogscdn.1edo.com\/tr\/daha-fazla-etiket\/","og_site_name":"1edo blogs","article_modified_time":"2024-06-04T07:16:42+00:00","twitter_card":"summary_large_image","twitter_misc":{"Dur\u00e9e de lecture est.":"1 minute"},"schema":{"@context":"https:\/\/schema.org","@graph":[{"@type":"WebPage","@id":"https:\/\/blogscdn.1edo.com\/tr\/daha-fazla-etiket\/","url":"https:\/\/blogscdn.1edo.com\/tr\/daha-fazla-etiket\/","name":"Plus de balises - 1edo blogs","isPartOf":{"@id":"https:\/\/blogscdn.1edo.com\/#website"},"datePublished":"2024-01-25T00:50:14+00:00","dateModified":"2024-06-04T07:16:42+00:00","description":"1edo blogs, More tag collections to help users query based on keywords","breadcrumb":{"@id":"https:\/\/blogscdn.1edo.com\/tr\/daha-fazla-etiket\/#breadcrumb"},"inLanguage":"fr-BE","potentialAction":[{"@type":"ReadAction","target":["https:\/\/blogscdn.1edo.com\/tr\/daha-fazla-etiket\/"]}]},{"@type":"BreadcrumbList","@id":"https:\/\/blogscdn.1edo.com\/tr\/daha-fazla-etiket\/#breadcrumb","itemListElement":[{"@type":"ListItem","position":1,"name":"Home","item":"https:\/\/blogscdn.1edo.com\/"},{"@type":"ListItem","position":2,"name":"More Tag"}]},{"@type":"WebSite","@id":"https:\/\/blogscdn.1edo.com\/#website","url":"https:\/\/blogscdn.1edo.com\/","name":"blogs 1edo","description":"blogs 1edo","potentialAction":[{"@type":"SearchAction","target":{"@type":"EntryPoint","urlTemplate":"https:\/\/blogscdn.1edo.com\/?s={search_term_string}"},"query-input":{"@type":"PropertyValueSpecification","valueRequired":true,"valueName":"search_term_string"}}],"inLanguage":"fr-BE"}]}},"_links":{"self":[{"href":"https:\/\/blogs.1edo.com\/be-fr\/wp-json\/wp\/v2\/pages\/6346","targetHints":{"allow":["GET"]}}],"collection":[{"href":"https:\/\/blogs.1edo.com\/be-fr\/wp-json\/wp\/v2\/pages"}],"about":[{"href":"https:\/\/blogs.1edo.com\/be-fr\/wp-json\/wp\/v2\/types\/page"}],"author":[{"embeddable":true,"href":"https:\/\/blogs.1edo.com\/be-fr\/wp-json\/wp\/v2\/users\/1"}],"replies":[{"embeddable":true,"href":"https:\/\/blogs.1edo.com\/be-fr\/wp-json\/wp\/v2\/comments?post=6346"}],"version-history":[{"count":27,"href":"https:\/\/blogs.1edo.com\/be-fr\/wp-json\/wp\/v2\/pages\/6346\/revisions"}],"predecessor-version":[{"id":6990,"href":"https:\/\/blogs.1edo.com\/be-fr\/wp-json\/wp\/v2\/pages\/6346\/revisions\/6990"}],"wp:attachment":[{"href":"https:\/\/blogs.1edo.com\/be-fr\/wp-json\/wp\/v2\/media?parent=6346"}],"curies":[{"name":"wp","href":"https:\/\/api.w.org\/{rel}","templated":true}]}}