

{"id":3774,"date":"2023-11-06T02:16:35","date_gmt":"2023-11-06T02:16:35","guid":{"rendered":"https:\/\/blogs.1edo.com\/?page_id=3774"},"modified":"2024-05-31T00:24:15","modified_gmt":"2024-05-31T00:24:15","slug":"enviar-correo","status":"publish","type":"page","link":"https:\/\/blogs.1edo.com\/ar\/enviar-correo\/","title":{"rendered":"Enviar correo"},"content":{"rendered":"<div data-elementor-type=\"wp-page\" data-elementor-id=\"3774\" class=\"elementor elementor-3774\" data-elementor-post-type=\"page\">\n\t\t\t\t<div class=\"elementor-element elementor-element-7ef5f0e e-flex e-con-boxed e-con e-parent\" data-id=\"7ef5f0e\" data-element_type=\"container\" data-settings=\"{&quot;background_background&quot;:&quot;classic&quot;}\">\n\t\t\t\t\t<div class=\"e-con-inner\">\n\t\t<div class=\"elementor-element elementor-element-3f2a5ca e-flex e-con-boxed e-con e-child\" data-id=\"3f2a5ca\" data-element_type=\"container\" data-settings=\"{&quot;background_background&quot;:&quot;classic&quot;}\">\n\t\t\t\t\t<div class=\"e-con-inner\">\n\t\t\t\t\t<\/div>\n\t\t\t\t<\/div>\n\t\t\t\t<div class=\"elementor-element elementor-element-395a3ef elementor-widget elementor-widget-heading\" data-id=\"395a3ef\" data-element_type=\"widget\" data-widget_type=\"heading.default\">\n\t\t\t\t<div class=\"elementor-widget-container\">\n\t\t\t\t\t<h1 class=\"elementor-heading-title elementor-size-default\">VERIFIQUE SU DIRECCI\u00d3N DE CORREO ELECTR\u00d3NICO<\/h1>\t\t\t\t<\/div>\n\t\t\t\t<\/div>\n\t\t\t\t<div class=\"elementor-element elementor-element-2e1d805 elementor-widget__width-initial elementor-widget elementor-widget-heading\" data-id=\"2e1d805\" data-element_type=\"widget\" data-widget_type=\"heading.default\">\n\t\t\t\t<div class=\"elementor-widget-container\">\n\t\t\t\t\t<h5 class=\"elementor-heading-title elementor-size-default\">Hemos enviado el correo electr\u00f3nico a tu bandeja de entrada. Por favor verifique su direcci\u00f3n de correo electr\u00f3nico para que podamos confirmar su identidad.<\/h5>\t\t\t\t<\/div>\n\t\t\t\t<\/div>\n\t\t<div class=\"elementor-element elementor-element-11a9540 e-flex e-con-boxed e-con e-child\" data-id=\"11a9540\" data-element_type=\"container\" data-settings=\"{&quot;background_background&quot;:&quot;classic&quot;}\">\n\t\t\t\t\t<div class=\"e-con-inner\">\n\t\t\t\t<div class=\"elementor-element elementor-element-c07501f elementor-align-center elementor-widget__width-initial elementor-widget elementor-widget-button\" data-id=\"c07501f\" data-element_type=\"widget\" data-widget_type=\"button.default\">\n\t\t\t\t<div class=\"elementor-widget-container\">\n\t\t\t\t\t\t\t\t\t<div class=\"elementor-button-wrapper\">\n\t\t\t\t\t<a class=\"elementor-button elementor-button-link elementor-size-md\" href=\"?reset-link-sent=true\">\n\t\t\t\t\t\t<span class=\"elementor-button-content-wrapper\">\n\t\t\t\t\t\t\t\t\t<span class=\"elementor-button-text\">REENVIAR EMAIL<\/span>\n\t\t\t\t\t<\/span>\n\t\t\t\t\t<\/a>\n\t\t\t\t<\/div>\n\t\t\t\t\t\t\t\t<\/div>\n\t\t\t\t<\/div>\n\t\t\t\t\t<\/div>\n\t\t\t\t<\/div>\n\t\t\t\t<div class=\"elementor-element elementor-element-6fd7bd7 elementor-widget elementor-widget-heading\" data-id=\"6fd7bd7\" data-element_type=\"widget\" data-widget_type=\"heading.default\">\n\t\t\t\t<div class=\"elementor-widget-container\">\n\t\t\t\t\t<h2 class=\"elementor-heading-title elementor-size-default\">HE VERIFICADO LA DIRECCI\u00d3N DE CORREO ELECTR\u00d3NICO<\/h2>\t\t\t\t<\/div>\n\t\t\t\t<\/div>\n\t\t\t\t<div class=\"elementor-element elementor-element-e812448 elementor-widget elementor-widget-heading\" data-id=\"e812448\" data-element_type=\"widget\" data-widget_type=\"heading.default\">\n\t\t\t\t<div class=\"elementor-widget-container\">\n\t\t\t\t\t<h2 class=\"elementor-heading-title elementor-size-default\">\u00bfNO PUEDES ACCEDER A TU CORREO ELECTR\u00d3NICO?<\/h2>\t\t\t\t<\/div>\n\t\t\t\t<\/div>\n\t\t\t\t\t<\/div>\n\t\t\t\t<\/div>\n\t\t<div class=\"elementor-element elementor-element-3a18906 e-flex e-con-boxed e-con e-parent\" data-id=\"3a18906\" data-element_type=\"container\">\n\t\t\t\t\t<div class=\"e-con-inner\">\n\t\t\t\t\t<\/div>\n\t\t\t\t<\/div>\n\t\t\t\t<\/div>","protected":false},"excerpt":{"rendered":"<p>VERIFICA TU DIRECCI\u00d3N DE CORREO ELECTR\u00d3NICO Hemos enviado el correo electr\u00f3nico a tu bandeja de entrada. Verifique su direcci\u00f3n de correo electr\u00f3nico para que podamos confirmar su identidad REENVIAR EL CORREO ELECTR\u00d3NICO HE VERIFICADO LA DIRECCI\u00d3N DE CORREO ELECTR\u00d3NICO \u00bfNO PUEDE ACCEDER A SU CORREO ELECTR\u00d3NICO?<\/p>","protected":false},"author":1,"featured_media":0,"parent":0,"menu_order":0,"comment_status":"closed","ping_status":"closed","template":"elementor_header_footer","meta":{"footnotes":""},"class_list":["post-3774","page","type-page","status-publish","hentry"],"yoast_head":"<!-- This site is optimized with the Yoast SEO Premium plugin v26.5 (Yoast SEO v26.7) - https:\/\/yoast.com\/wordpress\/plugins\/seo\/ -->\n<title>Send Mail - 1edo blogs<\/title>\n<meta name=\"description\" content=\"VERIFY YOUR EMAIL ADDRESSWe have sent the email to your inbox. Please verify your email address so that we can confirm your identityRESEND EMAIL\" \/>\n<meta name=\"robots\" content=\"index, follow, max-snippet:-1, max-image-preview:large, max-video-preview:-1\" \/>\n<link rel=\"canonical\" href=\"https:\/\/blogscdn.1edo.com\/vn\/gui-thu\/\" \/>\n<meta property=\"og:locale\" content=\"es_ES\" \/>\n<meta property=\"og:type\" content=\"article\" \/>\n<meta property=\"og:title\" content=\"Send Mail\" \/>\n<meta property=\"og:description\" content=\"VERIFY YOUR EMAIL ADDRESSWe have sent the email to your inbox. Please verify your email address so that we can confirm your identityRESEND EMAIL\" \/>\n<meta property=\"og:url\" content=\"https:\/\/blogscdn.1edo.com\/vn\/gui-thu\/\" \/>\n<meta property=\"og:site_name\" content=\"1edo blogs\" \/>\n<meta property=\"article:modified_time\" content=\"2024-05-31T00:24:15+00:00\" \/>\n<meta name=\"twitter:card\" content=\"summary_large_image\" \/>\n<meta name=\"twitter:label1\" content=\"Tiempo de lectura\" \/>\n\t<meta name=\"twitter:data1\" content=\"1 minuto\" \/>\n<script type=\"application\/ld+json\" class=\"yoast-schema-graph\">{\"@context\":\"https:\/\/schema.org\",\"@graph\":[{\"@type\":\"WebPage\",\"@id\":\"https:\/\/blogscdn.1edo.com\/vn\/gui-thu\/\",\"url\":\"https:\/\/blogscdn.1edo.com\/vn\/gui-thu\/\",\"name\":\"Send Mail - 1edo blogs\",\"isPartOf\":{\"@id\":\"https:\/\/blogscdn.1edo.com\/#website\"},\"datePublished\":\"2023-11-06T02:16:35+00:00\",\"dateModified\":\"2024-05-31T00:24:15+00:00\",\"description\":\"VERIFY YOUR EMAIL ADDRESSWe have sent the email to your inbox. Please verify your email address so that we can confirm your identityRESEND EMAIL\",\"breadcrumb\":{\"@id\":\"https:\/\/blogscdn.1edo.com\/vn\/gui-thu\/#breadcrumb\"},\"inLanguage\":\"es-AR\",\"potentialAction\":[{\"@type\":\"ReadAction\",\"target\":[\"https:\/\/blogscdn.1edo.com\/vn\/gui-thu\/\"]}]},{\"@type\":\"BreadcrumbList\",\"@id\":\"https:\/\/blogscdn.1edo.com\/vn\/gui-thu\/#breadcrumb\",\"itemListElement\":[{\"@type\":\"ListItem\",\"position\":1,\"name\":\"Home\",\"item\":\"https:\/\/blogscdn.1edo.com\/\"},{\"@type\":\"ListItem\",\"position\":2,\"name\":\"Send Mail\"}]},{\"@type\":\"WebSite\",\"@id\":\"https:\/\/blogscdn.1edo.com\/#website\",\"url\":\"https:\/\/blogscdn.1edo.com\/\",\"name\":\"1edo blogs\",\"description\":\"1edo blogs\",\"potentialAction\":[{\"@type\":\"SearchAction\",\"target\":{\"@type\":\"EntryPoint\",\"urlTemplate\":\"https:\/\/blogscdn.1edo.com\/?s={search_term_string}\"},\"query-input\":{\"@type\":\"PropertyValueSpecification\",\"valueRequired\":true,\"valueName\":\"search_term_string\"}}],\"inLanguage\":\"es-AR\"}]}<\/script>\n<!-- \/ Yoast SEO Premium plugin. -->","yoast_head_json":{"title":"Enviar correo - blogs 1edo","description":"VERIFY YOUR EMAIL ADDRESSWe have sent the email to your inbox. Please verify your email address so that we can confirm your identityRESEND EMAIL","robots":{"index":"index","follow":"follow","max-snippet":"max-snippet:-1","max-image-preview":"max-image-preview:large","max-video-preview":"max-video-preview:-1"},"canonical":"https:\/\/blogscdn.1edo.com\/vn\/gui-thu\/","og_locale":"es_ES","og_type":"article","og_title":"Send Mail","og_description":"VERIFY YOUR EMAIL ADDRESSWe have sent the email to your inbox. Please verify your email address so that we can confirm your identityRESEND EMAIL","og_url":"https:\/\/blogscdn.1edo.com\/vn\/gui-thu\/","og_site_name":"1edo blogs","article_modified_time":"2024-05-31T00:24:15+00:00","twitter_card":"summary_large_image","twitter_misc":{"Tiempo de lectura":"1 minuto"},"schema":{"@context":"https:\/\/schema.org","@graph":[{"@type":"WebPage","@id":"https:\/\/blogscdn.1edo.com\/vn\/gui-thu\/","url":"https:\/\/blogscdn.1edo.com\/vn\/gui-thu\/","name":"Enviar correo - blogs 1edo","isPartOf":{"@id":"https:\/\/blogscdn.1edo.com\/#website"},"datePublished":"2023-11-06T02:16:35+00:00","dateModified":"2024-05-31T00:24:15+00:00","description":"VERIFY YOUR EMAIL ADDRESSWe have sent the email to your inbox. Please verify your email address so that we can confirm your identityRESEND EMAIL","breadcrumb":{"@id":"https:\/\/blogscdn.1edo.com\/vn\/gui-thu\/#breadcrumb"},"inLanguage":"es-AR","potentialAction":[{"@type":"ReadAction","target":["https:\/\/blogscdn.1edo.com\/vn\/gui-thu\/"]}]},{"@type":"BreadcrumbList","@id":"https:\/\/blogscdn.1edo.com\/vn\/gui-thu\/#breadcrumb","itemListElement":[{"@type":"ListItem","position":1,"name":"Home","item":"https:\/\/blogscdn.1edo.com\/"},{"@type":"ListItem","position":2,"name":"Send Mail"}]},{"@type":"WebSite","@id":"https:\/\/blogscdn.1edo.com\/#website","url":"https:\/\/blogscdn.1edo.com\/","name":"blogs 1edo","description":"blogs 1edo","potentialAction":[{"@type":"SearchAction","target":{"@type":"EntryPoint","urlTemplate":"https:\/\/blogscdn.1edo.com\/?s={search_term_string}"},"query-input":{"@type":"PropertyValueSpecification","valueRequired":true,"valueName":"search_term_string"}}],"inLanguage":"es-AR"}]}},"_links":{"self":[{"href":"https:\/\/blogs.1edo.com\/ar\/wp-json\/wp\/v2\/pages\/3774","targetHints":{"allow":["GET"]}}],"collection":[{"href":"https:\/\/blogs.1edo.com\/ar\/wp-json\/wp\/v2\/pages"}],"about":[{"href":"https:\/\/blogs.1edo.com\/ar\/wp-json\/wp\/v2\/types\/page"}],"author":[{"embeddable":true,"href":"https:\/\/blogs.1edo.com\/ar\/wp-json\/wp\/v2\/users\/1"}],"replies":[{"embeddable":true,"href":"https:\/\/blogs.1edo.com\/ar\/wp-json\/wp\/v2\/comments?post=3774"}],"version-history":[{"count":17,"href":"https:\/\/blogs.1edo.com\/ar\/wp-json\/wp\/v2\/pages\/3774\/revisions"}],"predecessor-version":[{"id":6863,"href":"https:\/\/blogs.1edo.com\/ar\/wp-json\/wp\/v2\/pages\/3774\/revisions\/6863"}],"wp:attachment":[{"href":"https:\/\/blogs.1edo.com\/ar\/wp-json\/wp\/v2\/media?parent=3774"}],"curies":[{"name":"wp","href":"https:\/\/api.w.org\/{rel}","templated":true}]}}